{"id":8530,"date":"2019-03-27T10:06:33","date_gmt":"2019-03-27T10:06:33","guid":{"rendered":"https:\/\/fonollosaturisme.cat\/conoce-camps\/"},"modified":"2019-03-27T10:06:33","modified_gmt":"2019-03-27T10:06:33","slug":"conoce-camps","status":"publish","type":"page","link":"https:\/\/fonollosaturisme.cat\/es\/conoce-camps\/","title":{"rendered":"Conoce Camps"},"content":{"rendered":"<p><strong>Camps<\/strong>\u00a0est\u00e1 formado por la iglesia parroquial, algunas casas, las antiguas escuelas y el local de la Asociaci\u00f3n Cultural de Vecinos de Camps.\u00a0El n\u00facleo del pueblo est\u00e1 situado en la parte norte del t\u00e9rmino de Fonollosa, a unos 600 metros de altitud. Camps limita al norte con la sierra de Castelltallat\u00a0y al sur con la riera de la Vall. Destaca la excelente vista sobre el Pla de Bages\u00a0y los relieves circundantes, especialmente de la sierra de Montserrat que se levanta cerca de mediod\u00eda.<\/p>\n<p>Muy pocas personas residen en su n\u00facleo. La mayor\u00eda de habitantes (cerca de un centenar) viven dispersados en casas y mas\u00edas que, a menudo, forman peque\u00f1os rabales. Los d\u00edas festivos y en \u00e9poca de vacaciones, la poblaci\u00f3n aumenta considerablemente.<\/p>\n<p>La vegetaci\u00f3n predominante son encinares y pinares.<\/p>\n<p>Saliendo del pueblo de Camps en direcci\u00f3n a levante, pasado el cementerio, destacan las <strong>sepulturas de Sant Esteve de Camps o tumbas de Camps <\/strong>(ver foto superior). Se encuentran a pocos metros de los restos de la iglesiola de Sant Esteve, cerca de una barraca de piedra seca. Consisten en tres tumbas excavadas en la roca, con unas longitudes que oscilan entre 1,80m y 1,90m, unos 40cm de ancho y unos 25cm de profundidad. Est\u00e1n orientadas en direcci\u00f3n este, a pesar de que alguna ha sufrido alg\u00fan desprendimiento.<\/p>\n<p>Si quer\u00e9is conocer m\u00e1s sobre el patrimonio material y inmaterial de Camps, os recomendamos visitar los apartados \u201cPatrimonio de inter\u00e9s\u201d, \u201cFerias y fiestas\u201d y \u201cGente, historias y leyendas\u201d.<\/p>\n<p>C\u00f3mo llegar al pueblo de Camps:<\/p>\n<p>Por la carretera de 2,5 km que sale del Raval del Pais\u00e0 de Fonollosa, situado en el km 13 de la antigua carretera de Manresa a Calaf\u00a0y a unos 13 km de la salida 123 del eix transversal (C-25). Tambi\u00e9n est\u00e1 bien comunicado con Fonollosa\u00a0a trav\u00e9s del camino vecinal del Raval de la Pocafarina que se coge por detr\u00e1s de la antigua f\u00e1brica textil.<\/p>\n<p><a href=\"https:\/\/www.google.ca\/maps\/place\/08259+Camps,+Barcelona,+Espa%C3%B1a\/@41.7775364,1.6836234,18z\/data=!3m1!4b1!4m5!3m4!1s0x12a4502542d7afd5:0xae520218168170c4!8m2!3d41.7774143!4d1.6844212\" target=\"_blank\" rel=\"noopener\">pl\u00e0nold\u2019acc\u00e9s a Camps<\/a><\/p>\n","protected":false},"excerpt":{"rendered":"<p>Camps\u00a0est\u00e1 formado por la iglesia parroquial, algunas casas, las antiguas escuelas y el local de la Asociaci\u00f3n Cultural de Vecinos de Camps.\u00a0El n\u00facleo del pueblo est\u00e1 situado en la parte norte del t\u00e9rmino de Fonollosa, a unos 600 metros de altitud. Camps limita al norte con la sierra de Castelltallat\u00a0y al sur con la riera&#8230;<\/p>\n","protected":false},"author":1,"featured_media":0,"parent":0,"menu_order":0,"comment_status":"closed","ping_status":"closed","template":"","meta":{"_acf_changed":false,"footnotes":""},"class_list":["post-8530","page","type-page","status-publish","hentry"],"acf":[],"_links":{"self":[{"href":"https:\/\/fonollosaturisme.cat\/es\/wp-json\/wp\/v2\/pages\/8530","targetHints":{"allow":["GET"]}}],"collection":[{"href":"https:\/\/fonollosaturisme.cat\/es\/wp-json\/wp\/v2\/pages"}],"about":[{"href":"https:\/\/fonollosaturisme.cat\/es\/wp-json\/wp\/v2\/types\/page"}],"author":[{"embeddable":true,"href":"https:\/\/fonollosaturisme.cat\/es\/wp-json\/wp\/v2\/users\/1"}],"replies":[{"embeddable":true,"href":"https:\/\/fonollosaturisme.cat\/es\/wp-json\/wp\/v2\/comments?post=8530"}],"version-history":[{"count":0,"href":"https:\/\/fonollosaturisme.cat\/es\/wp-json\/wp\/v2\/pages\/8530\/revisions"}],"wp:attachment":[{"href":"https:\/\/fonollosaturisme.cat\/es\/wp-json\/wp\/v2\/media?parent=8530"}],"curies":[{"name":"wp","href":"https:\/\/api.w.org\/{rel}","templated":true}]}}