{"id":8531,"date":"2019-03-27T10:13:08","date_gmt":"2019-03-27T10:13:08","guid":{"rendered":"https:\/\/fonollosaturisme.cat\/conoce-canet-de-fals\/"},"modified":"2019-03-27T10:13:08","modified_gmt":"2019-03-27T10:13:08","slug":"conoce-canet-de-fals","status":"publish","type":"page","link":"https:\/\/fonollosaturisme.cat\/es\/conoce-canet-de-fals\/","title":{"rendered":"Conoce Canet de Fals"},"content":{"rendered":"<p><strong>Canet de Fals<\/strong>\u00a0(ver la <strong>Plaza de la Vila<\/strong> en la foto superior) es un n\u00facleo de poblaci\u00f3n en la zona oriental del municipio, en el t\u00e9rmino de Fals, cercano a Sant Joan de Vilatorrada. Naci\u00f3 durante los a\u00f1os 70 del siglo XX como viviendas de segunda residencia, pero cada vez tiene m\u00e1s entidad y la gente vive all\u00ed de manera permanente. El nombre de Canet viene del promotor de este n\u00facleo, Llu\u00eds Canet Foix.<\/p>\n<p>La piscina municipal est\u00e1 situada en Canet de Fals, donde hay otras instalaciones deportivas como campo de futbol, pista de tenis, pista de b\u00e1squet, pista de v\u00f3ley playa, fulbito y pista de petanca.<\/p>\n<p>Dentro de Canet de Fals destaca, por su importancia patrimonial y hist\u00f3rica, la <a href=\"http:\/\/www.canjoan.cat\" target=\"_blank\" rel=\"noopener\"><strong>Masia de Canet-antiga Masia Can Joan<\/strong><\/a>, que alberga un restaurante de renombre en la zona. Est\u00e1 situada en un entorno natural incomparable, en un lugar tranquilo para poder disfrutar de grandes espacios para los m\u00e1s peque\u00f1os.<\/p>\n<p>Podr\u00e9is probar desde la cocina tradicional catalana de \u201cpay\u00e9s\u201d hasta la modernidad de platos creados a partir de su experiencia, guisados tradicionales, una brasa de alta calidad y la especialidad en la elecci\u00f3n de platos para su banquete.<\/p>\n<p>C\u00f3mo llegar a Canet de Fals:<\/p>\n<p>\u2013 Por el Eix Transversal\u00a0(C-25):<\/p>\n<p>Viniendo de direcci\u00f3n Calaf, salida 114 \u2013 Viniendo de direcci\u00f3n Manresa, salida 123. Enlace con la carretera BV-3012 y, posteriormente, con la BV- 3008 (antigua carretera de Calaf a Sant Joan de Vilatorrada).<\/p>\n<p>Por la BV-3008, desde Sant Joan de Vilatorrada.<\/p>\n<p><a href=\"https:\/\/www.google.ca\/maps\/place\/08259+Canet+de+Fals,+Barcelona,+Espa%C3%B1a\/@41.7597594,1.7326946,15z\/data=!3m1!4b1!4m5!3m4!1s0x12a450bb01255755:0x3a2359d053e98a2b!8m2!3d41.7611936!4d1.7404977\" target=\"_blank\" rel=\"noopener\">pl\u00e0nol d\u2019acc\u00e9s a Canet de Fals<\/a><\/p>\n","protected":false},"excerpt":{"rendered":"<p>Canet de Fals\u00a0(ver la Plaza de la Vila en la foto superior) es un n\u00facleo de poblaci\u00f3n en la zona oriental del municipio, en el t\u00e9rmino de Fals, cercano a Sant Joan de Vilatorrada. Naci\u00f3 durante los a\u00f1os 70 del siglo XX como viviendas de segunda residencia, pero cada vez tiene m\u00e1s entidad y la&#8230;<\/p>\n","protected":false},"author":1,"featured_media":0,"parent":0,"menu_order":0,"comment_status":"closed","ping_status":"closed","template":"","meta":{"_acf_changed":false,"footnotes":""},"class_list":["post-8531","page","type-page","status-publish","hentry"],"acf":[],"_links":{"self":[{"href":"https:\/\/fonollosaturisme.cat\/es\/wp-json\/wp\/v2\/pages\/8531","targetHints":{"allow":["GET"]}}],"collection":[{"href":"https:\/\/fonollosaturisme.cat\/es\/wp-json\/wp\/v2\/pages"}],"about":[{"href":"https:\/\/fonollosaturisme.cat\/es\/wp-json\/wp\/v2\/types\/page"}],"author":[{"embeddable":true,"href":"https:\/\/fonollosaturisme.cat\/es\/wp-json\/wp\/v2\/users\/1"}],"replies":[{"embeddable":true,"href":"https:\/\/fonollosaturisme.cat\/es\/wp-json\/wp\/v2\/comments?post=8531"}],"version-history":[{"count":0,"href":"https:\/\/fonollosaturisme.cat\/es\/wp-json\/wp\/v2\/pages\/8531\/revisions"}],"wp:attachment":[{"href":"https:\/\/fonollosaturisme.cat\/es\/wp-json\/wp\/v2\/media?parent=8531"}],"curies":[{"name":"wp","href":"https:\/\/api.w.org\/{rel}","templated":true}]}}