{"id":8532,"date":"2019-03-27T11:05:36","date_gmt":"2019-03-27T11:05:36","guid":{"rendered":"https:\/\/fonollosaturisme.cat\/aviso-legal\/"},"modified":"2019-03-27T11:05:36","modified_gmt":"2019-03-27T11:05:36","slug":"aviso-legal","status":"publish","type":"page","link":"https:\/\/fonollosaturisme.cat\/es\/aviso-legal\/","title":{"rendered":"Aviso legal"},"content":{"rendered":"<p>El Ayuntamiento de Fonollosa mantiene este portal web con el objetivo de facilitar el acceso a informaci\u00f3n institucional actualizada y exacta.Trataremos de corregir los errores que se nos indiquen con la m\u00e1xima celeridad posible. No obstante el Ayuntamiento de Fonollosa no puede garantizar la inexistencia de errores ni que el contenido de la informaci\u00f3n se encuentre permanentemente actualizada.<\/p>\n<p>Con conformidad a lo establecido a las leyes 15\/1999, 34\/2002, 37\/2007 se informa de lo siguiente:<\/p>\n<p class=\"p4\"><span class=\"s2\">&#8211;\u00a0<a href=\"https:\/\/www.fonollosa.cat\/altres-continguts\/avis-legal\/#titular\" target=\"_blank\" rel=\"noopener\"><span class=\"s3\">Titularitat de la p\u00e0gina web<\/span><\/a><\/span><\/p>\n<p class=\"p4\"><span class=\"s2\">&#8211;\u00a0<a href=\"https:\/\/www.fonollosa.cat\/altres-continguts\/avis-legal\/#continguts\" target=\"_blank\" rel=\"noopener\"><span class=\"s3\">Reproducci\u00f3 de continguts propis<\/span><\/a><\/span><\/p>\n<p class=\"p4\"><span class=\"s2\">&#8211;\u00a0<a href=\"https:\/\/www.fonollosa.cat\/altres-continguts\/avis-legal\/#links\" target=\"_blank\" rel=\"noopener\"><span class=\"s3\">Refer\u00e8ncies i enlla\u00e7os a webs d\u2019altres organitzacions<\/span><\/a><\/span><\/p>\n<p class=\"p4\"><span class=\"s2\">&#8211;\u00a0<a href=\"https:\/\/www.fonollosa.cat\/altres-continguts\/avis-legal\/#cookies\" target=\"_blank\" rel=\"noopener\"><span class=\"s3\">Advertiment sobre la utilitzaci\u00f3 de galetes (cookies)<\/span><\/a><\/span><\/p>\n<p class=\"p6\"><span class=\"s1\"><b>Titularidad de la p\u00e1gina web<\/b><\/span><\/p>\n<p class=\"p3\"><span class=\"s1\">&#8211; Dominio: www.fonollosaturisme.cat<\/span><\/p>\n<p class=\"p3\"><span class=\"s1\">&#8211; Titular: Ajuntament de Fonollosa<\/span><\/p>\n<p class=\"p3\"><span class=\"s1\">&#8211; Direcci\u00f3n: Carrer de l&#8217;Esgl\u00e9sia, s\/n 08259 | Ajuntament de Fonollosa<\/span><\/p>\n<p class=\"p3\"><span class=\"s1\">&#8211; Tel\u00e9fono: 93 836 60 05<\/span><\/p>\n<p class=\"p3\"><span class=\"s1\">&#8211; Fax: 93 836 60 05<\/span><\/p>\n<p class=\"p3\"><span class=\"s1\">&#8211; Correo electr\u00f3nico:\u00a0\u00a0<a href=\"mailto:fonollosa@fonollosa.cat\"><span class=\"s4\">fonollosa@fonollosa.cat<\/span><\/a><\/span><\/p>\n<p class=\"p4\"><span class=\"s2\">&#8211; C.I.F.: P0808300H<br \/>\n<a href=\"mailto:%20fonollosa@fonollosa.cat\"><span class=\"s3\"><b>fonollosa@fonollosa.cat<\/b><\/span><\/a><\/span><\/p>\n<p class=\"p3\"><span class=\"s1\">&#8211; Datos de registro: Registro de entes locales de la Generalitat de Catalunya<\/span><\/p>\n<p class=\"p6\"><span class=\"s1\"><b>Reproducci\u00f3n de contenidos propios<\/b><\/span><\/p>\n<p class=\"p3\"><span class=\"s1\">La\u00a0<a href=\"http:\/\/www.boe.es\/boe_catalan\/dias\/2007\/11\/30\/pdfs\/A04905-04909.pdf\" target=\"_blank\" rel=\"noopener\"><span class=\"s4\">Llei 37\/2007, de 16 de novembre, sobre reutilitzaci\u00f3 de la informaci\u00f3 del sector p\u00fablic\u00a0<\/span><\/a>, que transpone la<a href=\"http:\/\/eur-lex.europa.eu\/LexUriServ\/LexUriServ.do?uri=CELEX:32003L0098:ES:HTML\" target=\"_blank\" rel=\"noopener\"><span class=\"s4\">Directiva 2003\/98\/CE del Parlament Europeu i del Consell\u00a0<\/span><\/a>, regula la reutilitzaci\u00f3n de la informaci\u00f3n p\u00fablica de que disponen las administraciones y organismos en que participan mayoritariamente, es decir, el derecho de todos los agentes potenciales del mercado a la reutilitzaci\u00f3n de la informaci\u00f3n de las instancias p\u00fablicas. De acuerdo con esta normativa, la Administraci\u00f3n permite la reproducci\u00f3n, la distribuci\u00f3n y la comunicaci\u00f3n p\u00fablica de la obra y adem\u00e1s, la transformaci\u00f3n de la obra para hacer obras derivadas, siempre que no se contradiga con la licencia o aviso que pueda tener una obra y que es la que prevale.<\/span><\/p>\n<p class=\"p3\"><span class=\"s1\">Para reutilitzar la informaci\u00f3n, hay que seguir las condiciones siguientes:<\/span><\/p>\n<p class=\"p3\"><span class=\"s1\">\u2022 a) No desnaturalizar el sentido de la informaci\u00f3n.<\/span><\/p>\n<p class=\"p3\"><span class=\"s1\">\u2022 b) Citar siempre la fuente de la informaci\u00f3n.<\/span><\/p>\n<p class=\"p3\"><span class=\"s1\">\u2022 c) Mencionar la fecha de la \u00faltima actualitzaci\u00f3n de la informaci\u00f3n.<\/span><\/p>\n<p class=\"p3\"><span class=\"s1\">Asimismo, la reutilitzaci\u00f3n se puede limitar por la tutela de otros bienes jur\u00eddicos prioritarios, como la protecci\u00f3n de los datos personales, la intimidad o los derechos de protecci\u00f3n intelectual de terceros. La reutilitzaci\u00f3n de obras protegidas por la propiedad intelectual se puede formalizar mediante el uso de licencias de difusi\u00f3n abierta, como las de\u00a0<a href=\"http:\/\/cat.creativecommons.org\/llicencia\/\" target=\"_blank\" rel=\"noopener\"><span class=\"s4\">Creative Commons\u00a0<\/span><\/a>, que ceden determinados derechos de explotaci\u00f3n de las obras. En los contenidos donde se aplique este tipo de licencias, se permite la reutilitzaci\u00f3n en las condiciones que se\u00a0 establezcan.<\/span><\/p>\n<p class=\"p3\"><span class=\"s1\">No se autoriza en ning\u00fan caso el uso de logotipos, marcas, escudos y s\u00edmbolos distintivos del\u00a0 Ayuntamiento de Fonollosa\u00a0en publicaciones y webs que no sean participados o patrocinados por esta instituci\u00f3n. Estos elementos de identidad gr\u00e1fica corporativa son propiedad exclusiva del Ayuntamiento de Fonollosa y est\u00e1n protegidos por la legislaci\u00f3n vigente aplicable.<\/span><\/p>\n<p class=\"p6\"><span class=\"s1\"><b>Referencias y enlaces a webs de otras organizaciones<\/b><\/span><\/p>\n<p class=\"p3\"><span class=\"s1\">Algunas p\u00e1ginas de esta web contienen referencias o enlaces a webs de otras organizaciones. La presencia de estos enlaces tiene una finalidad informativa, no constituyendo en ning\u00fan caso una invitaci\u00f3n a la contrataci\u00f3n de productos o servicios que se ofrezcan en la p\u00e1gina web de destino. El Ayuntamiento de Fonollosa no se responsabiliza ni de la exactitud ni de la actualitzaci\u00f3n de estas webs externas.<\/span><\/p>\n<p class=\"p6\"><span class=\"s1\"><b>Advertencia sobre la utilitzaci\u00f3n de cookies<\/b><\/span><\/p>\n<p class=\"p3\"><span class=\"s1\">Una cookie es un peque\u00f1o archivo de datos que algunos sitios web escriben en su unidad de disco cuando se visita. Un archivo cookie puede contener informaci\u00f3n como la identificaci\u00f3n de usuario y el sitio web lo utiliza para rastrear las p\u00e1ginas que usted ha visitado<\/span>. La \u00fanica informaci\u00f3n personal que una cookie puede contener, es la informaci\u00f3n que usted mismo le proporciona.<\/p>\n<p class=\"p3\"><span class=\"s1\">Una cookie no puede leer datos de su unidad de disco, ni puede ser ejecutada como un c\u00f3digo ni contener virus.<\/span><\/p>\n<p class=\"p3\"><span class=\"s1\">Advertimos que esta p\u00e1gina puede utilizar cookies. El usuario tiene la opci\u00f3n de impedir la generaci\u00f3n de cookies, mediante la selecci\u00f3n de la correspondiente opci\u00f3n en su programa de navegaci\u00f3n.<\/span><\/p>\n","protected":false},"excerpt":{"rendered":"<p>El Ayuntamiento de Fonollosa mantiene este portal web con el objetivo de facilitar el acceso a informaci\u00f3n institucional actualizada y exacta.Trataremos de corregir los errores que se nos indiquen con la m\u00e1xima celeridad posible. No obstante el Ayuntamiento de Fonollosa no puede garantizar la inexistencia de errores ni que el contenido de la informaci\u00f3n se&#8230;<\/p>\n","protected":false},"author":1,"featured_media":0,"parent":0,"menu_order":0,"comment_status":"closed","ping_status":"closed","template":"","meta":{"_acf_changed":false,"footnotes":""},"class_list":["post-8532","page","type-page","status-publish","hentry"],"acf":[],"_links":{"self":[{"href":"https:\/\/fonollosaturisme.cat\/es\/wp-json\/wp\/v2\/pages\/8532","targetHints":{"allow":["GET"]}}],"collection":[{"href":"https:\/\/fonollosaturisme.cat\/es\/wp-json\/wp\/v2\/pages"}],"about":[{"href":"https:\/\/fonollosaturisme.cat\/es\/wp-json\/wp\/v2\/types\/page"}],"author":[{"embeddable":true,"href":"https:\/\/fonollosaturisme.cat\/es\/wp-json\/wp\/v2\/users\/1"}],"replies":[{"embeddable":true,"href":"https:\/\/fonollosaturisme.cat\/es\/wp-json\/wp\/v2\/comments?post=8532"}],"version-history":[{"count":0,"href":"https:\/\/fonollosaturisme.cat\/es\/wp-json\/wp\/v2\/pages\/8532\/revisions"}],"wp:attachment":[{"href":"https:\/\/fonollosaturisme.cat\/es\/wp-json\/wp\/v2\/media?parent=8532"}],"curies":[{"name":"wp","href":"https:\/\/api.w.org\/{rel}","templated":true}]}}