{"id":8533,"date":"2019-03-27T11:16:57","date_gmt":"2019-03-27T11:16:57","guid":{"rendered":"https:\/\/fonollosaturisme.cat\/conoce-fals\/"},"modified":"2019-03-27T11:16:57","modified_gmt":"2019-03-27T11:16:57","slug":"conoce-fals","status":"publish","type":"page","link":"https:\/\/fonollosaturisme.cat\/es\/conoce-fals\/","title":{"rendered":"Conoce Fals"},"content":{"rendered":"<p><strong>Fals<\/strong>\u00a0se sit\u00faa en una gran plana entre las rieras de la Vall y de Rajadell, a 400 m de altitud, en el sur del t\u00e9rmino municipal de Fonollosa. Se extiende desde la sierra de Castelltallat\u00a0a la riera de Rajadell, y desde la cima de Cal Xamal\u00a0hasta tocar el r\u00edo Cardener.<\/p>\n<p>La mitad de la poblaci\u00f3n habita en el n\u00facleo, conocido como el rabal, y la otra mitad en casas diseminadas y rabales. El n\u00facleo antiguo est\u00e1 formado por un peque\u00f1o entramado de calles estrechas y casas construidas a partir de finales del siglo XVIII,\u00a0cerca del cual se ha levantado una zona urbana m\u00e1s moderna que cuenta con una veintena de casas y un n\u00famero parecido de parcelas por edificar. El impacto de la construcci\u00f3n del Eix transversal (a 150 metros del n\u00facleo) y su proximidad a la capital de la comarca, as\u00ed como el mismo crecimiento vegetativo de la poblaci\u00f3n aut\u00f3ctona, comportan la necesidad de ampliar m\u00e1s la zona urbana.<\/p>\n<p>El t\u00e9rmino, originariamente llamado\u00a0<em>Falchs<\/em>, cuenta con uno de los monumentos religiosos y militares m\u00e1s conocidos y vistosos de la comarca, <strong>las Torres de Fals <\/strong>(ver foto superior)<strong>.<\/strong>\u00a0En la vertiente derecha de la riera de Fonollosa, en un lugar estrat\u00e9gico en el antiguo camino real que llevaba de Barcelona a Cardona, encontramos el conjunto monumental formado por las torres del antiguo castillo de Fals, la iglesia de Sant Vicen\u00e7 de Fals, su rector\u00eda y el cementerio.<\/p>\n<p>Las primeras noticias del conjunto datan del a\u00f1o 995, cuando en pleno proceso de repoblaci\u00f3n de las tierras de frontera, el actual territorio del Bages qued\u00f3 definido por un gran \u00a0conjunto de fortificaciones en sus zonas m\u00e1s elevadas que defend\u00edan los nuevos territorios conquistados. Bajo los dominios de los Vizcondes de Cardona, estos pusieron hombres de confianza al frente de los castillos, los castellanos. Del castillo de Fals, el primer castellano conocido fue el caballero Bonfill de Fals, del que tenemos referencia en el a\u00f1o 1018.<\/p>\n<p>Del conjunto defensivo de las Torres de Fals quedan actualmente dos torres. La primera torre, adosada y protegiendo las edificaciones religiosas, se levanta sobre la colina llegando hasta los 19 metros de altura. La segunda torre se levanta 17 metros en un roquedal sobre el Torrent de l\u2019Infern. Ya en el siglo XIX se protegi\u00f3 la torre con el actual muro perimetral que la rodea. La Torre \u201cNueva\u201d se conectaba con la torre \u201cVieja\u201d y el recinto amurallado a trav\u00e9s de un puente elevado sobre el foso.<\/p>\n<p>Si quer\u00e9is conocer m\u00e1s sobre el patrimonio material y inmaterial de Fals, os recomendamos visitar los apartados \u201cPatrimonio de inter\u00e9s\u201d, \u201cFerias y fiestas\u201d y \u201cGente, historias y leyendas\u201d.<\/p>\n<p>C\u00f3mo llegar al pueblo de Fals:<\/p>\n<p>\u2013 Por el <u>Eix Transversal<\/u>\u00a0(C-25):<\/p>\n<p>Viviendo de direcci\u00f3n Calaf,\u00a0<u>salida 114<\/u>\u00a0\u2013 Viniendo de direcci\u00f3n Manresa,\u00a0<u>salida 123, y enlace con la carretera BV-3012.<\/u><\/p>\n<p><a href=\"https:\/\/www.google.ca\/maps\/place\/08259+Fals,+Barcelona,+Espa%C3%B1a\/@41.7423416,1.711967,17z\/data=!3m1!4b1!4m5!3m4!1s0x12a4509893e040b3:0x52cb101ee24edc58!8m2!3d41.7420533!4d1.7143003\" target=\"_blank\" rel=\"noopener\">pl\u00e0nol d\u2019acc\u00e9s a Fals<\/a><\/p>\n","protected":false},"excerpt":{"rendered":"<p>Fals\u00a0se sit\u00faa en una gran plana entre las rieras de la Vall y de Rajadell, a 400 m de altitud, en el sur del t\u00e9rmino municipal de Fonollosa. Se extiende desde la sierra de Castelltallat\u00a0a la riera de Rajadell, y desde la cima de Cal Xamal\u00a0hasta tocar el r\u00edo Cardener. La mitad de la poblaci\u00f3n&#8230;<\/p>\n","protected":false},"author":1,"featured_media":0,"parent":0,"menu_order":0,"comment_status":"closed","ping_status":"closed","template":"","meta":{"_acf_changed":false,"footnotes":""},"class_list":["post-8533","page","type-page","status-publish","hentry"],"acf":[],"_links":{"self":[{"href":"https:\/\/fonollosaturisme.cat\/es\/wp-json\/wp\/v2\/pages\/8533","targetHints":{"allow":["GET"]}}],"collection":[{"href":"https:\/\/fonollosaturisme.cat\/es\/wp-json\/wp\/v2\/pages"}],"about":[{"href":"https:\/\/fonollosaturisme.cat\/es\/wp-json\/wp\/v2\/types\/page"}],"author":[{"embeddable":true,"href":"https:\/\/fonollosaturisme.cat\/es\/wp-json\/wp\/v2\/users\/1"}],"replies":[{"embeddable":true,"href":"https:\/\/fonollosaturisme.cat\/es\/wp-json\/wp\/v2\/comments?post=8533"}],"version-history":[{"count":0,"href":"https:\/\/fonollosaturisme.cat\/es\/wp-json\/wp\/v2\/pages\/8533\/revisions"}],"wp:attachment":[{"href":"https:\/\/fonollosaturisme.cat\/es\/wp-json\/wp\/v2\/media?parent=8533"}],"curies":[{"name":"wp","href":"https:\/\/api.w.org\/{rel}","templated":true}]}}