{"id":8534,"date":"2019-03-27T11:18:43","date_gmt":"2019-03-27T11:18:43","guid":{"rendered":"https:\/\/fonollosaturisme.cat\/conoce-fonollosa\/"},"modified":"2019-03-27T11:18:43","modified_gmt":"2019-03-27T11:18:43","slug":"conoce-fonollosa","status":"publish","type":"page","link":"https:\/\/fonollosaturisme.cat\/es\/conoce-fonollosa\/","title":{"rendered":"Conoce Fonollosa"},"content":{"rendered":"<p><strong>Fonollosa<\/strong>\u00a0es el centro administrativo del municipio\u00a0con el mismo nombre.\u00a0Est\u00e1 situado en la vertiente sur de la sierra de Castelltallat, en el valle de la riera del mismo nombre, afluente del R\u00edo Cardener. La vegetaci\u00f3n predominante son pinares y encinares.\u00a0La agricultura de secano (cereales, vi\u00f1as, olivos y almendros) predomina sobre la de regad\u00edo. La ganader\u00eda ha experimentado un gran impulso con la instalaci\u00f3n de granjas de ganado porcino, bovino y aves.<\/p>\n<p>El pueblo cuenta con una escuela (la Agrupaci\u00f3n Sant Jordi) y un jard\u00edn de infancia (REXICS).<\/p>\n<p>En las afueras del pueblo se celebra cada mes de junio y julio una edici\u00f3n de las<strong> Vesprades sota l\u2019Alzina (Atardeceres bajo la Encina), <\/strong>una propuesta cultural de verano que se enmarca en el entorno natural de la incomparable <strong>Encina centenaria del Mas Querol de Fonollosa <\/strong>(ver foto superior), declarada \u00c1rbol Monumental de Catalunya. Este contacto entre m\u00fasica y naturaleza se ha hecho lugar en la oferta cultural de las noches de verano en el Bages.<\/p>\n<p>Pod\u00e9is encontrar m\u00e1s informaci\u00f3n sobre la programaci\u00f3n y los artistas invitados en\u00a0<a href=\"http:\/\/www.vesprades.cat\" target=\"_blank\" rel=\"noopener\">http:\/\/www.vesprades.cat<\/a><\/p>\n<p>Si quer\u00e9is conocer m\u00e1s sobre el patrimonio material y inmaterial de Fonollosa, os recomendamos visitar los apartados \u201cPatrimonio de inter\u00e9s\u201d, \u201cFerias y fiestas\u201d y \u201cGente, historias y leyendas\u201d.<\/p>\n<p>C\u00f3mo llegar al pueblo de Fonollosa:<\/p>\n<p>\u2013 Por el <u>Eix Transversal<\/u>\u00a0(C-25):<\/p>\n<p>Viniendo de direcci\u00f3n Calaf,\u00a0<u>salida 114<\/u>\u00a0\u2013 Viniendo de direcci\u00f3n Manresa,\u00a0<u>salida 123, enlace con la carretera BV-3012 y, posteriormente, con la BV-3008.<\/u><\/p>\n<p>\u2013 Por la carretera\u00a0<u>BV-3008<\/u>, desde Sant Joan de Vilatorrada.<\/p>\n<p><a href=\"https:\/\/www.google.es\/maps\/place\/41%C2%B045&#039;50.0%22N+1%C2%B040&#039;08.0%22E\/@41.7639,1.6667113,17z\/data=!3m1!4b1!4m5!3m4!1s0x0:0x0!8m2!3d41.7639!4d1.6689\" target=\"_blank\" rel=\"noopener\">pl\u00e0nol d\u2019acc\u00e9s a Fonollosa<\/a><\/p>\n","protected":false},"excerpt":{"rendered":"<p>Fonollosa\u00a0es el centro administrativo del municipio\u00a0con el mismo nombre.\u00a0Est\u00e1 situado en la vertiente sur de la sierra de Castelltallat, en el valle de la riera del mismo nombre, afluente del R\u00edo Cardener. La vegetaci\u00f3n predominante son pinares y encinares.\u00a0La agricultura de secano (cereales, vi\u00f1as, olivos y almendros) predomina sobre la de regad\u00edo. La ganader\u00eda ha&#8230;<\/p>\n","protected":false},"author":1,"featured_media":0,"parent":0,"menu_order":0,"comment_status":"closed","ping_status":"closed","template":"","meta":{"_acf_changed":false,"footnotes":""},"class_list":["post-8534","page","type-page","status-publish","hentry"],"acf":[],"_links":{"self":[{"href":"https:\/\/fonollosaturisme.cat\/es\/wp-json\/wp\/v2\/pages\/8534","targetHints":{"allow":["GET"]}}],"collection":[{"href":"https:\/\/fonollosaturisme.cat\/es\/wp-json\/wp\/v2\/pages"}],"about":[{"href":"https:\/\/fonollosaturisme.cat\/es\/wp-json\/wp\/v2\/types\/page"}],"author":[{"embeddable":true,"href":"https:\/\/fonollosaturisme.cat\/es\/wp-json\/wp\/v2\/users\/1"}],"replies":[{"embeddable":true,"href":"https:\/\/fonollosaturisme.cat\/es\/wp-json\/wp\/v2\/comments?post=8534"}],"version-history":[{"count":0,"href":"https:\/\/fonollosaturisme.cat\/es\/wp-json\/wp\/v2\/pages\/8534\/revisions"}],"wp:attachment":[{"href":"https:\/\/fonollosaturisme.cat\/es\/wp-json\/wp\/v2\/media?parent=8534"}],"curies":[{"name":"wp","href":"https:\/\/api.w.org\/{rel}","templated":true}]}}