{"id":8537,"date":"2019-03-27T11:23:25","date_gmt":"2019-03-27T11:23:25","guid":{"rendered":"https:\/\/fonollosaturisme.cat\/ferias-y-fiestas\/feria-del-menestral\/"},"modified":"2019-03-27T11:24:48","modified_gmt":"2019-03-27T11:24:48","slug":"feria-del-menestral","status":"publish","type":"page","link":"https:\/\/fonollosaturisme.cat\/es\/ferias-y-fiestas\/feria-del-menestral\/","title":{"rendered":"Feria del Menestral"},"content":{"rendered":"<p>Tiene lugar en Camps el segundo domingo de octubre.<\/p>\n<p>Se pueden encontrar diferentes puestos de artesan\u00eda y de productos de alimentaci\u00f3n, as\u00ed como diferentes actividades, como:<\/p>\n<ul>\n<li>Actuaci\u00f3n de los Trabucaires de Camps.<\/li>\n<li>Exposici\u00f3n de tractores de \u00e9poca.<\/li>\n<li>Exposici\u00f3n de utensilios de campo antiguos.<\/li>\n<li>Ludomenestral: zona de juegos para los m\u00e1s peque\u00f1os.<\/li>\n<li>T\u00f3mbola artesana.<\/li>\n<li>Paseos en burro.<\/li>\n<li>Actuaciones de teatro.<\/li>\n<li>Concurso de cortar troncos con motosierra.<\/li>\n<li><img decoding=\"async\" src=\"https:\/\/fonollosaturisme.cat\/wp-content\/uploads\/120801397738163194076722357346486760731303o.jpg\" alt=\"120801397738163194076722357346486760731303o\" \/><\/li>\n<\/ul>\n","protected":false},"excerpt":{"rendered":"<p>Tiene lugar en Camps el segundo domingo de octubre. Se pueden encontrar diferentes puestos de artesan\u00eda y de productos de alimentaci\u00f3n, as\u00ed como diferentes actividades, como: Actuaci\u00f3n de los Trabucaires de Camps. Exposici\u00f3n de tractores de \u00e9poca. Exposici\u00f3n de utensilios de campo antiguos. Ludomenestral: zona de juegos para los m\u00e1s peque\u00f1os. T\u00f3mbola artesana. Paseos en&#8230;<\/p>\n","protected":false},"author":3,"featured_media":0,"parent":8535,"menu_order":6,"comment_status":"closed","ping_status":"closed","template":"","meta":{"_acf_changed":false,"footnotes":""},"class_list":["post-8537","page","type-page","status-publish","hentry"],"acf":[],"_links":{"self":[{"href":"https:\/\/fonollosaturisme.cat\/es\/wp-json\/wp\/v2\/pages\/8537","targetHints":{"allow":["GET"]}}],"collection":[{"href":"https:\/\/fonollosaturisme.cat\/es\/wp-json\/wp\/v2\/pages"}],"about":[{"href":"https:\/\/fonollosaturisme.cat\/es\/wp-json\/wp\/v2\/types\/page"}],"author":[{"embeddable":true,"href":"https:\/\/fonollosaturisme.cat\/es\/wp-json\/wp\/v2\/users\/3"}],"replies":[{"embeddable":true,"href":"https:\/\/fonollosaturisme.cat\/es\/wp-json\/wp\/v2\/comments?post=8537"}],"version-history":[{"count":1,"href":"https:\/\/fonollosaturisme.cat\/es\/wp-json\/wp\/v2\/pages\/8537\/revisions"}],"predecessor-version":[{"id":8538,"href":"https:\/\/fonollosaturisme.cat\/es\/wp-json\/wp\/v2\/pages\/8537\/revisions\/8538"}],"up":[{"embeddable":true,"href":"https:\/\/fonollosaturisme.cat\/es\/wp-json\/wp\/v2\/pages\/8535"}],"wp:attachment":[{"href":"https:\/\/fonollosaturisme.cat\/es\/wp-json\/wp\/v2\/media?parent=8537"}],"curies":[{"name":"wp","href":"https:\/\/api.w.org\/{rel}","templated":true}]}}