{"id":8539,"date":"2019-03-27T11:32:43","date_gmt":"2019-03-27T11:32:43","guid":{"rendered":"https:\/\/fonollosaturisme.cat\/gente-historias-y-leyendas\/"},"modified":"2019-03-27T11:32:43","modified_gmt":"2019-03-27T11:32:43","slug":"gente-historias-y-leyendas","status":"publish","type":"page","link":"https:\/\/fonollosaturisme.cat\/es\/gente-historias-y-leyendas\/","title":{"rendered":"Gente, historias y leyendas"},"content":{"rendered":"<h4>\u00b7\u00a0\u00a0\u00a0 <a href=\"https:\/\/fonollosaturisme.cat\/gent-histories-i-llegendes\/terra-de-frontera-i-de-senyors-feudals\/\">Terra de frontera i de senyors feudals<\/a><\/h4>\n<h4>\u00b7\u00a0\u00a0\u00a0 <a href=\"https:\/\/fonollosaturisme.cat\/gent-histories-i-llegendes\/occitans-lladres-i-bandolers\/\">Occitans, lladres i bandolers<\/a><\/h4>\n<h4>\u00b7\u00a0\u00a0\u00a0 <a href=\"https:\/\/fonollosaturisme.cat\/gent-histories-i-llegendes\/entre-guerres\/\">Entre guerres<\/a><\/h4>\n<h4>\u00b7\u00a0\u00a0\u00a0 <a href=\"https:\/\/fonollosaturisme.cat\/gent-histories-i-llegendes\/terra-de-carlinades\/\">Terra de carlistades<\/a><\/h4>\n<h4>\u00b7\u00a0\u00a0\u00a0 <a href=\"https:\/\/fonollosaturisme.cat\/gent-histories-i-llegendes\/de-pagesos-arrancats-a-industrials\/\">De pagesos arrancats a industrials<\/a><\/h4>\n<h4>\u00b7\u00a0\u00a0\u00a0 <a href=\"https:\/\/fonollosaturisme.cat\/gent-histories-i-llegendes\/memorial-democratic-republica-guerra-franquisme-i-democracia\/\">Memorial democr\u00e0tic rep\u00fablica, guerra, franquisme i democr\u00e0cia<\/a><\/h4>\n<h4>\u00b7\u00a0\u00a0\u00a0 <a href=\"https:\/\/fonollosaturisme.cat\/llegendes\/\">Llegendes<\/a><\/h4>\n","protected":false},"excerpt":{"rendered":"<p>\u00b7\u00a0\u00a0\u00a0 Terra de frontera i de senyors feudals \u00b7\u00a0\u00a0\u00a0 Occitans, lladres i bandolers \u00b7\u00a0\u00a0\u00a0 Entre guerres \u00b7\u00a0\u00a0\u00a0 Terra de carlistades \u00b7\u00a0\u00a0\u00a0 De pagesos arrancats a industrials \u00b7\u00a0\u00a0\u00a0 Memorial democr\u00e0tic rep\u00fablica, guerra, franquisme i democr\u00e0cia \u00b7\u00a0\u00a0\u00a0 Llegendes<\/p>\n","protected":false},"author":1,"featured_media":0,"parent":0,"menu_order":0,"comment_status":"closed","ping_status":"closed","template":"","meta":{"_acf_changed":false,"footnotes":""},"class_list":["post-8539","page","type-page","status-publish","hentry"],"acf":[],"_links":{"self":[{"href":"https:\/\/fonollosaturisme.cat\/es\/wp-json\/wp\/v2\/pages\/8539","targetHints":{"allow":["GET"]}}],"collection":[{"href":"https:\/\/fonollosaturisme.cat\/es\/wp-json\/wp\/v2\/pages"}],"about":[{"href":"https:\/\/fonollosaturisme.cat\/es\/wp-json\/wp\/v2\/types\/page"}],"author":[{"embeddable":true,"href":"https:\/\/fonollosaturisme.cat\/es\/wp-json\/wp\/v2\/users\/1"}],"replies":[{"embeddable":true,"href":"https:\/\/fonollosaturisme.cat\/es\/wp-json\/wp\/v2\/comments?post=8539"}],"version-history":[{"count":0,"href":"https:\/\/fonollosaturisme.cat\/es\/wp-json\/wp\/v2\/pages\/8539\/revisions"}],"wp:attachment":[{"href":"https:\/\/fonollosaturisme.cat\/es\/wp-json\/wp\/v2\/media?parent=8539"}],"curies":[{"name":"wp","href":"https:\/\/api.w.org\/{rel}","templated":true}]}}