{"id":8542,"date":"2019-03-27T11:36:52","date_gmt":"2019-03-27T11:36:52","guid":{"rendered":"https:\/\/fonollosaturisme.cat\/gente-historias-y-leyendas\/tierra-de-frontera-y-de-senores-feudales\/el-juicio-de-fals-engonca-defiende-su-castillo\/"},"modified":"2019-03-27T12:46:05","modified_gmt":"2019-03-27T12:46:05","slug":"el-juicio-de-fals-engonca-defiende-su-castillo","status":"publish","type":"page","link":"https:\/\/fonollosaturisme.cat\/es\/gente-historias-y-leyendas\/tierra-de-frontera-y-de-senores-feudales\/el-juicio-de-fals-engonca-defiende-su-castillo\/","title":{"rendered":"El juicio de Fals: Engon\u00e7a defiende su castillo"},"content":{"rendered":"<p>El d\u00eda 1 de agosto del a\u00f1o 1013 tuvo lugar un juicio por la propiedad del Castillo de Fals, que enfront\u00f3 a la vizcondesa de Osona-Cardona y al obispo de Vic. Este juicio, recogido en los archivos privados de los Duques de Cardona, es uno de los documentos m\u00e1s relevantes de la historia de Fonollosa porque permiti\u00f3 poner fecha a la antig\u00fcedad del Castillo de Fals.<\/p>\n<p>En este juicio, la vizcondesa Engon\u00e7a (de Osona-Cardona) declar\u00f3 ante el conde Ramon (de Barcelona) en contra de la decisi\u00f3n de los jueces Wifr\u00e9 y Oliv\u00e0 de Granera a partir de la reclamaci\u00f3n del obispo Borrell (de Vic) para que la vizcondesa no pudiese dejar en herencia a sus hijos el castillo de Fals.<\/p>\n<p>Seg\u00fan el obispo Borrell, el castillo era propiedad de la iglesia de Sant Pere de Vic, por v\u00eda del testamento del anterior obispo, Arnulf.\u00a0Engon\u00e7a, en cambio, cre\u00eda que ten\u00eda derecho a la propiedad del castillo, porque hac\u00eda m\u00e1s de treinta a\u00f1os que su marido, el vizconde Ramon, despu\u00e9s de su hermano, el vizconde Ermemir, lo tuvo en alodio propio, con la \u00fanica excepci\u00f3n del tiempo que Arnulf fue cautivo de los sarracenos.<\/p>\n<p>Ante esta reclamaci\u00f3n, el juez Wifr\u00e9 dio la raz\u00f3n a la vizcondesa, reconociendo su propiedad del castillo de Fals por ley, cosa que acept\u00f3 el obispo Borrell.<\/p>\n<p>Si est\u00e1is interesados en hacer una visita guiada a las <a href=\"https:\/\/fonollosaturisme.cat\/conjunt-monumental-de-les-torres-de-fals\/\"><strong>Torres de Fals<\/strong> <\/a>en torno a esta historia, clicad\u00a0<a href=\"https:\/\/fonollosaturisme.cat\/visites-guiades\/\">aqu\u00ed<\/a>.<\/p>\n","protected":false},"excerpt":{"rendered":"<p>El d\u00eda 1 de agosto del a\u00f1o 1013 tuvo lugar un juicio por la propiedad del Castillo de Fals, que enfront\u00f3 a la vizcondesa de Osona-Cardona y al obispo de Vic. Este juicio, recogido en los archivos privados de los Duques de Cardona, es uno de los documentos m\u00e1s relevantes de la historia de Fonollosa&#8230;<\/p>\n","protected":false},"author":3,"featured_media":0,"parent":8540,"menu_order":0,"comment_status":"closed","ping_status":"closed","template":"","meta":{"_acf_changed":false,"footnotes":""},"class_list":["post-8542","page","type-page","status-publish","hentry"],"acf":[],"_links":{"self":[{"href":"https:\/\/fonollosaturisme.cat\/es\/wp-json\/wp\/v2\/pages\/8542","targetHints":{"allow":["GET"]}}],"collection":[{"href":"https:\/\/fonollosaturisme.cat\/es\/wp-json\/wp\/v2\/pages"}],"about":[{"href":"https:\/\/fonollosaturisme.cat\/es\/wp-json\/wp\/v2\/types\/page"}],"author":[{"embeddable":true,"href":"https:\/\/fonollosaturisme.cat\/es\/wp-json\/wp\/v2\/users\/3"}],"replies":[{"embeddable":true,"href":"https:\/\/fonollosaturisme.cat\/es\/wp-json\/wp\/v2\/comments?post=8542"}],"version-history":[{"count":1,"href":"https:\/\/fonollosaturisme.cat\/es\/wp-json\/wp\/v2\/pages\/8542\/revisions"}],"predecessor-version":[{"id":8543,"href":"https:\/\/fonollosaturisme.cat\/es\/wp-json\/wp\/v2\/pages\/8542\/revisions\/8543"}],"up":[{"embeddable":true,"href":"https:\/\/fonollosaturisme.cat\/es\/wp-json\/wp\/v2\/pages\/8540"}],"wp:attachment":[{"href":"https:\/\/fonollosaturisme.cat\/es\/wp-json\/wp\/v2\/media?parent=8542"}],"curies":[{"name":"wp","href":"https:\/\/api.w.org\/{rel}","templated":true}]}}