{"id":8544,"date":"2019-03-27T12:48:18","date_gmt":"2019-03-27T12:48:18","guid":{"rendered":"https:\/\/fonollosaturisme.cat\/gente-historias-y-leyendas\/tierra-de-frontera-y-de-senores-feudales\/el-castellano-bernat-de-fals\/"},"modified":"2019-03-27T12:48:18","modified_gmt":"2019-03-27T12:48:18","slug":"el-castellano-bernat-de-fals","status":"publish","type":"page","link":"https:\/\/fonollosaturisme.cat\/es\/gente-historias-y-leyendas\/tierra-de-frontera-y-de-senores-feudales\/el-castellano-bernat-de-fals\/","title":{"rendered":"El castellano Bernat de Fals"},"content":{"rendered":"<p>Cuando el conde Borrell II de Barcelona cedi\u00f3 en el a\u00f1o 986 el Castillo de Cardona y sus territorios a los vizcondes de Osona, en Fals ya hab\u00eda un peque\u00f1o castillo alrededor de la <a href=\"https:\/\/fonollosaturisme.cat\/conjunt-monumental-de-les-torres-de-fals\/\"><strong>Torre Vella <\/strong><\/a>(ver foto superior). Para garantizar su defensa, los se\u00f1ores pon\u00edan en cada uno de sus castillos un hombre de confianza, caballero o militar, perteneciente a la peque\u00f1a nobleza: el castellano.<\/p>\n<p>La familia de castellanos de Fals adoptaron el apellido Fals, o Falchs, que es como se escrib\u00eda antiguamente. De todos los castellanos de Fals, uno de los m\u00e1s ilustres fue Bernat de Falchs.<\/p>\n<p>En 1309, el vizconde Ram\u00f3n Folc de Cardona, se\u00f1or natural de Bernat, le cedi\u00f3 una casa que se hab\u00eda construido dentro del recinto del Castillo de Fals. En su condici\u00f3n de caballero, una de las obligaciones de Bernat de Falchs era ponerse bajo las \u00f3rdenes de su se\u00f1or cuando fuese requerido. Y as\u00ed lo hizo cuando, en 1335, el conde Huguet de Cardona se levant\u00f3 contra el rey. El monarca pidi\u00f3 a los consejeros de la ciudad de Manresa que le ayudasen a combatir la rebeli\u00f3n, y una compa\u00f1\u00eda de hombres de Manresa hizo varias incursiones sobre Fals, uno de los dominios del conde rebelado. \u00a0Pero Bernat tambi\u00e9n auxili\u00f3 a su se\u00f1or en otras plazas mucho m\u00e1s alejadas del Bages, como en una expedici\u00f3n militar a Tremp en el a\u00f1o 1340.<\/p>\n","protected":false},"excerpt":{"rendered":"<p>Cuando el conde Borrell II de Barcelona cedi\u00f3 en el a\u00f1o 986 el Castillo de Cardona y sus territorios a los vizcondes de Osona, en Fals ya hab\u00eda un peque\u00f1o castillo alrededor de la Torre Vella (ver foto superior). Para garantizar su defensa, los se\u00f1ores pon\u00edan en cada uno de sus castillos un hombre de&#8230;<\/p>\n","protected":false},"author":1,"featured_media":0,"parent":8540,"menu_order":1,"comment_status":"closed","ping_status":"closed","template":"","meta":{"_acf_changed":false,"footnotes":""},"class_list":["post-8544","page","type-page","status-publish","hentry"],"acf":[],"_links":{"self":[{"href":"https:\/\/fonollosaturisme.cat\/es\/wp-json\/wp\/v2\/pages\/8544","targetHints":{"allow":["GET"]}}],"collection":[{"href":"https:\/\/fonollosaturisme.cat\/es\/wp-json\/wp\/v2\/pages"}],"about":[{"href":"https:\/\/fonollosaturisme.cat\/es\/wp-json\/wp\/v2\/types\/page"}],"author":[{"embeddable":true,"href":"https:\/\/fonollosaturisme.cat\/es\/wp-json\/wp\/v2\/users\/1"}],"replies":[{"embeddable":true,"href":"https:\/\/fonollosaturisme.cat\/es\/wp-json\/wp\/v2\/comments?post=8544"}],"version-history":[{"count":0,"href":"https:\/\/fonollosaturisme.cat\/es\/wp-json\/wp\/v2\/pages\/8544\/revisions"}],"up":[{"embeddable":true,"href":"https:\/\/fonollosaturisme.cat\/es\/wp-json\/wp\/v2\/pages\/8540"}],"wp:attachment":[{"href":"https:\/\/fonollosaturisme.cat\/es\/wp-json\/wp\/v2\/media?parent=8544"}],"curies":[{"name":"wp","href":"https:\/\/api.w.org\/{rel}","templated":true}]}}