{"id":8545,"date":"2019-03-27T12:51:41","date_gmt":"2019-03-27T12:51:41","guid":{"rendered":"https:\/\/fonollosaturisme.cat\/gente-historias-y-leyendas\/tierra-de-frontera-y-de-senores-feudales\/la-campana-de-cerdena-los-hijos-del-mas-torreblanca\/"},"modified":"2019-03-27T12:51:41","modified_gmt":"2019-03-27T12:51:41","slug":"la-campana-de-cerdena-los-hijos-del-mas-torreblanca","status":"publish","type":"page","link":"https:\/\/fonollosaturisme.cat\/es\/gente-historias-y-leyendas\/tierra-de-frontera-y-de-senores-feudales\/la-campana-de-cerdena-los-hijos-del-mas-torreblanca\/","title":{"rendered":"La campa\u00f1a de Cerde\u00f1a: los hijos del mas Torreblanca"},"content":{"rendered":"<p>El d\u00eda 18 de febrero de 1409, los hermanos Pere, Galzeran y Berenguer Sol\u00e0, hijos del <strong>Mas Torreblanca <\/strong>(hoy, Mas Oms)<strong> de Fals <\/strong>(ver foto superior), juntamente con Peric\u00f3 de Fals y 10 j\u00f3venes m\u00e1s de S\u00faria, Santpedor, Call\u00fas y Manresa, dieron poderes de procura a un tal Antoni Sabater para que acordase con un capit\u00e1n de nave el traslado de los j\u00f3venes a la isla de Cerde\u00f1a. La misi\u00f3n: formar parte de la escuadra que ten\u00eda que participar en la guerra contra los sardos y los genoveses. Mart\u00edn el Joven, hijo \u00fanico de Mart\u00edn el Humano, hab\u00eda atacado la isla de Cerde\u00f1a, que se hab\u00eda sublevado y estaba en manos de Brancaleone Doria y sus aliados genoveses. Las naves catalanas vencieron a la escuadra genovesa en la batalla naval de Sanluri. Desafortunadamente, unos d\u00edas despu\u00e9s, el 25 de julio, Mart\u00edn el Joven muri\u00f3 de unas fiebres, dejando la corona catalana sin ninguna descendencia y a las puertas de una crisis sucesoria.<\/p>\n<p>De Berenguer no tenemos ninguna otra noticia, pero se sabe que Pere y Galzeran volvieron vivos a Fals. Pere se qued\u00f3 en casa en calidad de heredero, mientras que Galzeran se fue en 1412 cuando se cas\u00f3 con Joana Fruct\u00f3s, de Manresa.<\/p>\n","protected":false},"excerpt":{"rendered":"<p>El d\u00eda 18 de febrero de 1409, los hermanos Pere, Galzeran y Berenguer Sol\u00e0, hijos del Mas Torreblanca (hoy, Mas Oms) de Fals (ver foto superior), juntamente con Peric\u00f3 de Fals y 10 j\u00f3venes m\u00e1s de S\u00faria, Santpedor, Call\u00fas y Manresa, dieron poderes de procura a un tal Antoni Sabater para que acordase con un&#8230;<\/p>\n","protected":false},"author":1,"featured_media":0,"parent":8540,"menu_order":2,"comment_status":"closed","ping_status":"closed","template":"","meta":{"_acf_changed":false,"footnotes":""},"class_list":["post-8545","page","type-page","status-publish","hentry"],"acf":[],"_links":{"self":[{"href":"https:\/\/fonollosaturisme.cat\/es\/wp-json\/wp\/v2\/pages\/8545","targetHints":{"allow":["GET"]}}],"collection":[{"href":"https:\/\/fonollosaturisme.cat\/es\/wp-json\/wp\/v2\/pages"}],"about":[{"href":"https:\/\/fonollosaturisme.cat\/es\/wp-json\/wp\/v2\/types\/page"}],"author":[{"embeddable":true,"href":"https:\/\/fonollosaturisme.cat\/es\/wp-json\/wp\/v2\/users\/1"}],"replies":[{"embeddable":true,"href":"https:\/\/fonollosaturisme.cat\/es\/wp-json\/wp\/v2\/comments?post=8545"}],"version-history":[{"count":0,"href":"https:\/\/fonollosaturisme.cat\/es\/wp-json\/wp\/v2\/pages\/8545\/revisions"}],"up":[{"embeddable":true,"href":"https:\/\/fonollosaturisme.cat\/es\/wp-json\/wp\/v2\/pages\/8540"}],"wp:attachment":[{"href":"https:\/\/fonollosaturisme.cat\/es\/wp-json\/wp\/v2\/media?parent=8545"}],"curies":[{"name":"wp","href":"https:\/\/api.w.org\/{rel}","templated":true}]}}