{"id":8547,"date":"2019-03-27T12:56:35","date_gmt":"2019-03-27T12:56:35","guid":{"rendered":"https:\/\/fonollosaturisme.cat\/gente-historias-y-leyendas\/tierra-de-frontera-y-de-senores-feudales\/el-maestro-de-fonollosa\/"},"modified":"2019-03-27T12:56:35","modified_gmt":"2019-03-27T12:56:35","slug":"el-maestro-de-fonollosa","status":"publish","type":"page","link":"https:\/\/fonollosaturisme.cat\/es\/gente-historias-y-leyendas\/tierra-de-frontera-y-de-senores-feudales\/el-maestro-de-fonollosa\/","title":{"rendered":"El maestro de Fonollosa"},"content":{"rendered":"<p>Todav\u00eda quedan en el pueblo de Fonollosa algunas Margaritas, tradicionalmente uno de los nombres de mujer m\u00e1s populares en el pueblo. La Santa era tradicionalmente invocada por las mujeres en el momento del parto. Tambi\u00e9n era una de las preferidas de los pastores, porque ella misma hab\u00eda sido pastora antes de convertirse en m\u00e1rtir.<\/p>\n<p>En la iglesia parroquial de Fonollosa hubo un altar dedicado a Santa Margarita (siglo XV), con un retablo.\u00a0El nombre del pintor del <a href=\"http:\/\/www.museuepiscopalvic.com\/ca\/colleccions\/gotic\/retaule-dedicat-a-santa-margarida-mev-46\" target=\"_blank\" rel=\"noopener\"><strong>retaule de Santa Margarida<\/strong><\/a>\u00a0(ver foto superior) es desconocido, pero los expertos en historia del arte lo llaman el \u201cMaestro de Fonollosa\u201d.<\/p>\n<p>Cuando qued\u00f3 obsoleto en la iglesia de Fonollosa, el retablo fue a parar a la colecci\u00f3n de arte Sacro que reuni\u00f3 el obispo Morgades. Actualmente, ya restaurado, se expone en una de las salas del Museo Episcopal de Vic, y es considerada la obra m\u00e1s exitosa del Maestro.\u00a0El MEV conserva tambi\u00e9n otras obras del \u201cMaestro\u201d: dos tablas del retablo de Santa Margarita de Conangle, un fragmento de predela de un retablo de Sant Mart\u00ed Sescorts, y un retablo dedicado a Sant Mart\u00ed de Tours, de procedencia desconocida.<\/p>\n","protected":false},"excerpt":{"rendered":"<p>Todav\u00eda quedan en el pueblo de Fonollosa algunas Margaritas, tradicionalmente uno de los nombres de mujer m\u00e1s populares en el pueblo. La Santa era tradicionalmente invocada por las mujeres en el momento del parto. Tambi\u00e9n era una de las preferidas de los pastores, porque ella misma hab\u00eda sido pastora antes de convertirse en m\u00e1rtir. En&#8230;<\/p>\n","protected":false},"author":3,"featured_media":0,"parent":8540,"menu_order":4,"comment_status":"closed","ping_status":"closed","template":"","meta":{"_acf_changed":false,"footnotes":""},"class_list":["post-8547","page","type-page","status-publish","hentry"],"acf":[],"_links":{"self":[{"href":"https:\/\/fonollosaturisme.cat\/es\/wp-json\/wp\/v2\/pages\/8547","targetHints":{"allow":["GET"]}}],"collection":[{"href":"https:\/\/fonollosaturisme.cat\/es\/wp-json\/wp\/v2\/pages"}],"about":[{"href":"https:\/\/fonollosaturisme.cat\/es\/wp-json\/wp\/v2\/types\/page"}],"author":[{"embeddable":true,"href":"https:\/\/fonollosaturisme.cat\/es\/wp-json\/wp\/v2\/users\/3"}],"replies":[{"embeddable":true,"href":"https:\/\/fonollosaturisme.cat\/es\/wp-json\/wp\/v2\/comments?post=8547"}],"version-history":[{"count":0,"href":"https:\/\/fonollosaturisme.cat\/es\/wp-json\/wp\/v2\/pages\/8547\/revisions"}],"up":[{"embeddable":true,"href":"https:\/\/fonollosaturisme.cat\/es\/wp-json\/wp\/v2\/pages\/8540"}],"wp:attachment":[{"href":"https:\/\/fonollosaturisme.cat\/es\/wp-json\/wp\/v2\/media?parent=8547"}],"curies":[{"name":"wp","href":"https:\/\/api.w.org\/{rel}","templated":true}]}}