{"id":8550,"date":"2019-03-27T13:01:17","date_gmt":"2019-03-27T13:01:17","guid":{"rendered":"https:\/\/fonollosaturisme.cat\/gente-historias-y-leyendas\/occitanos-ladrones-y-bandoleros\/gasconet\/"},"modified":"2019-03-27T13:01:17","modified_gmt":"2019-03-27T13:01:17","slug":"gasconet","status":"publish","type":"page","link":"https:\/\/fonollosaturisme.cat\/es\/gente-historias-y-leyendas\/occitanos-ladrones-y-bandoleros\/gasconet\/","title":{"rendered":"Gasconet"},"content":{"rendered":"<p>En el a\u00f1o 1605 se produjeron unos robos de pedre\u00f1ales en Camps, que fueron juzgados en la Corte de la Alcald\u00eda Ducal de Cardona.<\/p>\n<p>Crist\u00f2fol Junyent hab\u00eda dejado en la <strong>puerta de la iglesia <\/strong>(ver puerta de la iglesia de <a href=\"https:\/\/fonollosaturisme.cat\/santa-maria-de-camps\/\"><strong>Sta. Maria de Camps<\/strong> <\/a>en la foto superior), antes de entrar a misa, su pedre\u00f1al, como el resto de payeses, pero a la salida vio que hab\u00eda desaparecido. En seguida se atribuy\u00f3 el robo a un mozo que trabajaba en casa de Puigdell\u00edvol de Castelltallat. Le llamaban Gasconet y ten\u00eda fama de ladr\u00f3n. Una semana despu\u00e9s, Junyent supo que el alcalde de Castelltallat hab\u00eda perseguido a una cuadrilla de malhechores, entre los que se encontraba Gasconet. Pese a darse a la fuga, el alcalde lo captur\u00f3 y le quit\u00f3 el arma que llevaba bajo la capa.<\/p>\n<p>Gasconet y otro se refugiaron en la capilla del mas Figuera de Castelltallat, donde no les pod\u00edan detener, porque las sagreras disfrutaban de inmunidad. Al d\u00eda siguiente, el due\u00f1o de la Figuera convenci\u00f3 a Gasconet para que le entregase el pedre\u00f1al de Junyent. El chico confes\u00f3 que lo hab\u00eda escondido en un enebral cerca de la Cruz de Figuera, en el bosque de la casa de Guillem. Figuera y Junyent fueron all\u00ed y, efectivamente, encontraron el arma robada.<\/p>\n<p>Gasconet fue capturado y encerrado en la prisi\u00f3n del Castillo de Cardona. En el juicio, Jaume Mart\u00ed, de Claret de Cavallers, dijo que \u00e9l y su hermano se hab\u00edan encontrado unos d\u00edas antes con Gasconet, que los hab\u00eda animado a robar un pedre\u00f1al de la puerta de la iglesia de Camps.\u00a0El reo confes\u00f3 que su nombre era Joan Pere Llosera, menor de edad, y neg\u00f3 todas las acusaciones. Algunos testimonios testificaron a su favor, alegando que era un buen cristiano y que no faltaba nunca a misa.\u00a0Desafortunadamente, sin embargo, \u00a0la sentencia\u00a0no se ha conservado y no sabemos si Gasconet fue declarado inocente o culpable.<\/p>\n","protected":false},"excerpt":{"rendered":"<p>En el a\u00f1o 1605 se produjeron unos robos de pedre\u00f1ales en Camps, que fueron juzgados en la Corte de la Alcald\u00eda Ducal de Cardona. Crist\u00f2fol Junyent hab\u00eda dejado en la puerta de la iglesia (ver puerta de la iglesia de Sta. Maria de Camps en la foto superior), antes de entrar a misa, su pedre\u00f1al,&#8230;<\/p>\n","protected":false},"author":1,"featured_media":0,"parent":8548,"menu_order":1,"comment_status":"closed","ping_status":"closed","template":"","meta":{"_acf_changed":false,"footnotes":""},"class_list":["post-8550","page","type-page","status-publish","hentry"],"acf":[],"_links":{"self":[{"href":"https:\/\/fonollosaturisme.cat\/es\/wp-json\/wp\/v2\/pages\/8550","targetHints":{"allow":["GET"]}}],"collection":[{"href":"https:\/\/fonollosaturisme.cat\/es\/wp-json\/wp\/v2\/pages"}],"about":[{"href":"https:\/\/fonollosaturisme.cat\/es\/wp-json\/wp\/v2\/types\/page"}],"author":[{"embeddable":true,"href":"https:\/\/fonollosaturisme.cat\/es\/wp-json\/wp\/v2\/users\/1"}],"replies":[{"embeddable":true,"href":"https:\/\/fonollosaturisme.cat\/es\/wp-json\/wp\/v2\/comments?post=8550"}],"version-history":[{"count":0,"href":"https:\/\/fonollosaturisme.cat\/es\/wp-json\/wp\/v2\/pages\/8550\/revisions"}],"up":[{"embeddable":true,"href":"https:\/\/fonollosaturisme.cat\/es\/wp-json\/wp\/v2\/pages\/8548"}],"wp:attachment":[{"href":"https:\/\/fonollosaturisme.cat\/es\/wp-json\/wp\/v2\/media?parent=8550"}],"curies":[{"name":"wp","href":"https:\/\/api.w.org\/{rel}","templated":true}]}}