{"id":8551,"date":"2019-03-27T13:03:25","date_gmt":"2019-03-27T13:03:25","guid":{"rendered":"https:\/\/fonollosaturisme.cat\/gente-historias-y-leyendas\/occitanos-ladrones-y-bandoleros\/inmigracion\/"},"modified":"2019-03-27T13:03:25","modified_gmt":"2019-03-27T13:03:25","slug":"inmigracion","status":"publish","type":"page","link":"https:\/\/fonollosaturisme.cat\/es\/gente-historias-y-leyendas\/occitanos-ladrones-y-bandoleros\/inmigracion\/","title":{"rendered":"Inmigraci\u00f3n"},"content":{"rendered":"<p>En 2004 tuvo lugar el hermanamiento entre los pueblos de Fals, de Catalunya, y Fals de Brulhois (Francia), que desde entonces ha supuesto varios intercambios culturales.<\/p>\n<p>La relaci\u00f3n de Fals con Occitania, sin embargo, viene de mucho m\u00e1s lejos.\u00a0En el siglo XVI llegaron al pueblo un buen n\u00famero de occitanos, que se establecieron aqu\u00ed para trabajar. Desde 1557 hasta 1686 consta el establecimiento en Fals de familias llegadas de los obispados occitanos de Sant Flor, Comenge, Cahors, Sarlat,\u00a0 Bordeus,\u00a0 Llemotges, Tarba, Cosserans y Claramunt.<\/p>\n<p>La mayor\u00eda no dejaron rastro ni descendencia, porque no ten\u00edan suficiente categor\u00eda social para emparentarse con alguna de las mayorazgas disponibles. Una de las pocas excepciones conocidas fue Joan Carrera,\u00a0 alias Fondera, natural de Banyeres de Bigorra. Primero residi\u00f3 en Manresa, despu\u00e9s pas\u00f3 a Fonollosa y, en 1558, al mas de Maties Grau de Fals. En 1564 cas\u00f3 a su hermana con Joan Grau, un hijo de Sebasti\u00e0 Grau, del Grauet. Como no ten\u00eda dote para proveer a su hermana, a cambio del dinero cedi\u00f3 a su cu\u00f1ado el uso compartido del mas Prat (<strong>actualmente la Gabriela<\/strong> -ver la tina de la Gabriela en la foto superior-) que \u00e9l ten\u00eda arrendado. En los sembrados, Joan pon\u00eda la semilla y Grau el trabajo, y la cosecha iba a medias.<\/p>\n","protected":false},"excerpt":{"rendered":"<p>En 2004 tuvo lugar el hermanamiento entre los pueblos de Fals, de Catalunya, y Fals de Brulhois (Francia), que desde entonces ha supuesto varios intercambios culturales. La relaci\u00f3n de Fals con Occitania, sin embargo, viene de mucho m\u00e1s lejos.\u00a0En el siglo XVI llegaron al pueblo un buen n\u00famero de occitanos, que se establecieron aqu\u00ed para&#8230;<\/p>\n","protected":false},"author":1,"featured_media":0,"parent":8548,"menu_order":1,"comment_status":"closed","ping_status":"closed","template":"","meta":{"_acf_changed":false,"footnotes":""},"class_list":["post-8551","page","type-page","status-publish","hentry"],"acf":[],"_links":{"self":[{"href":"https:\/\/fonollosaturisme.cat\/es\/wp-json\/wp\/v2\/pages\/8551","targetHints":{"allow":["GET"]}}],"collection":[{"href":"https:\/\/fonollosaturisme.cat\/es\/wp-json\/wp\/v2\/pages"}],"about":[{"href":"https:\/\/fonollosaturisme.cat\/es\/wp-json\/wp\/v2\/types\/page"}],"author":[{"embeddable":true,"href":"https:\/\/fonollosaturisme.cat\/es\/wp-json\/wp\/v2\/users\/1"}],"replies":[{"embeddable":true,"href":"https:\/\/fonollosaturisme.cat\/es\/wp-json\/wp\/v2\/comments?post=8551"}],"version-history":[{"count":0,"href":"https:\/\/fonollosaturisme.cat\/es\/wp-json\/wp\/v2\/pages\/8551\/revisions"}],"up":[{"embeddable":true,"href":"https:\/\/fonollosaturisme.cat\/es\/wp-json\/wp\/v2\/pages\/8548"}],"wp:attachment":[{"href":"https:\/\/fonollosaturisme.cat\/es\/wp-json\/wp\/v2\/media?parent=8551"}],"curies":[{"name":"wp","href":"https:\/\/api.w.org\/{rel}","templated":true}]}}