{"id":8552,"date":"2019-03-27T13:05:32","date_gmt":"2019-03-27T13:05:32","guid":{"rendered":"https:\/\/fonollosaturisme.cat\/gente-historias-y-leyendas\/occitanos-ladrones-y-bandoleros\/bandoleros-la-banda-de-puigdellivol\/"},"modified":"2019-03-27T13:05:32","modified_gmt":"2019-03-27T13:05:32","slug":"bandoleros-la-banda-de-puigdellivol","status":"publish","type":"page","link":"https:\/\/fonollosaturisme.cat\/es\/gente-historias-y-leyendas\/occitanos-ladrones-y-bandoleros\/bandoleros-la-banda-de-puigdellivol\/","title":{"rendered":"Bandoleros: la banda de Puigdell\u00edvol"},"content":{"rendered":"<p>El d\u00eda de Santa Luc\u00eda de 1601 cuatro amigos de Fonollosa fueron a Rajadell para disfrutar de un d\u00eda de fiesta. Cuando volv\u00edan a casa, a la altura de les <strong>Obagues de Querol<\/strong> (ver l\u2019<a href=\"https:\/\/fonollosaturisme.cat\/lalzina-centenaria-del-mas-querol\/\"><strong>Alzina del Querol<\/strong><\/a> en la foto superior), encontraron a un grupo de hombres armados, formado por Puigdell\u00edvol de Castelltallat y su compa\u00f1\u00eda. Uno de los asaltados empez\u00f3 a correr y, aprovechando la confusi\u00f3n, los otros salieron huyendo.<\/p>\n<p>Los chicos denunciaron los hechos al Alcalde y el d\u00eda 17 de diciembre fueron convocados en el castillo de Cardona. Hab\u00edan podido identificar a la mayor\u00eda de los asaltantes. El cabecilla era Salvador Puigdell\u00edvol e iba acompa\u00f1ado de sus hermanos Mag\u00ed Puigdell\u00edvol, alias Tonall\u00f3 o Tonallona, Janot Puigdell\u00edvol, alias lo Llagastre, y Antoni Bonveh\u00ed.<\/p>\n<p>Mientras tanto, hubo otro episodio violento en Castelltallat, con protagonismo de varias bandas (entre ellas la del mismo Puigdell\u00edvol). Detenidos y encerrados en la prisi\u00f3n del castillo de Cardona, la principal discusi\u00f3n en el juicio fue por la medida de las armas. Durante los siglos XVI y XVII, las autoridades hab\u00edan prohibido las armas de ca\u00f1\u00f3n corto, ya que se pod\u00edan disimular f\u00e1cilmente bajo las capas.<\/p>\n","protected":false},"excerpt":{"rendered":"<p>El d\u00eda de Santa Luc\u00eda de 1601 cuatro amigos de Fonollosa fueron a Rajadell para disfrutar de un d\u00eda de fiesta. Cuando volv\u00edan a casa, a la altura de les Obagues de Querol (ver l\u2019Alzina del Querol en la foto superior), encontraron a un grupo de hombres armados, formado por Puigdell\u00edvol de Castelltallat y su&#8230;<\/p>\n","protected":false},"author":1,"featured_media":0,"parent":8548,"menu_order":2,"comment_status":"closed","ping_status":"closed","template":"","meta":{"_acf_changed":false,"footnotes":""},"class_list":["post-8552","page","type-page","status-publish","hentry"],"acf":[],"_links":{"self":[{"href":"https:\/\/fonollosaturisme.cat\/es\/wp-json\/wp\/v2\/pages\/8552","targetHints":{"allow":["GET"]}}],"collection":[{"href":"https:\/\/fonollosaturisme.cat\/es\/wp-json\/wp\/v2\/pages"}],"about":[{"href":"https:\/\/fonollosaturisme.cat\/es\/wp-json\/wp\/v2\/types\/page"}],"author":[{"embeddable":true,"href":"https:\/\/fonollosaturisme.cat\/es\/wp-json\/wp\/v2\/users\/1"}],"replies":[{"embeddable":true,"href":"https:\/\/fonollosaturisme.cat\/es\/wp-json\/wp\/v2\/comments?post=8552"}],"version-history":[{"count":0,"href":"https:\/\/fonollosaturisme.cat\/es\/wp-json\/wp\/v2\/pages\/8552\/revisions"}],"up":[{"embeddable":true,"href":"https:\/\/fonollosaturisme.cat\/es\/wp-json\/wp\/v2\/pages\/8548"}],"wp:attachment":[{"href":"https:\/\/fonollosaturisme.cat\/es\/wp-json\/wp\/v2\/media?parent=8552"}],"curies":[{"name":"wp","href":"https:\/\/api.w.org\/{rel}","templated":true}]}}