{"id":8553,"date":"2019-03-27T13:07:36","date_gmt":"2019-03-27T13:07:36","guid":{"rendered":"https:\/\/fonollosaturisme.cat\/gente-historias-y-leyendas\/occitanos-ladrones-y-bandoleros\/el-molinero-apaleado\/"},"modified":"2019-03-27T13:07:36","modified_gmt":"2019-03-27T13:07:36","slug":"el-molinero-apaleado","status":"publish","type":"page","link":"https:\/\/fonollosaturisme.cat\/es\/gente-historias-y-leyendas\/occitanos-ladrones-y-bandoleros\/el-molinero-apaleado\/","title":{"rendered":"El molinero apaleado"},"content":{"rendered":"<p>En el a\u00f1o 1608, en el <strong>Molino del Querol de Camps<\/strong> (ver bosques de Camps, con la monta\u00f1a de Montserrat al fondo, vistos desde la iglesia de <a href=\"https:\/\/fonollosaturisme.cat\/santa-maria-de-camps\/\"><strong>Sta. Maria de Camps<\/strong><\/a>, en la foto superior) hubo un incidente violento entre Crist\u00f2fol Casas, un propietario muy iracundo de Fonollosa\u00a0 y un emigrante occitano, el molinero Arnau de Peyduxint.<\/p>\n<p>El propietario llev\u00f3 al molinero occitano trigo para moler. \u00c9l le dijo que no lo pod\u00eda moler hasta que la balsa no estuviese llena y se vaciase la tolva, y le propuso, mientras tanto, cenar juntos. Cuando acabaron de cenar bajaron a la balsa y empezaron a moler, pero la balsa no estaba lo suficientemente llena y qued\u00f3 un saco de cebada por moler. El propietario le orden\u00f3 que lo moliese, pero el molinero le respondi\u00f3 que no lo har\u00eda hasta que la balsa no estuviese llena. Entonces, Crist\u00f2fol le insult\u00f3 llam\u00e1ndolo \u201cGavacho porro\u201d por el hecho de hacerle esperar toda la noche. Le dio golpes con el pedre\u00f1al en la cabeza, las piernas, los brazos y los hombros. El molinero corri\u00f3 a casa de Joan Pintxo, de la casa Carol de Fonollosa, para que le curase con unos parches.<\/p>\n<p>La paliza termin\u00f3 en juicio y, aunque se desconoce el resultado, todo hace pensar que entre un propietario como Casas y un inmigrante occitano la justicia, en aquel momento, favorecer\u00eda al propietario.<\/p>\n","protected":false},"excerpt":{"rendered":"<p>En el a\u00f1o 1608, en el Molino del Querol de Camps (ver bosques de Camps, con la monta\u00f1a de Montserrat al fondo, vistos desde la iglesia de Sta. Maria de Camps, en la foto superior) hubo un incidente violento entre Crist\u00f2fol Casas, un propietario muy iracundo de Fonollosa\u00a0 y un emigrante occitano, el molinero Arnau&#8230;<\/p>\n","protected":false},"author":1,"featured_media":0,"parent":8548,"menu_order":2,"comment_status":"closed","ping_status":"closed","template":"","meta":{"_acf_changed":false,"footnotes":""},"class_list":["post-8553","page","type-page","status-publish","hentry"],"acf":[],"_links":{"self":[{"href":"https:\/\/fonollosaturisme.cat\/es\/wp-json\/wp\/v2\/pages\/8553","targetHints":{"allow":["GET"]}}],"collection":[{"href":"https:\/\/fonollosaturisme.cat\/es\/wp-json\/wp\/v2\/pages"}],"about":[{"href":"https:\/\/fonollosaturisme.cat\/es\/wp-json\/wp\/v2\/types\/page"}],"author":[{"embeddable":true,"href":"https:\/\/fonollosaturisme.cat\/es\/wp-json\/wp\/v2\/users\/1"}],"replies":[{"embeddable":true,"href":"https:\/\/fonollosaturisme.cat\/es\/wp-json\/wp\/v2\/comments?post=8553"}],"version-history":[{"count":0,"href":"https:\/\/fonollosaturisme.cat\/es\/wp-json\/wp\/v2\/pages\/8553\/revisions"}],"up":[{"embeddable":true,"href":"https:\/\/fonollosaturisme.cat\/es\/wp-json\/wp\/v2\/pages\/8548"}],"wp:attachment":[{"href":"https:\/\/fonollosaturisme.cat\/es\/wp-json\/wp\/v2\/media?parent=8553"}],"curies":[{"name":"wp","href":"https:\/\/api.w.org\/{rel}","templated":true}]}}