{"id":8554,"date":"2019-03-27T13:09:16","date_gmt":"2019-03-27T13:09:16","guid":{"rendered":"https:\/\/fonollosaturisme.cat\/gente-historias-y-leyendas\/occitanos-ladrones-y-bandoleros\/el-bastardo-feixes\/"},"modified":"2019-03-27T13:09:16","modified_gmt":"2019-03-27T13:09:16","slug":"el-bastardo-feixes","status":"publish","type":"page","link":"https:\/\/fonollosaturisme.cat\/es\/gente-historias-y-leyendas\/occitanos-ladrones-y-bandoleros\/el-bastardo-feixes\/","title":{"rendered":"El bastardo Feixes"},"content":{"rendered":"<p>Antoni Feixes, alias el Bastardo, era un hijo ileg\u00edtimo del due\u00f1o del mas de les Feixes de Coaner. Esta condici\u00f3n le hizo abandonar la casa paterna (quiz\u00e1 expulsado), y que se dedicase a la mala vida.<\/p>\n<p>El d\u00eda 1 de mayo de 1595 hab\u00eda fiesta grande en Camps. Se celebraba la fiesta del Roser y la iglesia se llen\u00f3 a desbordar para seguir el oficio extraordinario y cantar los gozos de la virgen. El rector de Camps no toleraba que sus feligreses entrasen al templo con armas y les obligaba a dejarlas en la <strong>puerta\u00a0<\/strong>(ver puerta de <a href=\"https:\/\/fonollosaturisme.cat\/santa-maria-de-camps\/\"><strong>Sta. Maria de Camps<\/strong><\/a> en la foto superior). Despu\u00e9s de la misa, los hombres recuperaron sus pedre\u00f1ales y escopetas, pero dos de ellos no encontraron sus armas. Todos atribuyeron el robo al Bastardo Feixes. El chico, que ten\u00eda unos 25 a\u00f1os, ten\u00eda fama de robar por las casas, sobretodo pedre\u00f1ales y piezas de ropa, que despu\u00e9s malvend\u00eda para ir subsistiendo. Algunos de los presentes recordaron haberle visto mir\u00e1ndose las armas que hab\u00eda apoyadas en la puerta. Mientras tanto, el sospechoso sali\u00f3 huyendo.<\/p>\n<p>No tard\u00f3 demasiados d\u00edas a ser detenido y encerrado en la prisi\u00f3n del castillo de Cardona. Bajo tortura, el Bastardo confes\u00f3 el robo de los pedre\u00f1ales de Camps y otros robos en varias mas\u00edas de Fonollosa.\u00a0Fue condenado a azotes y a diez a\u00f1os en galeras.<\/p>\n","protected":false},"excerpt":{"rendered":"<p>Antoni Feixes, alias el Bastardo, era un hijo ileg\u00edtimo del due\u00f1o del mas de les Feixes de Coaner. Esta condici\u00f3n le hizo abandonar la casa paterna (quiz\u00e1 expulsado), y que se dedicase a la mala vida. El d\u00eda 1 de mayo de 1595 hab\u00eda fiesta grande en Camps. Se celebraba la fiesta del Roser y&#8230;<\/p>\n","protected":false},"author":1,"featured_media":0,"parent":8548,"menu_order":3,"comment_status":"closed","ping_status":"closed","template":"","meta":{"_acf_changed":false,"footnotes":""},"class_list":["post-8554","page","type-page","status-publish","hentry"],"acf":[],"_links":{"self":[{"href":"https:\/\/fonollosaturisme.cat\/es\/wp-json\/wp\/v2\/pages\/8554","targetHints":{"allow":["GET"]}}],"collection":[{"href":"https:\/\/fonollosaturisme.cat\/es\/wp-json\/wp\/v2\/pages"}],"about":[{"href":"https:\/\/fonollosaturisme.cat\/es\/wp-json\/wp\/v2\/types\/page"}],"author":[{"embeddable":true,"href":"https:\/\/fonollosaturisme.cat\/es\/wp-json\/wp\/v2\/users\/1"}],"replies":[{"embeddable":true,"href":"https:\/\/fonollosaturisme.cat\/es\/wp-json\/wp\/v2\/comments?post=8554"}],"version-history":[{"count":0,"href":"https:\/\/fonollosaturisme.cat\/es\/wp-json\/wp\/v2\/pages\/8554\/revisions"}],"up":[{"embeddable":true,"href":"https:\/\/fonollosaturisme.cat\/es\/wp-json\/wp\/v2\/pages\/8548"}],"wp:attachment":[{"href":"https:\/\/fonollosaturisme.cat\/es\/wp-json\/wp\/v2\/media?parent=8554"}],"curies":[{"name":"wp","href":"https:\/\/api.w.org\/{rel}","templated":true}]}}