{"id":8556,"date":"2019-03-27T14:12:04","date_gmt":"2019-03-27T14:12:04","guid":{"rendered":"https:\/\/fonollosaturisme.cat\/gente-historias-y-leyendas\/occitanos-ladrones-y-bandoleros\/un-rector-ilustrado-jeroni-gallart\/"},"modified":"2019-03-27T14:12:04","modified_gmt":"2019-03-27T14:12:04","slug":"un-rector-ilustrado-jeroni-gallart","status":"publish","type":"page","link":"https:\/\/fonollosaturisme.cat\/es\/gente-historias-y-leyendas\/occitanos-ladrones-y-bandoleros\/un-rector-ilustrado-jeroni-gallart\/","title":{"rendered":"Un rector ilustrado: Jeroni Gallart"},"content":{"rendered":"<p>Hijo de Joan Casafranca, alias Gallart, un algodonero y mercader de Manresa, Jeroni curs\u00f3 los \u00a0estudios de capell\u00e1n. Sus padres procuraron encontrarle una parroquia adecuada a su status, que le proporcionase una renda elevada, y escogieron la <strong>parr\u00f2quia de Fals <\/strong>(ver St. Vicen\u00e7 de Fals en la foto superior), muestra de la buena situaci\u00f3n del pueblo en aquella \u00e9poca.<\/p>\n<p>Lo m\u00e1s interesante de su vida es lo que se supo despu\u00e9s de su muerte, ocurrida el 17 de septiembre de 1629. En el inventario de su herencia se encontraron 142 libros dentro de un ba\u00fal de cuero, cosa que indicaba que era una persona muy rica y muy culta. Entre los libros encontrados destaca la \u201cF\u00edsica de Arist\u00f3teles\u201d, una \u201cArs Magna\u201d de Ram\u00f3n Llull, una \u201cHistoria de los condes de Barcelona\u201d, una Gram\u00e1tica de Vinyes, una historia de Sant Ignasi, y autores como Eur\u00edpides, Erasmo, Llu\u00eds Vives, Quintiliano, Cucer\u00f3, Santo Tom\u00e1s de Aquino, Petro Lombardo, Durand\u00f3 y Gibraldo.<\/p>\n","protected":false},"excerpt":{"rendered":"<p>Hijo de Joan Casafranca, alias Gallart, un algodonero y mercader de Manresa, Jeroni curs\u00f3 los \u00a0estudios de capell\u00e1n. Sus padres procuraron encontrarle una parroquia adecuada a su status, que le proporcionase una renda elevada, y escogieron la parr\u00f2quia de Fals (ver St. Vicen\u00e7 de Fals en la foto superior), muestra de la buena situaci\u00f3n del&#8230;<\/p>\n","protected":false},"author":1,"featured_media":0,"parent":8548,"menu_order":4,"comment_status":"closed","ping_status":"closed","template":"","meta":{"_acf_changed":false,"footnotes":""},"class_list":["post-8556","page","type-page","status-publish","hentry"],"acf":[],"_links":{"self":[{"href":"https:\/\/fonollosaturisme.cat\/es\/wp-json\/wp\/v2\/pages\/8556","targetHints":{"allow":["GET"]}}],"collection":[{"href":"https:\/\/fonollosaturisme.cat\/es\/wp-json\/wp\/v2\/pages"}],"about":[{"href":"https:\/\/fonollosaturisme.cat\/es\/wp-json\/wp\/v2\/types\/page"}],"author":[{"embeddable":true,"href":"https:\/\/fonollosaturisme.cat\/es\/wp-json\/wp\/v2\/users\/1"}],"replies":[{"embeddable":true,"href":"https:\/\/fonollosaturisme.cat\/es\/wp-json\/wp\/v2\/comments?post=8556"}],"version-history":[{"count":0,"href":"https:\/\/fonollosaturisme.cat\/es\/wp-json\/wp\/v2\/pages\/8556\/revisions"}],"up":[{"embeddable":true,"href":"https:\/\/fonollosaturisme.cat\/es\/wp-json\/wp\/v2\/pages\/8548"}],"wp:attachment":[{"href":"https:\/\/fonollosaturisme.cat\/es\/wp-json\/wp\/v2\/media?parent=8556"}],"curies":[{"name":"wp","href":"https:\/\/api.w.org\/{rel}","templated":true}]}}