{"id":8560,"date":"2019-03-27T14:27:41","date_gmt":"2019-03-27T14:27:41","guid":{"rendered":"https:\/\/fonollosaturisme.cat\/gente-historias-y-leyendas\/entre-guerras\/guerra-del-frances-en-fals\/"},"modified":"2019-03-27T14:27:41","modified_gmt":"2019-03-27T14:27:41","slug":"guerra-del-frances-en-fals","status":"publish","type":"page","link":"https:\/\/fonollosaturisme.cat\/es\/gente-historias-y-leyendas\/entre-guerras\/guerra-del-frances-en-fals\/","title":{"rendered":"Guerra del franc\u00e9s en Fals"},"content":{"rendered":"<p>Durante la Guerra del franc\u00e9s, el somat\u00e9n de Fals estuvo presente en la batalla del Bruc. Parece que el superior del somat\u00e9n fue el joven Benet Bastardes, que podr\u00eda haber visto reconocida su participaci\u00f3n en aquella batalla. As\u00ed lo indica el hecho de que su nieto recibiese, en el a\u00f1o 1909, una medalla conmemorativa de manos del presidente del Gobierno, Antonio Maura, por la participaci\u00f3n de su abuelo en el Bruc.<\/p>\n<p>Sin embargo,\u00a0en el lugar <strong>Grau de Fals<\/strong>\u00a0 (ver <a href=\"https:\/\/fonollosaturisme.cat\/santa-maria-del-grau-de-fals\/\"><strong>Sta. Maria del Grau<\/strong><\/a><strong>\u00a0<\/strong>en la foto superior) hubo un hospital rural militar. Y, en una de les ocupaciones de Manresa, se estableci\u00f3 un dep\u00f3sito de munici\u00f3n en el mas Campserver de Fals, desde donde se aprovisionaba a los pelotones que atacaban a los gabachos en la parte del Pont Nou.<\/p>\n<p>Pero no todos los conflictos se produjeron en el frente. Mientras los somatenes manten\u00edan la posici\u00f3n del Bruc y guardaban un per\u00edmetro defensivo que llegaba a la vista de Barcelona, era necesario aprovisionarlos con alimentos y munici\u00f3n. Este aprovisionamiento motiv\u00f3 que el d\u00eda\u00a018 de agosto de 1808 el Alcalde de Fals, los dos concejales, y los propietarios Vicen\u00e7 Massana, Ram\u00f3n Sagrist\u00e0 de la Gabriela, Francesc Jaumandreu, Antoni Monconill y Pelegr\u00ed Casas, del Mas Serra, enviasen una carta de queja a la Junta Suprema de Cervera, porque la Junta de Manresa los hab\u00eda llevado a pasturar los bueyes que serv\u00edan para alimentar a los hombres del somat\u00e9n.<\/p>\n","protected":false},"excerpt":{"rendered":"<p>Durante la Guerra del franc\u00e9s, el somat\u00e9n de Fals estuvo presente en la batalla del Bruc. Parece que el superior del somat\u00e9n fue el joven Benet Bastardes, que podr\u00eda haber visto reconocida su participaci\u00f3n en aquella batalla. As\u00ed lo indica el hecho de que su nieto recibiese, en el a\u00f1o 1909, una medalla conmemorativa de&#8230;<\/p>\n","protected":false},"author":1,"featured_media":0,"parent":8558,"menu_order":2,"comment_status":"closed","ping_status":"closed","template":"","meta":{"_acf_changed":false,"footnotes":""},"class_list":["post-8560","page","type-page","status-publish","hentry"],"acf":[],"_links":{"self":[{"href":"https:\/\/fonollosaturisme.cat\/es\/wp-json\/wp\/v2\/pages\/8560","targetHints":{"allow":["GET"]}}],"collection":[{"href":"https:\/\/fonollosaturisme.cat\/es\/wp-json\/wp\/v2\/pages"}],"about":[{"href":"https:\/\/fonollosaturisme.cat\/es\/wp-json\/wp\/v2\/types\/page"}],"author":[{"embeddable":true,"href":"https:\/\/fonollosaturisme.cat\/es\/wp-json\/wp\/v2\/users\/1"}],"replies":[{"embeddable":true,"href":"https:\/\/fonollosaturisme.cat\/es\/wp-json\/wp\/v2\/comments?post=8560"}],"version-history":[{"count":0,"href":"https:\/\/fonollosaturisme.cat\/es\/wp-json\/wp\/v2\/pages\/8560\/revisions"}],"up":[{"embeddable":true,"href":"https:\/\/fonollosaturisme.cat\/es\/wp-json\/wp\/v2\/pages\/8558"}],"wp:attachment":[{"href":"https:\/\/fonollosaturisme.cat\/es\/wp-json\/wp\/v2\/media?parent=8560"}],"curies":[{"name":"wp","href":"https:\/\/api.w.org\/{rel}","templated":true}]}}