{"id":8564,"date":"2019-03-27T14:33:13","date_gmt":"2019-03-27T14:33:13","guid":{"rendered":"https:\/\/fonollosaturisme.cat\/gente-historias-y-leyendas\/tierra-de-carlistadas\/josep-morera-heroe-carlista\/"},"modified":"2019-03-27T14:33:13","modified_gmt":"2019-03-27T14:33:13","slug":"josep-morera-heroe-carlista","status":"publish","type":"page","link":"https:\/\/fonollosaturisme.cat\/es\/gente-historias-y-leyendas\/tierra-de-carlistadas\/josep-morera-heroe-carlista\/","title":{"rendered":"Josep Morera, h\u00e9roe carlista"},"content":{"rendered":"<p>Nacido en la <strong>calle Nou de Fonollosa <\/strong>(ver foto superior) en 1843, en una casa llamada de cal Miquel o ca la Miquela, era hijo de Vicen\u00e7 Morera, pay\u00e9s, y Rosa Trulls, ama de casa. A los 16 a\u00f1os se incorpora a la Tercera guerra carlista y toma parte, con gran hero\u00edsmo, en varias acciones militares. Destaca su actuaci\u00f3n en la batalla de Alpens, donde era uno de los hombres del comandante Wills que escoltaban al infante Don Alonso. Por su actuaci\u00f3n, se gana la segunda medalla militar.<\/p>\n<p>El d\u00eda 19 de julio, cuando los carlistas ataquen Igualada, ser\u00e1 \u00e9l quien atienda al comandante Wills, herido de muerte. Su coraje le valdr\u00e1 el ascenso a oficial.<\/p>\n<p>Con la derrota final de los carlistas, Josep Morera formar\u00e1 parte del s\u00e9quito del Infante Don Alfonso cuando este abandone Catalunya a finales de 1875. Josep volver\u00e1 a Fonollosa, donde el 27 de febrero de 1878 se casa con Antonia, hija de Pere de Puigdell\u00edvol y Rosa Simon, de cal Pere Moliner.<\/p>\n<p>Establecidos en Barcelona, donde parece que hizo carrera pol\u00edtica en c\u00edrculos carlistas, cuando se retira vuelve a Fonollosa con su mujer y su hija Rosa. Muere el 11 de noviembre de 1928 a los 75 a\u00f1os.<\/p>\n","protected":false},"excerpt":{"rendered":"<p>Nacido en la calle Nou de Fonollosa (ver foto superior) en 1843, en una casa llamada de cal Miquel o ca la Miquela, era hijo de Vicen\u00e7 Morera, pay\u00e9s, y Rosa Trulls, ama de casa. A los 16 a\u00f1os se incorpora a la Tercera guerra carlista y toma parte, con gran hero\u00edsmo, en varias acciones&#8230;<\/p>\n","protected":false},"author":1,"featured_media":0,"parent":8561,"menu_order":2,"comment_status":"closed","ping_status":"closed","template":"","meta":{"_acf_changed":false,"footnotes":""},"class_list":["post-8564","page","type-page","status-publish","hentry"],"acf":[],"_links":{"self":[{"href":"https:\/\/fonollosaturisme.cat\/es\/wp-json\/wp\/v2\/pages\/8564","targetHints":{"allow":["GET"]}}],"collection":[{"href":"https:\/\/fonollosaturisme.cat\/es\/wp-json\/wp\/v2\/pages"}],"about":[{"href":"https:\/\/fonollosaturisme.cat\/es\/wp-json\/wp\/v2\/types\/page"}],"author":[{"embeddable":true,"href":"https:\/\/fonollosaturisme.cat\/es\/wp-json\/wp\/v2\/users\/1"}],"replies":[{"embeddable":true,"href":"https:\/\/fonollosaturisme.cat\/es\/wp-json\/wp\/v2\/comments?post=8564"}],"version-history":[{"count":0,"href":"https:\/\/fonollosaturisme.cat\/es\/wp-json\/wp\/v2\/pages\/8564\/revisions"}],"up":[{"embeddable":true,"href":"https:\/\/fonollosaturisme.cat\/es\/wp-json\/wp\/v2\/pages\/8561"}],"wp:attachment":[{"href":"https:\/\/fonollosaturisme.cat\/es\/wp-json\/wp\/v2\/media?parent=8564"}],"curies":[{"name":"wp","href":"https:\/\/api.w.org\/{rel}","templated":true}]}}