{"id":8569,"date":"2019-03-27T14:40:59","date_gmt":"2019-03-27T14:40:59","guid":{"rendered":"https:\/\/fonollosaturisme.cat\/gente-historias-y-leyendas\/de-payeses-arrancados-a-industriales\/los-cafes\/"},"modified":"2019-03-27T14:40:59","modified_gmt":"2019-03-27T14:40:59","slug":"los-cafes","status":"publish","type":"page","link":"https:\/\/fonollosaturisme.cat\/es\/gente-historias-y-leyendas\/de-payeses-arrancados-a-industriales\/los-cafes\/","title":{"rendered":"Los caf\u00e9s"},"content":{"rendered":"<p>A finales del siglo XIX la gente de los peque\u00f1os pueblos empezaron a exigir locales de ocio, al estilo de los que disfrutaban los habitantes de las ciudades. En Fonollosa funcionaba un Caf\u00e9 que hab\u00eda abierto Ramon Bascompte en 1884, en Camps el local databa de 1885 y en Fals se inaugur\u00f3 en 1910 el Caf\u00e9 del Tinai.\u00a0En 1910 se construye en Fonollosa el <a href=\"https:\/\/fonollosaturisme.cat\/restaurant-cal-calet\/\"><strong>Caf\u00e8 del Calet <\/strong><\/a>(ver foto superior).<\/p>\n<p>En aquel tiempo el debate pol\u00edtico ocupaba un lugar destacado en la vida de los ciudadanos. En el n\u00facleo de Fonollosa los partidarios de la derecha se reun\u00edan en el Caf\u00e9 del Serarols, mientras que el lugar de encuentro de las izquierdas era el Caf\u00e8 del Calet. La polarizaci\u00f3n llegaba a tal extremo que la juventud no se pon\u00eda de acuerdo a la hora de montar la fiesta mayor y algunos a\u00f1os se organizaron dos, una en cada Caf\u00e9.\u00a0En el Caf\u00e9 del Calet se cre\u00f3 una asociaci\u00f3n cultural y recreativa llamada \u201cLa Violeta\u201d, que serv\u00eda para organizar bailes y fiestas, y actos de inter\u00e9s cultural y pol\u00edtico.\u00a0El Caf\u00e9 era un espacio de encuentro, siendo el momento \u00e1lgido la fiesta mayor, cuando sub\u00edan los m\u00fasicos y se celebraba el baile en la\u00a0 gran sala del primer piso.<\/p>\n<p>En el a\u00f1o 1923 el propietario, Llu\u00eds Garriga, recibi\u00f3 autorizaci\u00f3n del Ayuntamiento para abrir una tienda de comestibles.\u00a0Actualmente, el Caf\u00e9 continua abierto.<\/p>\n","protected":false},"excerpt":{"rendered":"<p>A finales del siglo XIX la gente de los peque\u00f1os pueblos empezaron a exigir locales de ocio, al estilo de los que disfrutaban los habitantes de las ciudades. En Fonollosa funcionaba un Caf\u00e9 que hab\u00eda abierto Ramon Bascompte en 1884, en Camps el local databa de 1885 y en Fals se inaugur\u00f3 en 1910 el&#8230;<\/p>\n","protected":false},"author":1,"featured_media":0,"parent":8566,"menu_order":2,"comment_status":"closed","ping_status":"closed","template":"","meta":{"_acf_changed":false,"footnotes":""},"class_list":["post-8569","page","type-page","status-publish","hentry"],"acf":[],"_links":{"self":[{"href":"https:\/\/fonollosaturisme.cat\/es\/wp-json\/wp\/v2\/pages\/8569","targetHints":{"allow":["GET"]}}],"collection":[{"href":"https:\/\/fonollosaturisme.cat\/es\/wp-json\/wp\/v2\/pages"}],"about":[{"href":"https:\/\/fonollosaturisme.cat\/es\/wp-json\/wp\/v2\/types\/page"}],"author":[{"embeddable":true,"href":"https:\/\/fonollosaturisme.cat\/es\/wp-json\/wp\/v2\/users\/1"}],"replies":[{"embeddable":true,"href":"https:\/\/fonollosaturisme.cat\/es\/wp-json\/wp\/v2\/comments?post=8569"}],"version-history":[{"count":0,"href":"https:\/\/fonollosaturisme.cat\/es\/wp-json\/wp\/v2\/pages\/8569\/revisions"}],"up":[{"embeddable":true,"href":"https:\/\/fonollosaturisme.cat\/es\/wp-json\/wp\/v2\/pages\/8566"}],"wp:attachment":[{"href":"https:\/\/fonollosaturisme.cat\/es\/wp-json\/wp\/v2\/media?parent=8569"}],"curies":[{"name":"wp","href":"https:\/\/api.w.org\/{rel}","templated":true}]}}