{"id":8570,"date":"2019-03-27T14:42:41","date_gmt":"2019-03-27T14:42:41","guid":{"rendered":"https:\/\/fonollosaturisme.cat\/gente-historias-y-leyendas\/de-payeses-arrancados-a-industriales\/un-literato-ramon-grau\/"},"modified":"2019-03-27T14:42:41","modified_gmt":"2019-03-27T14:42:41","slug":"un-literato-ramon-grau","status":"publish","type":"page","link":"https:\/\/fonollosaturisme.cat\/es\/gente-historias-y-leyendas\/de-payeses-arrancados-a-industriales\/un-literato-ramon-grau\/","title":{"rendered":"Un literato: Ramon Grau"},"content":{"rendered":"<p>Nacido el 23 de junio de 1849, fue un personaje polifac\u00e9tico, hijo de Segimon Grau y Maria Anna Casanovas, los propietarios del Grauet.<\/p>\n<p>Profes\u00f3 una devoci\u00f3n exagerada hacia la Virgen del Grau, una imagen que se veneraba desde tiempos inmemorables en una capilla situada al lado de su casa. Despu\u00e9s de incontables gestiones consigui\u00f3 que en marzo de 1906 el obispo Torras i Bages autorizase la creaci\u00f3n de un patronato o Junta de Administraci\u00f3n del <a href=\"https:\/\/fonollosaturisme.cat\/santa-maria-del-grau-de-fals\/\"><strong>Santuari de Nostra Senyora del Grau <\/strong><\/a>(ver foto superior), de donde fue secretario y tesorero.<\/p>\n<p>Otras de sus facetas fueron la de carpintero, picapedrero, escultor de piedra, dibujante y secretario del ayuntamiento de Fonollosa.\u00a0Pero donde m\u00e1s destac\u00f3 Ramon Grau fue en la grafoman\u00eda o pasi\u00f3n por la escritura. Fue un escritor extraordinariamente prol\u00edfico, con todo tipo de tem\u00e1ticas. Desde reflexiones personales de cariz filos\u00f3fico y religioso, pasando por una variada correspondencia, cr\u00f3nicas hist\u00f3ricas, estudios e invenciones, hasta notas sobre hechos cotidianos. Tambi\u00e9n escribir\u00e1 un libro sobre \u201cLa Virgen del Grau\u201d, editado en 1908.<\/p>\n","protected":false},"excerpt":{"rendered":"<p>Nacido el 23 de junio de 1849, fue un personaje polifac\u00e9tico, hijo de Segimon Grau y Maria Anna Casanovas, los propietarios del Grauet. Profes\u00f3 una devoci\u00f3n exagerada hacia la Virgen del Grau, una imagen que se veneraba desde tiempos inmemorables en una capilla situada al lado de su casa. Despu\u00e9s de incontables gestiones consigui\u00f3 que&#8230;<\/p>\n","protected":false},"author":1,"featured_media":0,"parent":8566,"menu_order":3,"comment_status":"closed","ping_status":"closed","template":"","meta":{"_acf_changed":false,"footnotes":""},"class_list":["post-8570","page","type-page","status-publish","hentry"],"acf":[],"_links":{"self":[{"href":"https:\/\/fonollosaturisme.cat\/es\/wp-json\/wp\/v2\/pages\/8570","targetHints":{"allow":["GET"]}}],"collection":[{"href":"https:\/\/fonollosaturisme.cat\/es\/wp-json\/wp\/v2\/pages"}],"about":[{"href":"https:\/\/fonollosaturisme.cat\/es\/wp-json\/wp\/v2\/types\/page"}],"author":[{"embeddable":true,"href":"https:\/\/fonollosaturisme.cat\/es\/wp-json\/wp\/v2\/users\/1"}],"replies":[{"embeddable":true,"href":"https:\/\/fonollosaturisme.cat\/es\/wp-json\/wp\/v2\/comments?post=8570"}],"version-history":[{"count":0,"href":"https:\/\/fonollosaturisme.cat\/es\/wp-json\/wp\/v2\/pages\/8570\/revisions"}],"up":[{"embeddable":true,"href":"https:\/\/fonollosaturisme.cat\/es\/wp-json\/wp\/v2\/pages\/8566"}],"wp:attachment":[{"href":"https:\/\/fonollosaturisme.cat\/es\/wp-json\/wp\/v2\/media?parent=8570"}],"curies":[{"name":"wp","href":"https:\/\/api.w.org\/{rel}","templated":true}]}}