{"id":8571,"date":"2019-03-27T14:46:45","date_gmt":"2019-03-27T14:46:45","guid":{"rendered":"https:\/\/fonollosaturisme.cat\/gente-historias-y-leyendas\/de-payeses-arrancados-a-industriales\/el-arquitecto-muncunill-un-maestro-de-la-boveda-catalana\/"},"modified":"2019-03-27T14:46:45","modified_gmt":"2019-03-27T14:46:45","slug":"el-arquitecto-muncunill-un-maestro-de-la-boveda-catalana","status":"publish","type":"page","link":"https:\/\/fonollosaturisme.cat\/es\/gente-historias-y-leyendas\/de-payeses-arrancados-a-industriales\/el-arquitecto-muncunill-un-maestro-de-la-boveda-catalana\/","title":{"rendered":"El arquitecto Muncunill, un maestro de la b\u00f3veda catalana"},"content":{"rendered":"<p>Nacido el 25 de febrero de 1868, era el hijo del due\u00f1o del <strong>mas Moncunill <\/strong>(ver foto inferior), hijo de Crist\u00f2fol Moncunill y Narcisa Parellada. Sus padres lo llevaron a Manresa a estudiar al Colegio de Sant Ignasi. Despu\u00e9s ingres\u00f3 en la Universidad de Barcelona, donde estudi\u00f3 la carrera de arquitectura.<\/p>\n<p>Se instal\u00f3 en Terrassa, de donde era originaria su madre, y el 6 de agosto fue nombrado arquitecto municipal. All\u00ed desarroll\u00f3 la mayor parte de su obra, pero tambi\u00e9n firm\u00f3 proyectos de edificios en Rub\u00ed, Ripoll, Matadepera, Montserrat, Ullastrell y Manresa (donde fue arquitecto municipal durante los a\u00f1os 1924 y 1925). Su obra abasta un centenar de edificios. En sus inicios dise\u00f1\u00f3 edificios siguiendo las pautas del neoclasicismo, como la Escuela Industrial de Terrassa (1901). Pronto, no obstante, se ver\u00e1 influenciado por el modernismo, con obras como la Casa Gorina (1902) y la Casa Joan Barata (1905).\u00a0A partir de entonces, desarrolla un lenguaje propio, caracterizado por la utilizaci\u00f3n de la b\u00f3veda de ladrillo plana, o b\u00f3veda catalana.\u00a0El ejemplo m\u00e1s impresionante de esta t\u00e9cnica es el Vapor Aymerich, Amat i Jover, inaugurado en 1908, actualmente sede del Museo de la Ci\u00e8ncia i la T\u00e8cnica de Catalunya.<\/p>\n<p>Otro proyecto suyo emblem\u00e1tico fue la transformaci\u00f3n de un viejo almac\u00e9n en la <strong>Masia Freixa de Terrassa <\/strong>(ver foto superior)<strong>.<\/strong> Acabado en 1910, el resultado fue una casa modernista peculiar, con unos porches de l\u00edneas curvas y una esbelta torre. Otras obras destacadas son el Caf\u00e9 Colom, el Ayuntamiento de Terrassa, la F\u00e1brica Izard, el Almac\u00e9n Miquel Boix, el Convento de las Josefinas, el Hotel Peninsular, la Sociedad General de Electricidad, el Gran Casino, la casa Joaquima Pujals, la Casa Benet Badrinas, y la Imprenta Ventayol.<\/p>\n<p>&nbsp;<\/p>\n","protected":false},"excerpt":{"rendered":"<p>Nacido el 25 de febrero de 1868, era el hijo del due\u00f1o del mas Moncunill (ver foto inferior), hijo de Crist\u00f2fol Moncunill y Narcisa Parellada. Sus padres lo llevaron a Manresa a estudiar al Colegio de Sant Ignasi. Despu\u00e9s ingres\u00f3 en la Universidad de Barcelona, donde estudi\u00f3 la carrera de arquitectura. Se instal\u00f3 en Terrassa,&#8230;<\/p>\n","protected":false},"author":1,"featured_media":0,"parent":8566,"menu_order":4,"comment_status":"closed","ping_status":"closed","template":"","meta":{"_acf_changed":false,"footnotes":""},"class_list":["post-8571","page","type-page","status-publish","hentry"],"acf":[],"_links":{"self":[{"href":"https:\/\/fonollosaturisme.cat\/es\/wp-json\/wp\/v2\/pages\/8571","targetHints":{"allow":["GET"]}}],"collection":[{"href":"https:\/\/fonollosaturisme.cat\/es\/wp-json\/wp\/v2\/pages"}],"about":[{"href":"https:\/\/fonollosaturisme.cat\/es\/wp-json\/wp\/v2\/types\/page"}],"author":[{"embeddable":true,"href":"https:\/\/fonollosaturisme.cat\/es\/wp-json\/wp\/v2\/users\/1"}],"replies":[{"embeddable":true,"href":"https:\/\/fonollosaturisme.cat\/es\/wp-json\/wp\/v2\/comments?post=8571"}],"version-history":[{"count":0,"href":"https:\/\/fonollosaturisme.cat\/es\/wp-json\/wp\/v2\/pages\/8571\/revisions"}],"up":[{"embeddable":true,"href":"https:\/\/fonollosaturisme.cat\/es\/wp-json\/wp\/v2\/pages\/8566"}],"wp:attachment":[{"href":"https:\/\/fonollosaturisme.cat\/es\/wp-json\/wp\/v2\/media?parent=8571"}],"curies":[{"name":"wp","href":"https:\/\/api.w.org\/{rel}","templated":true}]}}