{"id":8572,"date":"2019-03-27T14:49:03","date_gmt":"2019-03-27T14:49:03","guid":{"rendered":"https:\/\/fonollosaturisme.cat\/gente-historias-y-leyendas\/de-payeses-arrancados-a-industriales\/joan-moncunill-un-jesuita-formado-en-francia\/"},"modified":"2019-03-27T14:49:03","modified_gmt":"2019-03-27T14:49:03","slug":"joan-moncunill-un-jesuita-formado-en-francia","status":"publish","type":"page","link":"https:\/\/fonollosaturisme.cat\/es\/gente-historias-y-leyendas\/de-payeses-arrancados-a-industriales\/joan-moncunill-un-jesuita-formado-en-francia\/","title":{"rendered":"Joan Moncunill, un jesuita formado en Francia"},"content":{"rendered":"<p>Joan Moncunill, hermano del reconocido arquitecto, era, como \u00e9l, hijo del due\u00f1o del <strong>mas Moncunill<\/strong> (ver foto superior). Se traslad\u00f3 a Manresa para cursar los estudios elementales en el Colegio de Sant Ignasi, y fue all\u00ed donde se le despert\u00f3 la vocaci\u00f3n.<\/p>\n<p>Ingres\u00f3 en la universidad de Barcelona para seguir los cursos de ley. En el a\u00f1o 1867 entr\u00f3 en el noviciado de Balaguer, regido por la Compa\u00f1\u00eda de Jes\u00fas. En el oto\u00f1o del a\u00f1o siguiente, estalla la revoluci\u00f3n que hace caer al gobierno de Isabel II y desemboca en la Primera Rep\u00fablica. Una de las primeras medidas que tom\u00f3 la junta Revolucionaria fue la abolici\u00f3n de la Compa\u00f1\u00eda de Jes\u00fas, hecho que provoc\u00f3 la emigraci\u00f3n de muchos jesuitas. Joan continu\u00f3 su formaci\u00f3n en el noviciado de Santa Maria, cerca de Toulouse. Estudi\u00f3 dos cursos de filosof\u00eda en Aix en Provence, y fue ordenado sacerdote en 1874, en el Chateau de Saint Cassian.<\/p>\n<p>Una vez pasada la efervescencia revolucionaria, en 1876 fue destinado al Colegio de Sant Josep de Valencia, donde imparti\u00f3 clases de l\u00f3gica, matem\u00e1tica y metaf\u00edsica. Despu\u00e9s ense\u00f1\u00f3 en el monasterio jesuita de Veruela y en Tortosa. Escribi\u00f3 varios tratados de teolog\u00eda.<\/p>\n","protected":false},"excerpt":{"rendered":"<p>Joan Moncunill, hermano del reconocido arquitecto, era, como \u00e9l, hijo del due\u00f1o del mas Moncunill (ver foto superior). Se traslad\u00f3 a Manresa para cursar los estudios elementales en el Colegio de Sant Ignasi, y fue all\u00ed donde se le despert\u00f3 la vocaci\u00f3n. Ingres\u00f3 en la universidad de Barcelona para seguir los cursos de ley. En&#8230;<\/p>\n","protected":false},"author":1,"featured_media":0,"parent":8566,"menu_order":5,"comment_status":"closed","ping_status":"closed","template":"","meta":{"_acf_changed":false,"footnotes":""},"class_list":["post-8572","page","type-page","status-publish","hentry"],"acf":[],"_links":{"self":[{"href":"https:\/\/fonollosaturisme.cat\/es\/wp-json\/wp\/v2\/pages\/8572","targetHints":{"allow":["GET"]}}],"collection":[{"href":"https:\/\/fonollosaturisme.cat\/es\/wp-json\/wp\/v2\/pages"}],"about":[{"href":"https:\/\/fonollosaturisme.cat\/es\/wp-json\/wp\/v2\/types\/page"}],"author":[{"embeddable":true,"href":"https:\/\/fonollosaturisme.cat\/es\/wp-json\/wp\/v2\/users\/1"}],"replies":[{"embeddable":true,"href":"https:\/\/fonollosaturisme.cat\/es\/wp-json\/wp\/v2\/comments?post=8572"}],"version-history":[{"count":0,"href":"https:\/\/fonollosaturisme.cat\/es\/wp-json\/wp\/v2\/pages\/8572\/revisions"}],"up":[{"embeddable":true,"href":"https:\/\/fonollosaturisme.cat\/es\/wp-json\/wp\/v2\/pages\/8566"}],"wp:attachment":[{"href":"https:\/\/fonollosaturisme.cat\/es\/wp-json\/wp\/v2\/media?parent=8572"}],"curies":[{"name":"wp","href":"https:\/\/api.w.org\/{rel}","templated":true}]}}