{"id":8573,"date":"2019-03-27T14:51:43","date_gmt":"2019-03-27T14:51:43","guid":{"rendered":"https:\/\/fonollosaturisme.cat\/gente-historias-y-leyendas\/de-payeses-arrancados-a-industriales\/josep-pons-de-militar-en-cuba-a-capellan-en-las-canarias\/"},"modified":"2019-03-27T14:51:43","modified_gmt":"2019-03-27T14:51:43","slug":"josep-pons-de-militar-en-cuba-a-capellan-en-las-canarias","status":"publish","type":"page","link":"https:\/\/fonollosaturisme.cat\/es\/gente-historias-y-leyendas\/de-payeses-arrancados-a-industriales\/josep-pons-de-militar-en-cuba-a-capellan-en-las-canarias\/","title":{"rendered":"Josep Pons, de militar en Cuba a capell\u00e1n en las Canarias"},"content":{"rendered":"<p>Hijo de los masoveros de la <strong>Gabriela de Baix <\/strong>(ver la tina del mas en la foto superior), de peque\u00f1o no pudo ir a la escuela porque ten\u00eda que ayudar en casa y cuidar el ganado. A los diez a\u00f1os manifiesta que quiere ser capell\u00e1n. Como su familia no le puede pagar los estudios, el rector le ayuda a entrar en el colegio Sant Josep de Vic, una instituci\u00f3n para estudiantes pobres. Abandona por\u00a0dificultades econ\u00f3micas y es quintado en 1894 y en 1895, al regimiento de infanter\u00eda Cantabria. Al a\u00f1o siguiente embarca en el\u00a0 barco Montevideo, rumbo a Cuba, donde protagoniza algunas acciones de guerra comprometidas. Cae gravemente enfermo de disenter\u00eda por la insalubridad de las aguas, y es repatriado. Toda la vida arrastrar\u00e1 molestias intestinales.<\/p>\n<p>De vuelta al seminario, recibir\u00e1 del obispo Torras i Bages las \u00f3rdenes menores, y el 1904 ya dec\u00eda misa.\u00a0Aconsejado por un m\u00e9dico pide licencia para ir a hacer de capell\u00e1n a las Canarias. Desembarca en Tenerife, en la parroquia del poblado de Alajer\u00f3, donde coge fama de pegar a quien no se porta bien. Esto le valdr\u00e1 el sobrenombre de \u201cel Piment\u00f3n\u201d. En 1906 pasa a Garafia, en la illa de Palma, y despu\u00e9s vuelve a Tenerife, donde ser\u00e1 rector de varias parroquias. Muere\u00a0el 26 de agosto de 1964.<\/p>\n<p>Fue considerado por sus feligreses como un aut\u00e9ntico santo, porque a medida que envejec\u00eda radicalizaba su sacrificio: com\u00eda poco y mal, caminaba con alpargatas negras, calcetines agujereados y sotana descosida, e incluso descalzo. Dorm\u00eda sobre una cama de tablones, sin colch\u00f3n, y tambi\u00e9n dentro de una caja de madera. Hac\u00eda ayunos y penitencias, y llevaba disciplinas de alambre bajo la camiseta. Hac\u00eda sermones apocal\u00edpticos, y nunca dejaba que una mujer se acercase a \u00e9l.<\/p>\n","protected":false},"excerpt":{"rendered":"<p>Hijo de los masoveros de la Gabriela de Baix (ver la tina del mas en la foto superior), de peque\u00f1o no pudo ir a la escuela porque ten\u00eda que ayudar en casa y cuidar el ganado. A los diez a\u00f1os manifiesta que quiere ser capell\u00e1n. Como su familia no le puede pagar los estudios, el&#8230;<\/p>\n","protected":false},"author":1,"featured_media":0,"parent":8566,"menu_order":6,"comment_status":"closed","ping_status":"closed","template":"","meta":{"_acf_changed":false,"footnotes":""},"class_list":["post-8573","page","type-page","status-publish","hentry"],"acf":[],"_links":{"self":[{"href":"https:\/\/fonollosaturisme.cat\/es\/wp-json\/wp\/v2\/pages\/8573","targetHints":{"allow":["GET"]}}],"collection":[{"href":"https:\/\/fonollosaturisme.cat\/es\/wp-json\/wp\/v2\/pages"}],"about":[{"href":"https:\/\/fonollosaturisme.cat\/es\/wp-json\/wp\/v2\/types\/page"}],"author":[{"embeddable":true,"href":"https:\/\/fonollosaturisme.cat\/es\/wp-json\/wp\/v2\/users\/1"}],"replies":[{"embeddable":true,"href":"https:\/\/fonollosaturisme.cat\/es\/wp-json\/wp\/v2\/comments?post=8573"}],"version-history":[{"count":0,"href":"https:\/\/fonollosaturisme.cat\/es\/wp-json\/wp\/v2\/pages\/8573\/revisions"}],"up":[{"embeddable":true,"href":"https:\/\/fonollosaturisme.cat\/es\/wp-json\/wp\/v2\/pages\/8566"}],"wp:attachment":[{"href":"https:\/\/fonollosaturisme.cat\/es\/wp-json\/wp\/v2\/media?parent=8573"}],"curies":[{"name":"wp","href":"https:\/\/api.w.org\/{rel}","templated":true}]}}