{"id":8574,"date":"2019-03-27T14:53:49","date_gmt":"2019-03-27T14:53:49","guid":{"rendered":"https:\/\/fonollosaturisme.cat\/gente-historias-y-leyendas\/de-payeses-arrancados-a-industriales\/pere-pou-misionero-en-la-india\/"},"modified":"2019-03-27T14:53:49","modified_gmt":"2019-03-27T14:53:49","slug":"pere-pou-misionero-en-la-india","status":"publish","type":"page","link":"https:\/\/fonollosaturisme.cat\/es\/gente-historias-y-leyendas\/de-payeses-arrancados-a-industriales\/pere-pou-misionero-en-la-india\/","title":{"rendered":"Pere Pou, misionero en la India"},"content":{"rendered":"<p>Pere Pou naci\u00f3 en la <strong>calle Nou de Fonollosa <\/strong>(ver foto superior) el 20 de febrero de 1902. Hijo del maestro del pueblo, Teodor Pou, y su mujer Merc\u00e8 Montfort, de cal Ferrer de Aguilar. En junio de 1907 su padre se jubila de maestro y la familia se marcha a Terrassa, de donde proced\u00edan los Pou.<\/p>\n<p>El 9 de octubre de 1927 ingres\u00f3 en la Compa\u00f1\u00eda de Jes\u00fas, pero al proclamarse la segunda rep\u00fablica la Orden fue prohibida y tuvo que exiliarse a B\u00e9lgica. Pid\u00f3 ir a hacer misiones, y el a\u00f1o 1932 lo enviaron a la India. El 8 de enero de 1946 fue destinado al Seminario Pontificio de Kandy, una poblaci\u00f3n de la isla de Ceil\u00e1n. All\u00ed ense\u00f1\u00f3 dial\u00e9ctica y metaf\u00edsica durante siete a\u00f1os y, a partir de agosto de 1947, ejerci\u00f3 de vicerrector.\u00a0Cuando Ceil\u00e1n se independiz\u00f3 gestion\u00f3 el traslado del seminario a la ciudad India de Poona. Vestido de caqui con unas botas altas de goma, iba y ven\u00eda con una moto, con la larga barba ondeando al viento. No volvi\u00f3 nunca a casa, pero manten\u00eda el contacto con la familia. Un cuadro de la virgen de Montserrat le acompa\u00f1aba a todos los sitios.<\/p>\n<p>En febrero de 1959 se le diagnostic\u00f3 un c\u00e1ncer avanzado de est\u00f3mago y p\u00e1ncreas, pero sigui\u00f3 trabajando hasta que no pudo m\u00e1s. Poco antes de morir, pidi\u00f3 que le cantasen el \u201cveni sancte spiritus\u201d, algunos himnos en ingl\u00e9s y el <em>virolai<\/em> en catal\u00e1n. El 18 de mayo recibi\u00f3 la visita del obispo de Poona, que le bendijo, y a media tarde muri\u00f3. La familia notific\u00f3 la\u00a0defunci\u00f3n al rector de Fonollosa, que prometi\u00f3 que lo tendr\u00eda presente en sus oraciones.<\/p>\n","protected":false},"excerpt":{"rendered":"<p>Pere Pou naci\u00f3 en la calle Nou de Fonollosa (ver foto superior) el 20 de febrero de 1902. Hijo del maestro del pueblo, Teodor Pou, y su mujer Merc\u00e8 Montfort, de cal Ferrer de Aguilar. En junio de 1907 su padre se jubila de maestro y la familia se marcha a Terrassa, de donde proced\u00edan&#8230;<\/p>\n","protected":false},"author":1,"featured_media":0,"parent":8566,"menu_order":7,"comment_status":"closed","ping_status":"closed","template":"","meta":{"_acf_changed":false,"footnotes":""},"class_list":["post-8574","page","type-page","status-publish","hentry"],"acf":[],"_links":{"self":[{"href":"https:\/\/fonollosaturisme.cat\/es\/wp-json\/wp\/v2\/pages\/8574","targetHints":{"allow":["GET"]}}],"collection":[{"href":"https:\/\/fonollosaturisme.cat\/es\/wp-json\/wp\/v2\/pages"}],"about":[{"href":"https:\/\/fonollosaturisme.cat\/es\/wp-json\/wp\/v2\/types\/page"}],"author":[{"embeddable":true,"href":"https:\/\/fonollosaturisme.cat\/es\/wp-json\/wp\/v2\/users\/1"}],"replies":[{"embeddable":true,"href":"https:\/\/fonollosaturisme.cat\/es\/wp-json\/wp\/v2\/comments?post=8574"}],"version-history":[{"count":0,"href":"https:\/\/fonollosaturisme.cat\/es\/wp-json\/wp\/v2\/pages\/8574\/revisions"}],"up":[{"embeddable":true,"href":"https:\/\/fonollosaturisme.cat\/es\/wp-json\/wp\/v2\/pages\/8566"}],"wp:attachment":[{"href":"https:\/\/fonollosaturisme.cat\/es\/wp-json\/wp\/v2\/media?parent=8574"}],"curies":[{"name":"wp","href":"https:\/\/api.w.org\/{rel}","templated":true}]}}