{"id":8577,"date":"2019-03-27T14:59:05","date_gmt":"2019-03-27T14:59:05","guid":{"rendered":"https:\/\/fonollosaturisme.cat\/gente-historias-y-leyendas\/memorial-democratico-republica-guerra-franquismo-y-democracia\/guerra-civil-refugiados-emboscados-y-ametralladores\/"},"modified":"2019-03-27T14:59:05","modified_gmt":"2019-03-27T14:59:05","slug":"guerra-civil-refugiados-emboscados-y-ametralladores","status":"publish","type":"page","link":"https:\/\/fonollosaturisme.cat\/es\/gente-historias-y-leyendas\/memorial-democratico-republica-guerra-franquismo-y-democracia\/guerra-civil-refugiados-emboscados-y-ametralladores\/","title":{"rendered":"Guerra Civil: refugiados, emboscados y ametralladores"},"content":{"rendered":"<p>Con el estallido de\u00a0la guerra, varias familias de refugiados, procedentes de Seri\u00f1ena y otros lugares de Arag\u00f3n se aposentaron en\u00a0Fals. Los alojaron en la ermita del Grau, en cal Xiscano, en el Gorg Negre y en Jaumandreu.\u00a0En la casa de la Mongia vivieron unas mujeres que ten\u00edan a los hombres luchando en el frente.\u00a0En el Gorg Negre un grupo de mujeres con un mont\u00f3n de criaturas. Se les llamaba \u201clas carboneras\u201d, porque este era su oficio.\u00a0Otros optaron por desertar y esconderse en bosques. Eran los emboscados, que dorm\u00edan en escondites, cuevas y barracas. Sus familias les hac\u00edan llegar comestibles de manera disimulada. De noche se acercaban a casa y, cuando pod\u00edan, trabajaban en los campos. Algunos j\u00f3venes fueron a defender la rep\u00fablica, y muchos no volvieron a casa.<\/p>\n<p>El 22 de enero de 1939 las tropas franquistas ocuparon el v\u00e9rtice de Cal Xamal, donde instal\u00f3 la plana mayor el General Garc\u00eda Vali\u00f1o, y se desplegaron en la parte alta del Pla de Fals. Todav\u00eda se pueden encontrar algunos abrigos rudimentarios que hicieron los soldados para pasar la noche.\u00a0El 23 por la ma\u00f1ana los soldados empezaron a avanzar por el Pla, rodeando el grupo de casas del rabal de Oliveres. Una ametralladora republicana, instalada en la cima de <a href=\"https:\/\/fonollosaturisme.cat\/torre-sagimona\/\"><strong>La Torra<\/strong><\/a>\u00a0(ver foto superior), hizo fuego, mientras que otra disparaba desde el lado del pedregal. La artiller\u00eda respondi\u00f3 y derrumb\u00f3 parte de la construcci\u00f3n. Los ametralladores se retiraron en direcci\u00f3n a Manresa. Al otro lado del Pla de Fals, en un punto elevado de las Costetes, se situ\u00f3 otra ametralladora, que mat\u00f3 a un suboficial de los nacionales. Como venganza, los soldados de la ametralladora fueron fusilados. Al d\u00eda siguiente, el due\u00f1o del Grauet encontr\u00f3 los cuerpos de siete soldados, y una patrulla les enterr\u00f3 a todos juntos. Como la tumba era poco profunda, pronto los animales y las lluvias descubrieron una parte de los restos, y todav\u00eda hoy se encuentran huesos esparcidos de los soldados. Desde entonces, el lugar se le conoce como el \u201cPla dels Morts\u201d (\u201cPla de los Muertos\u201d).<\/p>\n<p>El Pla de Montconill tambi\u00e9n fue ocupado por los soldados nacionales. Cerca de Jaumeandreu murieron en combate cuatro o cinco soldados republicanos. Fueron enterrados en dos fosas diferentes, una cerca de la casa, la otra pasada la capilla de Sant Joan.<\/p>\n<p>En Subirana dos soldados republicanos pidieron acogida. El masovero les ofreci\u00f3 el pajar, pero una escuadra de regulares se los llev\u00f3 presos. Un poco m\u00e1s abajo, al lado de una barraca de vi\u00f1a, les fusilaron.<\/p>\n<p>Finalmente, todav\u00eda cabe resaltar otro lugar del municipio vinculado a la guerra. Cuando los\u00a0camiones y piezas de artiller\u00eda fascistas empezaron a bajar por la Costa de Pere Negre para dirigirse a Manresa, camino de Coll Baix, y mientras los soldados ocupaban las casas, una parte de la poblaci\u00f3n del Raval, mujeres y criaturas principalmente, se refugiaron en una cueva bajo cal Regueret, y en otros escondites.<\/p>\n<p>Los emboscados, por su lado, se entregaron a les tropas ocupantes y fueron internados en un campo de concentraci\u00f3n de prisioneros.<\/p>\n","protected":false},"excerpt":{"rendered":"<p>Con el estallido de\u00a0la guerra, varias familias de refugiados, procedentes de Seri\u00f1ena y otros lugares de Arag\u00f3n se aposentaron en\u00a0Fals. Los alojaron en la ermita del Grau, en cal Xiscano, en el Gorg Negre y en Jaumandreu.\u00a0En la casa de la Mongia vivieron unas mujeres que ten\u00edan a los hombres luchando en el frente.\u00a0En el&#8230;<\/p>\n","protected":false},"author":1,"featured_media":0,"parent":8575,"menu_order":1,"comment_status":"closed","ping_status":"closed","template":"","meta":{"_acf_changed":false,"footnotes":""},"class_list":["post-8577","page","type-page","status-publish","hentry"],"acf":[],"_links":{"self":[{"href":"https:\/\/fonollosaturisme.cat\/es\/wp-json\/wp\/v2\/pages\/8577","targetHints":{"allow":["GET"]}}],"collection":[{"href":"https:\/\/fonollosaturisme.cat\/es\/wp-json\/wp\/v2\/pages"}],"about":[{"href":"https:\/\/fonollosaturisme.cat\/es\/wp-json\/wp\/v2\/types\/page"}],"author":[{"embeddable":true,"href":"https:\/\/fonollosaturisme.cat\/es\/wp-json\/wp\/v2\/users\/1"}],"replies":[{"embeddable":true,"href":"https:\/\/fonollosaturisme.cat\/es\/wp-json\/wp\/v2\/comments?post=8577"}],"version-history":[{"count":0,"href":"https:\/\/fonollosaturisme.cat\/es\/wp-json\/wp\/v2\/pages\/8577\/revisions"}],"up":[{"embeddable":true,"href":"https:\/\/fonollosaturisme.cat\/es\/wp-json\/wp\/v2\/pages\/8575"}],"wp:attachment":[{"href":"https:\/\/fonollosaturisme.cat\/es\/wp-json\/wp\/v2\/media?parent=8577"}],"curies":[{"name":"wp","href":"https:\/\/api.w.org\/{rel}","templated":true}]}}