{"id":8578,"date":"2019-03-27T15:02:25","date_gmt":"2019-03-27T15:02:25","guid":{"rendered":"https:\/\/fonollosaturisme.cat\/gente-historias-y-leyendas\/memorial-democratico-republica-guerra-franquismo-y-democracia\/un-personaje-peculiar-eudald-serravinyals\/"},"modified":"2019-03-27T15:02:25","modified_gmt":"2019-03-27T15:02:25","slug":"un-personaje-peculiar-eudald-serravinyals","status":"publish","type":"page","link":"https:\/\/fonollosaturisme.cat\/es\/gente-historias-y-leyendas\/memorial-democratico-republica-guerra-franquismo-y-democracia\/un-personaje-peculiar-eudald-serravinyals\/","title":{"rendered":"Un personaje peculiar: Eudald Serravinyals"},"content":{"rendered":"<p>Hijo de la Molsosa, se cas\u00f3 con una de las hermanas Fontanet, herederas del <a href=\"https:\/\/fonollosaturisme.cat\/masoveria-sant-andreu\/\"><strong>mas Sant Andreu <\/strong><\/a>(ver foto superior). Era un hombre alto y robusto y llevaba una barba espesa. Era irreverente, rudo y hura\u00f1o.<\/p>\n<p>Le gustaban los animales de cuatro patas, y acud\u00eda a muchas ferias de ganado de toda Catalunya.\u00a0A principios de la guerra civil, representantes del ej\u00e9rcito pasaban casa por casa para confiscar los animales que se necesitaban para la guerra. Temiendo quedarse sin sus mulas, las amaestr\u00f3 para que a cada intento de acariciarlas estas reaccionasen con coces, de manera que los militares desistieron de llev\u00e1rselas.<\/p>\n<p>Le gustaba pasearse fanfarroneando encima de su caballo, que engalanaba con una silla decorada, un copete en la cabeza y cascabeles por todos los lados. Le encantaba encabezar las comitivas festivas, y era un ferviente militante de la Falange, m\u00e1s por los uniformes y los s\u00edmbolos que no por la ideolog\u00eda.<\/p>\n<p>Durante la guerra se esconde en el Mas Comallonga, pero cuando entran las tropas franquistas reaparece haciendo ostentaci\u00f3n de una gran cantidad de medallas, rosarios, medallitas de la Virgen y un gran reloj de bolsillo. Se dice que, el d\u00eda que entr\u00f3 la vanguardia del ej\u00e9rcito franquista en Manresa, \u00e9l encabezaba la marcha, montado a caballo y con una gran bandera espa\u00f1ola en la mano.<\/p>\n<p>Con el paso de los a\u00f1os el hombre se volver\u00e1 menos sociable y m\u00e1s canalla. La familia no le aguantaba y lo ten\u00edan a cargo de los masoveros de Comallonga, una propiedad de Sant Andreu. Cuando pasaba gente, sal\u00eda a la galer\u00eda y orinaba delante de todo el mundo. Bajando de Sant Lloren\u00e7 de Morunys, la camioneta donde iba tuvo un accidente y qued\u00f3 cojo. Arrastr\u00e1ndose con dos bastones, hac\u00eda estancias en Manresa, en casa de su resobrina Eudalda, su ahijada y la \u00fanica persona con quien demostraba una cierta consideraci\u00f3n. Muri\u00f3 en 1965, con m\u00e1s de 90 a\u00f1os, y fue enterrado en el cementerio de la sufrag\u00e1nea de Sant Andreu.<\/p>\n","protected":false},"excerpt":{"rendered":"<p>Hijo de la Molsosa, se cas\u00f3 con una de las hermanas Fontanet, herederas del mas Sant Andreu (ver foto superior). Era un hombre alto y robusto y llevaba una barba espesa. Era irreverente, rudo y hura\u00f1o. Le gustaban los animales de cuatro patas, y acud\u00eda a muchas ferias de ganado de toda Catalunya.\u00a0A principios de&#8230;<\/p>\n","protected":false},"author":1,"featured_media":0,"parent":8575,"menu_order":2,"comment_status":"closed","ping_status":"closed","template":"","meta":{"_acf_changed":false,"footnotes":""},"class_list":["post-8578","page","type-page","status-publish","hentry"],"acf":[],"_links":{"self":[{"href":"https:\/\/fonollosaturisme.cat\/es\/wp-json\/wp\/v2\/pages\/8578","targetHints":{"allow":["GET"]}}],"collection":[{"href":"https:\/\/fonollosaturisme.cat\/es\/wp-json\/wp\/v2\/pages"}],"about":[{"href":"https:\/\/fonollosaturisme.cat\/es\/wp-json\/wp\/v2\/types\/page"}],"author":[{"embeddable":true,"href":"https:\/\/fonollosaturisme.cat\/es\/wp-json\/wp\/v2\/users\/1"}],"replies":[{"embeddable":true,"href":"https:\/\/fonollosaturisme.cat\/es\/wp-json\/wp\/v2\/comments?post=8578"}],"version-history":[{"count":0,"href":"https:\/\/fonollosaturisme.cat\/es\/wp-json\/wp\/v2\/pages\/8578\/revisions"}],"up":[{"embeddable":true,"href":"https:\/\/fonollosaturisme.cat\/es\/wp-json\/wp\/v2\/pages\/8575"}],"wp:attachment":[{"href":"https:\/\/fonollosaturisme.cat\/es\/wp-json\/wp\/v2\/media?parent=8578"}],"curies":[{"name":"wp","href":"https:\/\/api.w.org\/{rel}","templated":true}]}}