{"id":8579,"date":"2019-03-27T15:06:41","date_gmt":"2019-03-27T15:06:41","guid":{"rendered":"https:\/\/fonollosaturisme.cat\/gente-historias-y-leyendas\/memorial-democratico-republica-guerra-franquismo-y-democracia\/maquis\/"},"modified":"2019-03-27T15:06:41","modified_gmt":"2019-03-27T15:06:41","slug":"maquis","status":"publish","type":"page","link":"https:\/\/fonollosaturisme.cat\/es\/gente-historias-y-leyendas\/memorial-democratico-republica-guerra-franquismo-y-democracia\/maquis\/","title":{"rendered":"Maquis"},"content":{"rendered":"<p>La mayor\u00eda de los guerrilleros maquis cayeron a manos de la polic\u00eda o se retiraron, y a principios de la d\u00e9cada de los 60 el Caracremada era el \u00fanico que segu\u00eda en activo. El 24 de julio atentaron junto con su compa\u00f1ero Pedro Antonio S\u00e1nchez Mart\u00ednez contra varias torres de alta tensi\u00f3n del Pla de Fals y el Pla de Moncunill. En una de las torres colgaron una bandera de la FAI. Huyeron en direcci\u00f3n a la frontera norte, pasando por el <a href=\"https:\/\/fonollosaturisme.cat\/restaurant\/\"><strong>Mol\u00ed de Boixeda <\/strong><\/a>(ver foto superior).\u00a0El 2 de agosto de 1963 Caracremada volvi\u00f3 a Fals y vol\u00f3 tres torres al lado mismo de Cal Prim.<\/p>\n<p>A finales del verano de 1945, un grupo de maquis, conocida como la partida de \u201cLos feos\u201d, se infiltr\u00f3 por la frontera en direcci\u00f3n a Andaluc\u00eda, su tierra. Unos cuantos de ellos se refugiaron unos d\u00edas en una cueva en el Pla dels Manresans. Estaban hambrientos y fueron a pedir comida a la Torre, donde se hospedaba un seminarista que hac\u00eda clases de repaso a los ni\u00f1os. Siguiendo las consignas de la polic\u00eda, este corri\u00f3 a denunciar los hechos. Al atardecer del d\u00eda 7 de septiembre, numerosos efectivos de la Guardia Civil rodearon a los maquis. Aprovechando la oscuridad, algunos pudieron escapar, pero uno fue abatido por las balas. Se trataba de Gaspar L\u00f3pez Jim\u00e9nez, alias \u201cEl Rubio\u201d. El lugar donde muri\u00f3 se conoce desde entonces como el <strong>\u201cCamp o Pla del Maquis\u201d <\/strong>(ver foto encabezamiento), aunque probablemente los hechos tuvieron lugar en una <strong>cueva<\/strong> muy cercana (ver foto superior) . Cuando lleg\u00f3 el juez y levantaron el cad\u00e1ver llamaron a Jaume Juvert, de cal Sadurn\u00ed, para que trasladase el difunto al cementerio con su carro volquete. Fue enterrado en el suelo, sin ata\u00fad, envuelto con un estop\u00f3n. En 1992, la asociaci\u00f3n \u201cAmical de Antiguos Guerrilleros Espa\u00f1oles\u201d le rindi\u00f3 homenaje y dignific\u00f3 su tumba con una l\u00e1pida.<\/p>\n","protected":false},"excerpt":{"rendered":"<p>La mayor\u00eda de los guerrilleros maquis cayeron a manos de la polic\u00eda o se retiraron, y a principios de la d\u00e9cada de los 60 el Caracremada era el \u00fanico que segu\u00eda en activo. El 24 de julio atentaron junto con su compa\u00f1ero Pedro Antonio S\u00e1nchez Mart\u00ednez contra varias torres de alta tensi\u00f3n del Pla de&#8230;<\/p>\n","protected":false},"author":1,"featured_media":0,"parent":8575,"menu_order":3,"comment_status":"closed","ping_status":"closed","template":"","meta":{"_acf_changed":false,"footnotes":""},"class_list":["post-8579","page","type-page","status-publish","hentry"],"acf":[],"_links":{"self":[{"href":"https:\/\/fonollosaturisme.cat\/es\/wp-json\/wp\/v2\/pages\/8579","targetHints":{"allow":["GET"]}}],"collection":[{"href":"https:\/\/fonollosaturisme.cat\/es\/wp-json\/wp\/v2\/pages"}],"about":[{"href":"https:\/\/fonollosaturisme.cat\/es\/wp-json\/wp\/v2\/types\/page"}],"author":[{"embeddable":true,"href":"https:\/\/fonollosaturisme.cat\/es\/wp-json\/wp\/v2\/users\/1"}],"replies":[{"embeddable":true,"href":"https:\/\/fonollosaturisme.cat\/es\/wp-json\/wp\/v2\/comments?post=8579"}],"version-history":[{"count":0,"href":"https:\/\/fonollosaturisme.cat\/es\/wp-json\/wp\/v2\/pages\/8579\/revisions"}],"up":[{"embeddable":true,"href":"https:\/\/fonollosaturisme.cat\/es\/wp-json\/wp\/v2\/pages\/8575"}],"wp:attachment":[{"href":"https:\/\/fonollosaturisme.cat\/es\/wp-json\/wp\/v2\/media?parent=8579"}],"curies":[{"name":"wp","href":"https:\/\/api.w.org\/{rel}","templated":true}]}}