{"id":8580,"date":"2019-03-27T15:08:32","date_gmt":"2019-03-27T15:08:32","guid":{"rendered":"https:\/\/fonollosaturisme.cat\/gente-historias-y-leyendas\/memorial-democratico-republica-guerra-franquismo-y-democracia\/la-mina-de-camps\/"},"modified":"2019-03-27T15:08:32","modified_gmt":"2019-03-27T15:08:32","slug":"la-mina-de-camps","status":"publish","type":"page","link":"https:\/\/fonollosaturisme.cat\/es\/gente-historias-y-leyendas\/memorial-democratico-republica-guerra-franquismo-y-democracia\/la-mina-de-camps\/","title":{"rendered":"La Mina de Camps"},"content":{"rendered":"<p>En Camps hubo una mina, aunque su explotaci\u00f3n dur\u00f3 pocos a\u00f1os. El 4 de septiembre de 1946 la \u201cjefatura del Distrito Minero de Barcelona\u201d pidi\u00f3 al Ayuntamiento de Fonollosa que pusiese a exposici\u00f3n p\u00fablica durante 30 d\u00edas el edicto de apertura de la mina de lignito llamada \u201cMontserrat\u201d. El titular de la mina era Carles Vives Cabot. Parece que la mina fue un proyecto de Pepet Casellas Grif\u00e9, el due\u00f1o de cal Putx\u00f3, una casa de Castelltallat lindante con Fonollosa.<\/p>\n<p>La mina era de carb\u00f3n, concretamente de lignito, un carb\u00f3n considerado pobre. La mina se encuentra en la vertiente derecha del torrente que baja de Cal Bota, en un lugar de dif\u00edcil acceso a causa de la inclinaci\u00f3n del terreno y las zarzas. La extracci\u00f3n se hac\u00eda con picos y palas, seguramente con la ayuda de alg\u00fan barreno. El carb\u00f3n lo bajaban a Manresa y lo vend\u00edan a un carbonero hijo del mas Campserver de Fals. La empresa no dur\u00f3 mucho, porque el carb\u00f3n era escaso y malo. Parece que podr\u00eda haber estado abierta desde finales de 1946 a mediados de 1947.<\/p>\n","protected":false},"excerpt":{"rendered":"<p>En Camps hubo una mina, aunque su explotaci\u00f3n dur\u00f3 pocos a\u00f1os. El 4 de septiembre de 1946 la \u201cjefatura del Distrito Minero de Barcelona\u201d pidi\u00f3 al Ayuntamiento de Fonollosa que pusiese a exposici\u00f3n p\u00fablica durante 30 d\u00edas el edicto de apertura de la mina de lignito llamada \u201cMontserrat\u201d. El titular de la mina era Carles&#8230;<\/p>\n","protected":false},"author":3,"featured_media":0,"parent":8575,"menu_order":4,"comment_status":"closed","ping_status":"closed","template":"","meta":{"_acf_changed":false,"footnotes":""},"class_list":["post-8580","page","type-page","status-publish","hentry"],"acf":[],"_links":{"self":[{"href":"https:\/\/fonollosaturisme.cat\/es\/wp-json\/wp\/v2\/pages\/8580","targetHints":{"allow":["GET"]}}],"collection":[{"href":"https:\/\/fonollosaturisme.cat\/es\/wp-json\/wp\/v2\/pages"}],"about":[{"href":"https:\/\/fonollosaturisme.cat\/es\/wp-json\/wp\/v2\/types\/page"}],"author":[{"embeddable":true,"href":"https:\/\/fonollosaturisme.cat\/es\/wp-json\/wp\/v2\/users\/3"}],"replies":[{"embeddable":true,"href":"https:\/\/fonollosaturisme.cat\/es\/wp-json\/wp\/v2\/comments?post=8580"}],"version-history":[{"count":0,"href":"https:\/\/fonollosaturisme.cat\/es\/wp-json\/wp\/v2\/pages\/8580\/revisions"}],"up":[{"embeddable":true,"href":"https:\/\/fonollosaturisme.cat\/es\/wp-json\/wp\/v2\/pages\/8575"}],"wp:attachment":[{"href":"https:\/\/fonollosaturisme.cat\/es\/wp-json\/wp\/v2\/media?parent=8580"}],"curies":[{"name":"wp","href":"https:\/\/api.w.org\/{rel}","templated":true}]}}