{"id":8581,"date":"2019-03-27T15:11:11","date_gmt":"2019-03-27T15:11:11","guid":{"rendered":"https:\/\/fonollosaturisme.cat\/gente-historias-y-leyendas\/memorial-democratico-republica-guerra-franquismo-y-democracia\/el-mosen-progresista-lluis-solernou\/"},"modified":"2019-03-27T15:11:11","modified_gmt":"2019-03-27T15:11:11","slug":"el-mosen-progresista-lluis-solernou","status":"publish","type":"page","link":"https:\/\/fonollosaturisme.cat\/es\/gente-historias-y-leyendas\/memorial-democratico-republica-guerra-franquismo-y-democracia\/el-mosen-progresista-lluis-solernou\/","title":{"rendered":"El mos\u00e9n progresista Llu\u00eds Solernou"},"content":{"rendered":"<p>Nacido en Manresa en 1940, fue un capell\u00e1n de car\u00e1cter inconformista y de compromiso con todas las capas sociales. Esto le vali\u00f3 enfrentamientos con su rector en la Sagrada Fam\u00edlia de Manresa hasta que, enfermo y desanimado, fue cesado. Una vez repuesto fue enviado como rector de Rajadell, donde empez\u00f3 a ejercer en el a\u00f1o 1969.<\/p>\n<p>Convencido de las ideas del Concilio Vaticano y admirador de Gandhi, enseguida se rode\u00f3 de un grupo de j\u00f3venes del pueblo y de residentes de fin de semana, y se involucr\u00f3 en numerosas actividades culturales y sociales. Su talante moderno no gust\u00f3 a los sectores m\u00e1s conservadores y, a finales de 1969, el obispado decide que, dada la vacante de rector de Fals, el rector de Rajadell lo ten\u00eda que ser de los dos pueblos.<\/p>\n<p>En Fals se involucr\u00f3 en la restituci\u00f3n de la imagen de la Virgen del Grau, que estaba en el Museo de la Seu de Manresa. Igual que hab\u00eda pasado en Rajadell, se rodea de un grupo de j\u00f3venes muy activo, organizando todo tipo de actividades. Ser\u00e1 uno de los inspiradores de la construcci\u00f3n del <strong>Casal de Fals <\/strong>(ver foto superior) y de la asociaci\u00f3n que le da cobijo. Tambi\u00e9n ser\u00e1 uno de los impulsores del bel\u00e9n viviente de Fals en el a\u00f1o 1976.<\/p>\n<p>En octubre de 1989 tuvo que dejar el cargo de rector al conced\u00e9rsele la secularizaci\u00f3n. Se traslad\u00f3 a vivir a Manresa, y\u00a0 en 1993 contrajo matrimonio con Encarnaci\u00f3 Coromines Parcerisas, de cal Pastoret de Rajadell. Apartado del ministerio religioso, trabaj\u00f3 en el restaurante de l\u2019Ateneu de Manresa, en una empresa metal\u00fargica y, finalmente, en la residencia de ancianos de la Sagrada Fam\u00edlia de la capital del Bages. Muri\u00f3 en el a\u00f1o 2001.<\/p>\n","protected":false},"excerpt":{"rendered":"<p>Nacido en Manresa en 1940, fue un capell\u00e1n de car\u00e1cter inconformista y de compromiso con todas las capas sociales. Esto le vali\u00f3 enfrentamientos con su rector en la Sagrada Fam\u00edlia de Manresa hasta que, enfermo y desanimado, fue cesado. Una vez repuesto fue enviado como rector de Rajadell, donde empez\u00f3 a ejercer en el a\u00f1o&#8230;<\/p>\n","protected":false},"author":1,"featured_media":0,"parent":8575,"menu_order":5,"comment_status":"closed","ping_status":"closed","template":"","meta":{"_acf_changed":false,"footnotes":""},"class_list":["post-8581","page","type-page","status-publish","hentry"],"acf":[],"_links":{"self":[{"href":"https:\/\/fonollosaturisme.cat\/es\/wp-json\/wp\/v2\/pages\/8581","targetHints":{"allow":["GET"]}}],"collection":[{"href":"https:\/\/fonollosaturisme.cat\/es\/wp-json\/wp\/v2\/pages"}],"about":[{"href":"https:\/\/fonollosaturisme.cat\/es\/wp-json\/wp\/v2\/types\/page"}],"author":[{"embeddable":true,"href":"https:\/\/fonollosaturisme.cat\/es\/wp-json\/wp\/v2\/users\/1"}],"replies":[{"embeddable":true,"href":"https:\/\/fonollosaturisme.cat\/es\/wp-json\/wp\/v2\/comments?post=8581"}],"version-history":[{"count":0,"href":"https:\/\/fonollosaturisme.cat\/es\/wp-json\/wp\/v2\/pages\/8581\/revisions"}],"up":[{"embeddable":true,"href":"https:\/\/fonollosaturisme.cat\/es\/wp-json\/wp\/v2\/pages\/8575"}],"wp:attachment":[{"href":"https:\/\/fonollosaturisme.cat\/es\/wp-json\/wp\/v2\/media?parent=8581"}],"curies":[{"name":"wp","href":"https:\/\/api.w.org\/{rel}","templated":true}]}}