{"id":8582,"date":"2019-03-27T15:13:02","date_gmt":"2019-03-27T15:13:02","guid":{"rendered":"https:\/\/fonollosaturisme.cat\/gente-historias-y-leyendas\/memorial-democratico-republica-guerra-franquismo-y-democracia\/la-asamblea-del-bages\/"},"modified":"2019-03-27T15:13:02","modified_gmt":"2019-03-27T15:13:02","slug":"la-asamblea-del-bages","status":"publish","type":"page","link":"https:\/\/fonollosaturisme.cat\/es\/gente-historias-y-leyendas\/memorial-democratico-republica-guerra-franquismo-y-democracia\/la-asamblea-del-bages\/","title":{"rendered":"La Asamblea del Bages"},"content":{"rendered":"<p>La Assemblea del Bages fue el primer\u00a0<strong>n\u00facleo local y comarcal\u00a0<\/strong>que funcion\u00f3 y uno de los que tuvieron una trayectoria m\u00e1s importante en el pa\u00eds. La Assemblea del Bages estaba integrada dentro de la Assemblea de Catalunya, el \u00f3rgano opositor a la dictadura m\u00e1s grande de la historia,\u00a0<strong>creado en el a\u00f1o 1971<\/strong>\u00a0con voluntad de no centralizarse sino de estar presente en los n\u00facleos locales y comarcales. La Assemblea de Catalunya aglutin\u00f3 la mayor\u00eda de partidos pol\u00edticos de izquierdas, junto con sindicatos, organizaciones sociales, artistas e intelectuales importantes de aquel tiempo, y coordin\u00f3, lider\u00f3 y organiz\u00f3 la resistencia y las principales movilizaciones populares contra la dictadura.<\/p>\n<p>La primera reuni\u00f3n de la Assemblea del Bages tuvo lugar en marzo de 1971, cuando unas sesenta personas se reunieron en la iglesia de <a href=\"https:\/\/fonollosaturisme.cat\/santa-maria-de-camps\/\"><strong>Santa Maria de Camps <\/strong><\/a>(ver lateral de la iglesia en la foto superior), cedida por el rector Jordi Canamases, en su primera sesi\u00f3n plenaria. Acudieron miembros del PSUC, CPP, CCOO, UDC, Partido Carlista, sectores de los movimientos cat\u00f3licos y representantes de la sociedad civil. Tambi\u00e9n fue Joan Colomines, del Front Nacional de Catalunya y como representante de la Assemblea de Catalunya.<\/p>\n<p>A partir del segundo plenario, celebrado en Fals en 1973, el grupo asumi\u00f3 la condici\u00f3n de comarcal, y en 1976 pas\u00f3 a denominarse <em>Assemblea\u00a0<\/em><em>Democr\u00e0tica del Bages<\/em>. Las delegaciones se extendieron a la mayor\u00eda de municipios de la comarca. La Assemblea de Navarcles o la de Sallent, por ejemplo, fueron especialmente activas.<\/p>\n","protected":false},"excerpt":{"rendered":"<p>La Assemblea del Bages fue el primer\u00a0n\u00facleo local y comarcal\u00a0que funcion\u00f3 y uno de los que tuvieron una trayectoria m\u00e1s importante en el pa\u00eds. La Assemblea del Bages estaba integrada dentro de la Assemblea de Catalunya, el \u00f3rgano opositor a la dictadura m\u00e1s grande de la historia,\u00a0creado en el a\u00f1o 1971\u00a0con voluntad de no centralizarse&#8230;<\/p>\n","protected":false},"author":1,"featured_media":0,"parent":8575,"menu_order":6,"comment_status":"closed","ping_status":"closed","template":"","meta":{"_acf_changed":false,"footnotes":""},"class_list":["post-8582","page","type-page","status-publish","hentry"],"acf":[],"_links":{"self":[{"href":"https:\/\/fonollosaturisme.cat\/es\/wp-json\/wp\/v2\/pages\/8582","targetHints":{"allow":["GET"]}}],"collection":[{"href":"https:\/\/fonollosaturisme.cat\/es\/wp-json\/wp\/v2\/pages"}],"about":[{"href":"https:\/\/fonollosaturisme.cat\/es\/wp-json\/wp\/v2\/types\/page"}],"author":[{"embeddable":true,"href":"https:\/\/fonollosaturisme.cat\/es\/wp-json\/wp\/v2\/users\/1"}],"replies":[{"embeddable":true,"href":"https:\/\/fonollosaturisme.cat\/es\/wp-json\/wp\/v2\/comments?post=8582"}],"version-history":[{"count":0,"href":"https:\/\/fonollosaturisme.cat\/es\/wp-json\/wp\/v2\/pages\/8582\/revisions"}],"up":[{"embeddable":true,"href":"https:\/\/fonollosaturisme.cat\/es\/wp-json\/wp\/v2\/pages\/8575"}],"wp:attachment":[{"href":"https:\/\/fonollosaturisme.cat\/es\/wp-json\/wp\/v2\/media?parent=8582"}],"curies":[{"name":"wp","href":"https:\/\/api.w.org\/{rel}","templated":true}]}}