{"id":8585,"date":"2019-03-27T15:16:35","date_gmt":"2019-03-27T15:16:35","guid":{"rendered":"https:\/\/fonollosaturisme.cat\/leyendas\/leyenda-dels-espatllats-los-estropeados\/"},"modified":"2019-03-27T15:16:35","modified_gmt":"2019-03-27T15:16:35","slug":"leyenda-dels-espatllats-los-estropeados","status":"publish","type":"page","link":"https:\/\/fonollosaturisme.cat\/es\/leyendas\/leyenda-dels-espatllats-los-estropeados\/","title":{"rendered":"Leyenda dels espatllats ( los estropeados )"},"content":{"rendered":"<p>La leyenda de Els espatllats da nombre a un paraje rocoso cercano al n\u00facleo de Fonollosa, donde se dice que antiguamente hab\u00eda habido una casa que desapareci\u00f3 bajo los escombros a causa de fen\u00f3menos poco claros.<\/p>\n<p>Estos hechos fueron recogidos en un libro de leyendas y cuentos del Bages: Hace muchos a\u00f1os un hombre y su mujer fueron a misa. Mientras estaban en la iglesia del pueblo, su casa sufri\u00f3 un movimiento. Cuando llegaron a su casa, vieron que la casa no estaba: hab\u00eda desaparecido. Despu\u00e9s de asustarse y preguntarse qu\u00e9 hab\u00eda pasado, oyeron el gallo que todav\u00eda cantaba bajo los escombros.<\/p>\n<p>La casa, por un movimiento extra\u00f1o, hab\u00eda quedado bajo tierra y el gallo cantaba, tambi\u00e9n debajo. Desde aquel d\u00eda, la familia no tuvo casa. Por este motivo, esta zona recibe el nombre de \u201cEls espatllats\u201d, porque la casa se destruy\u00f3 y qued\u00f3 enterrada al rev\u00e9s.<\/p>\n<p>Un <strong>dietario del a\u00f1o 1762 <\/strong>(ver foto superior)<strong>\u00a0<\/strong>de Salvador Devant, sastre de Fonollosa, permite enlazar la historia con la tradici\u00f3n oral. Seg\u00fan se desprende de dicho documento, en el d\u00eda 14 del mes de mayo del a\u00f1o 1762 a las 7 de la madrugada hubo un gran estr\u00e9pito en la \u201cPujada de Sadern\u201d, que caus\u00f3 un hundimiento o brecha en el terreno y provoc\u00f3 un gran impacto y resonancia a todos los que lo vieron.<\/p>\n","protected":false},"excerpt":{"rendered":"<p>La leyenda de Els espatllats da nombre a un paraje rocoso cercano al n\u00facleo de Fonollosa, donde se dice que antiguamente hab\u00eda habido una casa que desapareci\u00f3 bajo los escombros a causa de fen\u00f3menos poco claros. Estos hechos fueron recogidos en un libro de leyendas y cuentos del Bages: Hace muchos a\u00f1os un hombre y&#8230;<\/p>\n","protected":false},"author":1,"featured_media":0,"parent":8583,"menu_order":1,"comment_status":"closed","ping_status":"closed","template":"","meta":{"_acf_changed":false,"footnotes":""},"class_list":["post-8585","page","type-page","status-publish","hentry"],"acf":[],"_links":{"self":[{"href":"https:\/\/fonollosaturisme.cat\/es\/wp-json\/wp\/v2\/pages\/8585","targetHints":{"allow":["GET"]}}],"collection":[{"href":"https:\/\/fonollosaturisme.cat\/es\/wp-json\/wp\/v2\/pages"}],"about":[{"href":"https:\/\/fonollosaturisme.cat\/es\/wp-json\/wp\/v2\/types\/page"}],"author":[{"embeddable":true,"href":"https:\/\/fonollosaturisme.cat\/es\/wp-json\/wp\/v2\/users\/1"}],"replies":[{"embeddable":true,"href":"https:\/\/fonollosaturisme.cat\/es\/wp-json\/wp\/v2\/comments?post=8585"}],"version-history":[{"count":0,"href":"https:\/\/fonollosaturisme.cat\/es\/wp-json\/wp\/v2\/pages\/8585\/revisions"}],"up":[{"embeddable":true,"href":"https:\/\/fonollosaturisme.cat\/es\/wp-json\/wp\/v2\/pages\/8583"}],"wp:attachment":[{"href":"https:\/\/fonollosaturisme.cat\/es\/wp-json\/wp\/v2\/media?parent=8585"}],"curies":[{"name":"wp","href":"https:\/\/api.w.org\/{rel}","templated":true}]}}