{"id":8586,"date":"2019-03-27T15:18:32","date_gmt":"2019-03-27T15:18:32","guid":{"rendered":"https:\/\/fonollosaturisme.cat\/leyendas\/leyenda-de-cal-passadret\/"},"modified":"2019-03-27T15:18:32","modified_gmt":"2019-03-27T15:18:32","slug":"leyenda-de-cal-passadret","status":"publish","type":"page","link":"https:\/\/fonollosaturisme.cat\/es\/leyendas\/leyenda-de-cal-passadret\/","title":{"rendered":"Leyenda de cal Passadret"},"content":{"rendered":"<p>En una de les casas de Camps hab\u00eda un abuelo que se llamaba Narc\u00eds. Un d\u00eda tuvieron que hacer obras en la casa y los paletas le preguntaron:<\/p>\n<p>-Narc\u00eds, \u00bfc\u00f3mo quer\u00e9is esta puerta?<\/p>\n<p>Y \u00e9l contest\u00f3:<\/p>\n<p>\u2013 \u00a1Que se pueda pasar bien derecho!<\/p>\n<p>Narc\u00eds era bajito y por eso la puerta la hicieron bajita, de manera que cuando pasaba la puerta, \u00e9l pod\u00eda pasar bien derecho, pero las otras personas se ten\u00edan que agachar.<\/p>\n<p>Por aquel hecho, a la casa, la conocemos como <strong>cal Passadret.<\/strong><\/p>\n","protected":false},"excerpt":{"rendered":"<p>En una de les casas de Camps hab\u00eda un abuelo que se llamaba Narc\u00eds. Un d\u00eda tuvieron que hacer obras en la casa y los paletas le preguntaron: -Narc\u00eds, \u00bfc\u00f3mo quer\u00e9is esta puerta? Y \u00e9l contest\u00f3: \u2013 \u00a1Que se pueda pasar bien derecho! Narc\u00eds era bajito y por eso la puerta la hicieron bajita, de&#8230;<\/p>\n","protected":false},"author":1,"featured_media":0,"parent":8583,"menu_order":3,"comment_status":"closed","ping_status":"closed","template":"","meta":{"_acf_changed":false,"footnotes":""},"class_list":["post-8586","page","type-page","status-publish","hentry"],"acf":[],"_links":{"self":[{"href":"https:\/\/fonollosaturisme.cat\/es\/wp-json\/wp\/v2\/pages\/8586","targetHints":{"allow":["GET"]}}],"collection":[{"href":"https:\/\/fonollosaturisme.cat\/es\/wp-json\/wp\/v2\/pages"}],"about":[{"href":"https:\/\/fonollosaturisme.cat\/es\/wp-json\/wp\/v2\/types\/page"}],"author":[{"embeddable":true,"href":"https:\/\/fonollosaturisme.cat\/es\/wp-json\/wp\/v2\/users\/1"}],"replies":[{"embeddable":true,"href":"https:\/\/fonollosaturisme.cat\/es\/wp-json\/wp\/v2\/comments?post=8586"}],"version-history":[{"count":0,"href":"https:\/\/fonollosaturisme.cat\/es\/wp-json\/wp\/v2\/pages\/8586\/revisions"}],"up":[{"embeddable":true,"href":"https:\/\/fonollosaturisme.cat\/es\/wp-json\/wp\/v2\/pages\/8583"}],"wp:attachment":[{"href":"https:\/\/fonollosaturisme.cat\/es\/wp-json\/wp\/v2\/media?parent=8586"}],"curies":[{"name":"wp","href":"https:\/\/api.w.org\/{rel}","templated":true}]}}