{"id":8587,"date":"2019-03-27T15:20:55","date_gmt":"2019-03-27T15:20:55","guid":{"rendered":"https:\/\/fonollosaturisme.cat\/leyendas\/leyenda-de-la-sorpresa-de-vilella\/"},"modified":"2019-03-27T15:20:55","modified_gmt":"2019-03-27T15:20:55","slug":"leyenda-de-la-sorpresa-de-vilella","status":"publish","type":"page","link":"https:\/\/fonollosaturisme.cat\/es\/leyendas\/leyenda-de-la-sorpresa-de-vilella\/","title":{"rendered":"Leyenda de la sorpresa de Vilella"},"content":{"rendered":"<p>Hace ya mucho tiempo, en la \u00e9poca de los carlistas, un militar llamado Vilella solo quer\u00eda hacer da\u00f1o a la gente de donde ahora se encuentra situado el pueblo de Fals.<\/p>\n<p>La gente estaba harta de que siempre luchase en contra de ellos, hasta que un buen d\u00eda, un grupo de hombres del pueblo le prepararon una emboscada. Ser\u00eda m\u00e1s bien una sorpresa que \u00e9l se encontrar\u00eda, y que a nadie no le gustar\u00eda encontrarse. Se la prepararon encima de una colina, a las afueras del pueblo.<\/p>\n<p>Dicho y hecho. Esperaron a que pasase por all\u00ed cerca. Como iba muy confiado, porque no se esperaba que le pasase nada hasta que llegase a Fals, caminaba tranquilamente. Pero, de repente, vio como de arriba de la colina bajaban un grupo de hombres que, sin darle tiempo a escapar, se tiraron encima suyo y de todos sus acompa\u00f1antes.<\/p>\n<p>Lo pudieron coger gracias al hecho que eran m\u00e1s ellos que no Vilella y sus soldados juntos, y le pudieron dar una buena lecci\u00f3n, para que no les volviese a molestar nunca m\u00e1s.<\/p>\n<p>Gracias a la peque\u00f1a <strong>colina<\/strong>\u00a0(ver foto superior), la gente de Fals pudo quedar libre de Vilella. Por este motivo, en homenaje\u00a0le pusieron el nombre de<strong> \u201cLa sorpresa de Vilella\u201d.<\/strong><\/p>\n","protected":false},"excerpt":{"rendered":"<p>Hace ya mucho tiempo, en la \u00e9poca de los carlistas, un militar llamado Vilella solo quer\u00eda hacer da\u00f1o a la gente de donde ahora se encuentra situado el pueblo de Fals. La gente estaba harta de que siempre luchase en contra de ellos, hasta que un buen d\u00eda, un grupo de hombres del pueblo le&#8230;<\/p>\n","protected":false},"author":1,"featured_media":0,"parent":8583,"menu_order":3,"comment_status":"closed","ping_status":"closed","template":"","meta":{"_acf_changed":false,"footnotes":""},"class_list":["post-8587","page","type-page","status-publish","hentry"],"acf":[],"_links":{"self":[{"href":"https:\/\/fonollosaturisme.cat\/es\/wp-json\/wp\/v2\/pages\/8587","targetHints":{"allow":["GET"]}}],"collection":[{"href":"https:\/\/fonollosaturisme.cat\/es\/wp-json\/wp\/v2\/pages"}],"about":[{"href":"https:\/\/fonollosaturisme.cat\/es\/wp-json\/wp\/v2\/types\/page"}],"author":[{"embeddable":true,"href":"https:\/\/fonollosaturisme.cat\/es\/wp-json\/wp\/v2\/users\/1"}],"replies":[{"embeddable":true,"href":"https:\/\/fonollosaturisme.cat\/es\/wp-json\/wp\/v2\/comments?post=8587"}],"version-history":[{"count":0,"href":"https:\/\/fonollosaturisme.cat\/es\/wp-json\/wp\/v2\/pages\/8587\/revisions"}],"up":[{"embeddable":true,"href":"https:\/\/fonollosaturisme.cat\/es\/wp-json\/wp\/v2\/pages\/8583"}],"wp:attachment":[{"href":"https:\/\/fonollosaturisme.cat\/es\/wp-json\/wp\/v2\/media?parent=8587"}],"curies":[{"name":"wp","href":"https:\/\/api.w.org\/{rel}","templated":true}]}}