{"id":8588,"date":"2019-03-27T15:23:40","date_gmt":"2019-03-27T15:23:40","guid":{"rendered":"https:\/\/fonollosaturisme.cat\/leyendas\/leyenda-de-cal-xamal\/"},"modified":"2019-03-27T15:23:40","modified_gmt":"2019-03-27T15:23:40","slug":"leyenda-de-cal-xamal","status":"publish","type":"page","link":"https:\/\/fonollosaturisme.cat\/es\/leyendas\/leyenda-de-cal-xamal\/","title":{"rendered":"Leyenda de Cal Xamal"},"content":{"rendered":"<p>Hace muchos a\u00f1os, entre Fals y Fonollosa, hab\u00eda una casa, cal Xamal, que se encontraba completamente aislada.\u00a0En esta casa viv\u00eda un hombre con su sirvienta. Como no ten\u00edan a nadie por los alrededores que les pudiese ayudar, explicaron que si alguna vez ten\u00edan un problema pondr\u00edan una luz en la ventana y sacar\u00edan una s\u00e1bana blanca.<\/p>\n<p>Un d\u00eda, por la noche, unos ladrones entraron a robar el ganado. El due\u00f1o de la casa oy\u00f3 los gritos de los animales y orden\u00f3 a la sirvienta que desplegase la s\u00e1bana blanca en la ventana. El due\u00f1o dijo a los ladrones que se fueran que llegar\u00eda su hijo. Los ladrones, sin hacerle caso, mataron a la sirvienta, que no tuvo tiempo de terminar de desplegar la s\u00e1bana, y malhirieron al due\u00f1o. Pensando que los dos habitantes de la mas\u00eda estaban muertos, los ladrones cogieron todo lo que quisieron y escaparon.<\/p>\n<p>El due\u00f1o, sin embargo, se pudo levantar y puso la luz fuera.<\/p>\n<p>El hijo, que vio la se\u00f1al en la ventana, lleg\u00f3 a la casa y encontr\u00f3 con vida al padre y lo llev\u00f3\u00a0 al hospital.<br \/>\nHoy d\u00eda, de cal Xamal solo se conservan las paredes, la puerta, las escaleras y las ventanas; pero lo m\u00e1s curioso de todo es que, si entr\u00e1is, todav\u00eda podr\u00e9is observar una peque\u00f1a mancha de sangre, que supuestamente debi\u00f3 caerle al due\u00f1o al levantarse para poner la luz y la s\u00e1bana en la ventana.<\/p>\n<p>Cal Xamal es, en estos momentos, el punto de encuentro del municipio por la diada del Once de Septiembre. Se renueva la se\u00f1era que se deja todo el a\u00f1o y se canta el himno de Catalunya.<\/p>\n","protected":false},"excerpt":{"rendered":"<p>Hace muchos a\u00f1os, entre Fals y Fonollosa, hab\u00eda una casa, cal Xamal, que se encontraba completamente aislada.\u00a0En esta casa viv\u00eda un hombre con su sirvienta. Como no ten\u00edan a nadie por los alrededores que les pudiese ayudar, explicaron que si alguna vez ten\u00edan un problema pondr\u00edan una luz en la ventana y sacar\u00edan una s\u00e1bana&#8230;<\/p>\n","protected":false},"author":3,"featured_media":0,"parent":8583,"menu_order":4,"comment_status":"closed","ping_status":"closed","template":"","meta":{"_acf_changed":false,"footnotes":""},"class_list":["post-8588","page","type-page","status-publish","hentry"],"acf":[],"_links":{"self":[{"href":"https:\/\/fonollosaturisme.cat\/es\/wp-json\/wp\/v2\/pages\/8588","targetHints":{"allow":["GET"]}}],"collection":[{"href":"https:\/\/fonollosaturisme.cat\/es\/wp-json\/wp\/v2\/pages"}],"about":[{"href":"https:\/\/fonollosaturisme.cat\/es\/wp-json\/wp\/v2\/types\/page"}],"author":[{"embeddable":true,"href":"https:\/\/fonollosaturisme.cat\/es\/wp-json\/wp\/v2\/users\/3"}],"replies":[{"embeddable":true,"href":"https:\/\/fonollosaturisme.cat\/es\/wp-json\/wp\/v2\/comments?post=8588"}],"version-history":[{"count":0,"href":"https:\/\/fonollosaturisme.cat\/es\/wp-json\/wp\/v2\/pages\/8588\/revisions"}],"up":[{"embeddable":true,"href":"https:\/\/fonollosaturisme.cat\/es\/wp-json\/wp\/v2\/pages\/8583"}],"wp:attachment":[{"href":"https:\/\/fonollosaturisme.cat\/es\/wp-json\/wp\/v2\/media?parent=8588"}],"curies":[{"name":"wp","href":"https:\/\/api.w.org\/{rel}","templated":true}]}}