{"id":8589,"date":"2019-03-27T15:25:37","date_gmt":"2019-03-27T15:25:37","guid":{"rendered":"https:\/\/fonollosaturisme.cat\/leyendas\/el-milagro-de-caterina-serra\/"},"modified":"2019-03-27T15:25:37","modified_gmt":"2019-03-27T15:25:37","slug":"el-milagro-de-caterina-serra","status":"publish","type":"page","link":"https:\/\/fonollosaturisme.cat\/es\/leyendas\/el-milagro-de-caterina-serra\/","title":{"rendered":"El milagro de Caterina Serra"},"content":{"rendered":"<p>En 1696 se imprimi\u00f3 en Barcelona un libro titulado <em>Historia dels Gloriosos Martyrs Sant Maurici, Santa Agnes, y Sant Fructos, ab sos dos Fiaques, Auguri y Eulogi; y de la traslacio dels seus cossos Sants \u00e0 la ciutat de Manresa, obra de fra Joan Germes, de l\u2019orde dels predicadors<\/em>. Un ejemplar del libro se encuentra en la Biblioteca de Catalunya. A parte de relatar las peripecias que tuvieron que pasar los manresanos para trasladar las reliquias de los santos m\u00e1rtires, porque los parroquianos de Sant Fruit\u00f3s no las quer\u00edan dejar ir, el libro recoge numerosos milagros conseguidos mediante la intercesi\u00f3n de los santos. En la p\u00e1gina 417 hay uno protagonizado por la se\u00f1ora del <strong>mas Serra de Fals <\/strong>(ver foto superior).<\/p>\n<p><em>\u201c\u2026a 23 de Agost en lo any 1697 testific\u00e0 devant del sobredit senyor Dag\u00e0 mediant jurament Catherina Serra Viuda, del t\u00e9rmino de Fals, prop de Manresa, dient que ten\u00eda, aur\u00e0 sinch \u00f2 sis anys un mes avia unes febres molt grans, y tenint gra devoci\u00f3, y confian\u00e7a en laygua dels gloriosos cossos Sants, digu\u00e9 \u00e0 un fill seu dit Jaume Serra, que an\u00e0s \u00e0 Manresa, y li port\u00e0s aygua del pou de la Capella dels cosseos Sants, y en averla portada begu\u00e8 della ab gran devoci\u00f3 dos voltes, y promptament li passaren les febres sens restarli rastre delles, y aix\u00ed an\u00e0 \u00e0 fer gracies infinites als gloriosos Sants\u201d.<\/em><\/p>\n","protected":false},"excerpt":{"rendered":"<p>En 1696 se imprimi\u00f3 en Barcelona un libro titulado Historia dels Gloriosos Martyrs Sant Maurici, Santa Agnes, y Sant Fructos, ab sos dos Fiaques, Auguri y Eulogi; y de la traslacio dels seus cossos Sants \u00e0 la ciutat de Manresa, obra de fra Joan Germes, de l\u2019orde dels predicadors. Un ejemplar del libro se encuentra&#8230;<\/p>\n","protected":false},"author":3,"featured_media":0,"parent":8583,"menu_order":5,"comment_status":"closed","ping_status":"closed","template":"","meta":{"_acf_changed":false,"footnotes":""},"class_list":["post-8589","page","type-page","status-publish","hentry"],"acf":[],"_links":{"self":[{"href":"https:\/\/fonollosaturisme.cat\/es\/wp-json\/wp\/v2\/pages\/8589","targetHints":{"allow":["GET"]}}],"collection":[{"href":"https:\/\/fonollosaturisme.cat\/es\/wp-json\/wp\/v2\/pages"}],"about":[{"href":"https:\/\/fonollosaturisme.cat\/es\/wp-json\/wp\/v2\/types\/page"}],"author":[{"embeddable":true,"href":"https:\/\/fonollosaturisme.cat\/es\/wp-json\/wp\/v2\/users\/3"}],"replies":[{"embeddable":true,"href":"https:\/\/fonollosaturisme.cat\/es\/wp-json\/wp\/v2\/comments?post=8589"}],"version-history":[{"count":0,"href":"https:\/\/fonollosaturisme.cat\/es\/wp-json\/wp\/v2\/pages\/8589\/revisions"}],"up":[{"embeddable":true,"href":"https:\/\/fonollosaturisme.cat\/es\/wp-json\/wp\/v2\/pages\/8583"}],"wp:attachment":[{"href":"https:\/\/fonollosaturisme.cat\/es\/wp-json\/wp\/v2\/media?parent=8589"}],"curies":[{"name":"wp","href":"https:\/\/api.w.org\/{rel}","templated":true}]}}