{"id":8590,"date":"2019-03-27T15:32:18","date_gmt":"2019-03-27T15:32:18","guid":{"rendered":"https:\/\/fonollosaturisme.cat\/leyendas\/el-pozo-de-los-tres-diablos\/"},"modified":"2019-03-27T15:32:18","modified_gmt":"2019-03-27T15:32:18","slug":"el-pozo-de-los-tres-diablos","status":"publish","type":"page","link":"https:\/\/fonollosaturisme.cat\/es\/leyendas\/el-pozo-de-los-tres-diablos\/","title":{"rendered":"El pozo de los tres diablos"},"content":{"rendered":"<p>Hace muchos a\u00f1os en una casa llamada ca n\u2019Homs viv\u00eda un matrimonio joven con un ni\u00f1o.<br \/>\nEran tiempos dif\u00edciles aquellos: guerras contra los sarracenos, guerras contra los vecinos feudales, pestes, enfermedades y una desesperante falta de mano de obra que produc\u00eda campos yermos y granjas desiertas.<\/p>\n<p>El pobre pay\u00e9s de ca n\u2019Homs que hab\u00eda sembrado los campos de trigo a finales de oto\u00f1o estaba muy preocupado: hab\u00eda movido cielo y tierra buscando ayuda entre amigos, vecinos y conocidos para poder conrear la cosecha. Eran finales del mes de junio y los campos estaban llenos de espigas generosas, rebosantes de dorados granos de trigo que esperaban su recolecci\u00f3n.<\/p>\n<p>Una de aquellas ma\u00f1anas aparecieron por el camino de can Canals tres personajes muy curiosos.<br \/>\n\u2013\u201d Buenos d\u00edas, buen hombre, \u00bfnos podr\u00eda dar un poco de agua? Por todos los sitios por donde pasamos el agua es muy salada en este lugar\u2026\u201d<br \/>\nMientras beb\u00edan y abr\u00edan sus fiambreras y com\u00edan a la sombra alrededor del pozo, la mujer que les observaba, sinti\u00f3 un susto en el coraz\u00f3n y corri\u00f3 a abrazar a su hijito.<br \/>\n\u2013\u201d Venimos de muy lejos y todav\u00eda nos queda mucho camino por hacer. Vamos por las mas\u00edas ofreciendo nuestros servicios a cambio de lo que nos puedan dar\u2026\u201d<br \/>\n\u2013\u201d Vemos que tiene la cosecha todav\u00eda por segar\u2026 \u00bfno necesitar\u00eda que le ech\u00e1semos una mano? \u201d<\/p>\n<p>\u00a1Palabras m\u00e1gicas! \u00bfQu\u00e9 dec\u00edan aquellos hombres fuertes, activos y que se ofrec\u00edan a cambio de casi nada?<br \/>\nLa mujer del pay\u00e9s le dijo: Esposo m\u00edo, d\u00e9jales marchar, tengo un mal presagio\u2026 ya haremos nosotros el trabajo, ya haremos lo que podamos\u2026\u201d<br \/>\nLa mujer apretaba contra su pecho al peque\u00f1o protegi\u00e9ndole de las miradas de los tres desconocidos.<\/p>\n<p>Estos insistieron:\u201d Hagamos un trato\u2026 ya que su esposa mal f\u00eda de nosotros, nos encarg\u00e1is tres trabajos. Si al atardecer no los hemos podido terminar, no nos d\u00e9 nada y seguiremos nuestro camino. Pero si los terminamos, tiene que dejar que nos llevemos lo que queramos de esta mas\u00eda\u201d.<br \/>\nEl pay\u00e9s pensaba qu\u00e9 trabajos les har\u00eda hacer, pero su mujer le ped\u00eda que no lo hiciese, mientras los tres forasteros miraban con deleite al beb\u00e9.<br \/>\nDe repente el pay\u00e9s les orden\u00f3:<br \/>\n\u2013\u201d Ten\u00e9is que segar todos los campos, trillar y ventar el grano, recogerlo en el granero, la paja al pajar y con esta cesta de mimbre sacad el agua de este pozo para regar los campos\u201d.<br \/>\n\u00a1Que listo era el pay\u00e9s! \u00a1Este era el trabajo de diez hombres por lo menos con treinta jornales! \u00bfQu\u00e9 se pensaban estos forasteros, que ganar\u00edan la apuesta?<\/p>\n<p>\u2013\u201d Bien, este primer trabajo ya lo hemos terminado, vamos a por el segundo\u201d<br \/>\n\u00a1Qu\u00e9 o\u00eda! No se lo pod\u00eda creer\u2026 \u00a1Aquellos forasteros ya hab\u00edan acabado el trabajo!<br \/>\nEl granero estaba lleno a rebosar, los pajares con sus palos altivos y en el pozo ni una gota de agua, \u00a1lo hab\u00edan dejado seco!<br \/>\nUn temblor que no pod\u00eda controlar lo sacud\u00eda de arriba a abajo y una especie de mano invisible le oprim\u00eda el coraz\u00f3n sin dejarlo respirar.<br \/>\n\u2013\u201d Esto es cosa del diablo \u2013 le dec\u00eda su mujer \u2013 \u00a1Ya te lo dec\u00eda yo que no hicieses tratos con esta gente! \u201d<br \/>\n\u2013\u201d Pero si es cosa del diablo, \u00bfqu\u00e9 tenemos que hacer? He aceptado la apuesta y ya no puedo echarme atr\u00e1s\u2026\u201d<\/p>\n<p>Entonces la mujer dijo a los tres desconocidos: \u2013\u201d Tomad aquella oveja negra, matadla y lavad su piel all\u00ed abajo en el rebalse de la riera hasta que se vuelva blanca, pero id con cuidado, \u00a1que quede entera! \u201d<br \/>\nEn un santiam\u00e9n los forasteros desaparecieron con la piel de la oveja torrente abajo camino del rebalse.<\/p>\n<p>\u2013\u201d \u00bfQu\u00e9 haremos ahora, esposa m\u00eda? \u00bfQu\u00e9 querr\u00e1n de nosotros estos diablos? \u201d \u2013 dec\u00eda el pay\u00e9s.<br \/>\n\u2013\u201d Nuestro hijo, quieren a nuestro hijo, su pureza e inocencia, es nuestro hijo lo que se quieren llevar de casa\u201d \u2013 dijo la mujer.<\/p>\n<p>De repente, una piel de oveja blanca como nunca la hab\u00edan visto y seis ojos \u00e1vidos, inyectados en sangre y unas voces oscuras y siniestras les dec\u00edan: \u2013\u201d El segundo trabajo ya est\u00e1 hecho. Venga el tercero, \u00a1que tenemos prisa para cobrarnos la prenda! \u201d<\/p>\n<p>El pobre pay\u00e9s se desesper\u00f3, pero su mujer les solt\u00f3: \u2013\u201dYa os tengo preparado el \u00faltimo trabajo\u201d<br \/>\n\u2013\u201d \u00bfVeis a este beb\u00e9 inocente que tengo en mis brazos? Pues si os quer\u00e9is llevar alguna cosa de esta casa\u2026 \u00a1hacedlo mayor enseguida! \u00a1Haced que aprenda la verdad de la vida ahora mismo! \u00a1Haced que se convierta en adulto sin pasar por ni\u00f1o, y haced que sea capaz como su padre sin haber aprendido nada de \u00e9l! \u201d<\/p>\n<p>Los tres personajes al escuchar la mujer todav\u00eda se volvieron m\u00e1s diab\u00f3licos.<br \/>\n\u2013\u201dEsto no lo podemos hacer\u2026 \u00a1Esto no nos es posible hacerlo\u2026! \u00a1Mujer, nos has vencido!\u201d<br \/>\nEntonces la mujer les dijo: \u2013\u201dEntonces si no sois capaces de hacer lo que la vida tiene que hacer, \u00a1marchad de nuestra casa, malditos! \u201d<\/p>\n<p>Y tal como lo dijo lo hicieron: llenos de rencor y furor, gritando blasfemias con el ruido del trueno y la fuerza de la tempestad, los tres diablos se lanzaron de cabeza al pozo de la casa buscando el camino m\u00e1s recto hacia el infierno. Con tanta mala suerte que con los cuernos chocaron con el techo de piedras, se hundieron y les cay\u00f3 encima tap\u00e1ndoles el camino del inferno y sepult\u00e1ndolos en el fondo del pozo.<\/p>\n<p>Dicen los viejos que conoc\u00edan la historia del Pozo de los Tres Diablos que algunas noches de verano si alguien se acerca a la boca del pozo y escucha con atenci\u00f3n, todav\u00eda se oyen ruidos y reniegos como si alguien intentase quitarse un peso de encima\u2026<\/p>\n","protected":false},"excerpt":{"rendered":"<p>Hace muchos a\u00f1os en una casa llamada ca n\u2019Homs viv\u00eda un matrimonio joven con un ni\u00f1o. Eran tiempos dif\u00edciles aquellos: guerras contra los sarracenos, guerras contra los vecinos feudales, pestes, enfermedades y una desesperante falta de mano de obra que produc\u00eda campos yermos y granjas desiertas. El pobre pay\u00e9s de ca n\u2019Homs que hab\u00eda sembrado&#8230;<\/p>\n","protected":false},"author":3,"featured_media":0,"parent":8583,"menu_order":6,"comment_status":"closed","ping_status":"closed","template":"","meta":{"_acf_changed":false,"footnotes":""},"class_list":["post-8590","page","type-page","status-publish","hentry"],"acf":[],"_links":{"self":[{"href":"https:\/\/fonollosaturisme.cat\/es\/wp-json\/wp\/v2\/pages\/8590","targetHints":{"allow":["GET"]}}],"collection":[{"href":"https:\/\/fonollosaturisme.cat\/es\/wp-json\/wp\/v2\/pages"}],"about":[{"href":"https:\/\/fonollosaturisme.cat\/es\/wp-json\/wp\/v2\/types\/page"}],"author":[{"embeddable":true,"href":"https:\/\/fonollosaturisme.cat\/es\/wp-json\/wp\/v2\/users\/3"}],"replies":[{"embeddable":true,"href":"https:\/\/fonollosaturisme.cat\/es\/wp-json\/wp\/v2\/comments?post=8590"}],"version-history":[{"count":0,"href":"https:\/\/fonollosaturisme.cat\/es\/wp-json\/wp\/v2\/pages\/8590\/revisions"}],"up":[{"embeddable":true,"href":"https:\/\/fonollosaturisme.cat\/es\/wp-json\/wp\/v2\/pages\/8583"}],"wp:attachment":[{"href":"https:\/\/fonollosaturisme.cat\/es\/wp-json\/wp\/v2\/media?parent=8590"}],"curies":[{"name":"wp","href":"https:\/\/api.w.org\/{rel}","templated":true}]}}