{"id":8594,"date":"2019-03-27T15:38:16","date_gmt":"2019-03-27T15:38:16","guid":{"rendered":"https:\/\/fonollosaturisme.cat\/presentacion-fonollosa\/"},"modified":"2019-03-27T15:38:16","modified_gmt":"2019-03-27T15:38:16","slug":"presentacion-fonollosa","status":"publish","type":"page","link":"https:\/\/fonollosaturisme.cat\/es\/presentacion-fonollosa\/","title":{"rendered":"Presentaci\u00f3n Fonollosa"},"content":{"rendered":"<p>El municipio de <strong>Fonollosa<\/strong> est\u00e1 formado por cuatro entidades de poblaci\u00f3n diferenciadas: Fonollosa, Fals, Camps y Canet de Fals.<\/p>\n<p>La primera noticia de uno de los pueblos la encontramos en un documento del a\u00f1o 950, en el que el conde Borrell da a Santa Cec\u00edlia de Montserrat un alodio con las iglesias de Santa Maria y Sant Pere, juntamente con la capilla de Sant Mamet de Bacardit en el lugar denominado \u201cCancis\u201d, el actual Camps, dentro del t\u00e9rmino de \u201ccastro de Montedeon\u201d, actual Castelltallat, al condado de Manresa. Para el segundo pueblo no se tiene que esperar mucho m\u00e1s, ya que el castillo de Fals se documenta repetidamente desde el a\u00f1o 995. El \u00faltimo en ver la luz documental es precisamente Fonollosa. En el a\u00f1o 1029, el vizconde de Cardona hace donaci\u00f3n a Santa Cec\u00edlia de Montserrat de unas tierras del t\u00e9rmino del castillo de Montedeon, y en el acto se especifica que est\u00e1n situadas en los lugares de \u201cCancis\u201d y \u201cFenuculosa\u201d, es decir: Camps y Fonollosa. Las tierras del t\u00e9rmino fueron repobladas en el siglo IX, juntamente con otras del condado de Manresa que hab\u00edan quedado desorganizadas y, en buena parte, desiertas, y se pusieron bajo la jurisdicci\u00f3n de los castillos de Castelltallat (Camps y Fonollosa) y de Fals, que a su vez eran dominio eminente del de Cardona; una situaci\u00f3n que se prolongar\u00eda durante casi un milenio.<\/p>\n<p><strong>Fonollosa<\/strong> es el pueblo centro administrativo del municipio\u00a0del mismo nombre.\u00a0Est\u00e1 situado en la vertiente sur de la sierra de Castelltallat, en el valle de la riera con el mismo nombre, afluente del Rio Cardener. La vegetaci\u00f3n predominante son pinares y encinares.\u00a0La agricultura de secano (cereales, vi\u00f1as, olivos y almendros) predomina sobre la de regad\u00edo. La ganader\u00eda ha experimentado un gran impulso con la instalaci\u00f3n de granjas de ganado porcino, bovino y de aves. Tambi\u00e9n hay una escuela (la Agrupaci\u00f3 Sant Jordi) y un jard\u00edn de infancia (REXICS).<\/p>\n<p>C\u00f3mo llegar:<\/p>\n<p>\u2013 Por el <u>Eix Transversal<\/u> (C-25):<\/p>\n<p>Viniendo de direcci\u00f3n Calaf, <u>salida 114<\/u> \u2013 Viniendo de direcci\u00f3n Manresa, <u>salida 123, enlace con la carretera BV-3012 y, posteriormente, con la BV-3008.<\/u><\/p>\n<p>\u2013 Por la carretera <u>BV-3008<\/u>, desde Sant Joan de Vilatorrada.<\/p>\n<p><a href=\"https:\/\/www.google.es\/maps\/place\/41%C2%B045&#039;50.0%22N+1%C2%B040&#039;08.0%22E\/@41.7639,1.6667113,17z\/data=!3m1!4b1!4m5!3m4!1s0x0:0x0!8m2!3d41.7639!4d1.6689\" target=\"_blank\" rel=\"noopener\">pl\u00e0nol d\u2019acc\u00e9s a Fonollosa<\/a><\/p>\n<p><strong>Camps<\/strong> est\u00e1 formado por la iglesia parroquial, algunas casas, las antiguas escuelas y el local de la Asociaci\u00f3n Cultural de Vecinos de Camps. El n\u00facleo del pueblo est\u00e1 situado en la parte norte del t\u00e9rmino de Fonollosa, a unos 600 metros de altitud. Camps limita al norte con la sierra de Castelltallat y al sur con la riera de la Vall. Destaca la excelente vista sobre el Pla de Bages y los relieves circundantes, especialmente de la sierra de Montserrat que se levanta cerca de mediod\u00eda.<\/p>\n<p>Muy pocas personas residen en su n\u00facleo. La mayor\u00eda de habitantes (cerca de un centenar) viven dispersados en casas y mas\u00edas que, a menudo, forman peque\u00f1os rabales. Los d\u00edas festivos y en \u00e9poca de vacaciones, la poblaci\u00f3n aumenta considerablemente. La vegetaci\u00f3n predominante son encinares y pinares.<\/p>\n<p>C\u00f3mo llegar:<\/p>\n<p>Por la carretera de 2,5 km que sale del Raval del Pais\u00e0 de Fonollosa, situado en el km 13 de la antigua carretera de Manresa a Calaf y a unos 13 km de la salida 123 del eix transversal (C-25). Tambi\u00e9n est\u00e1 bien comunicado con Fonollosa a trav\u00e9s del camino vecinal del Raval de la Pocafarina que se coge por detr\u00e1s de la antigua f\u00e1brica textil.<\/p>\n<p><a href=\"https:\/\/www.google.ca\/maps\/place\/08259+Camps,+Barcelona,+Espa%C3%B1a\/@41.7775364,1.6836234,18z\/data=!3m1!4b1!4m5!3m4!1s0x12a4502542d7afd5:0xae520218168170c4!8m2!3d41.7774143!4d1.6844212\" target=\"_blank\" rel=\"noopener\">pl\u00e0nol d\u2019acc\u00e9s a Camps<\/a><\/p>\n<p><strong>Fals<\/strong> se sit\u00faa en una gran plana entre las rieras de la Vall y de Rajadell, a 400 m de altitud, en el sur del t\u00e9rmino municipal. Se extiende desde la sierra de Castelltallat a la riera de Rajadell, y desde la cima de Cal Xamal hasta tocar el r\u00edo Cardener.<\/p>\n<p>La mitad de la poblaci\u00f3n habita en el n\u00facleo, conocido como el rabal, y la otra mitad en casas diseminadas y rabales. El n\u00facleo antiguo est\u00e1 formado por un peque\u00f1o entramado de calles estrechas y casas construidas a partir de finales del siglo XVIII, cerca del cual se ha levantado una zona urbana m\u00e1s moderna que cuenta con una veintena de casas y un n\u00famero parecido de parcelas por edificar. El impacto de la construcci\u00f3n del eix transversal (a 150 metros del n\u00facleo) y su proximidad a la capital de la comarca, as\u00ed como el mismo crecimiento vegetativo de la poblaci\u00f3n aut\u00f3ctona, comportan la necesidad de ampliar m\u00e1s la zona urbana.<\/p>\n<p>C\u00f3mo llegar:<\/p>\n<p>\u2013 Por el Eix Transversal (C-25):<\/p>\n<p>Viviendo de direcci\u00f3n Calaf, salida 114 \u2013 Viniendo de direcci\u00f3n Manresa, salida 123, y enlace con la carretera BV-3012.<\/p>\n<p>El t\u00e9rmino, originariamente llamado <em>Falchs<\/em>, cuenta con uno de los monumentos religiosos y militares m\u00e1s conocidos y vistosos de la comarca, las Torres de Fals.<\/p>\n<p><a href=\"https:\/\/www.google.ca\/maps\/place\/08259+Fals,+Barcelona,+Espa%C3%B1a\/@41.7423416,1.711967,17z\/data=!3m1!4b1!4m5!3m4!1s0x12a4509893e040b3:0x52cb101ee24edc58!8m2!3d41.7420533!4d1.7143003\" target=\"_blank\" rel=\"noopener\">pl\u00e0nol d\u2019acc\u00e9s a Fals<\/a><\/p>\n<p><strong>Canet de Fals<\/strong> es un n\u00facleo de poblaci\u00f3n en la zona oriental del municipio, en el t\u00e9rmino de Fals, cercano a Sant Joan de Vilatorrada. Naci\u00f3 como viviendas de segunda residencia, pero cada vez tiene m\u00e1s entidad y la gente vive all\u00ed de manera permanente. El nombre de Canet viene del promotor de este n\u00facleo, Llu\u00eds Canet Foix. La piscina municipal est\u00e1 situada en Canet de Fals, donde hay otras instalaciones deportivas como campo de futbol, pista de tenis, pista de b\u00e1squet, pista de v\u00f3ley playa, fulbito y pista de petanca.<\/p>\n<p>C\u00f3mo llegar:<\/p>\n<p>\u2013 Por el Eix Transversal (C-25):<\/p>\n<p>Viniendo de direcci\u00f3n Calaf, salida 114 \u2013 Viniendo de direcci\u00f3n Manresa, salida 123. Enlace con la carretera BV-3012 y, posteriormente, con la BV- 3008 (antigua carretera de Calaf a Sant Joan de Vilatorrada).<\/p>\n<p>Por la BV-3008, desde Sant Joan de Vilatorrada.<\/p>\n<p><a href=\"https:\/\/www.google.ca\/maps\/place\/08259+Canet+de+Fals,+Barcelona,+Espa%C3%B1a\/@41.7597594,1.7326946,15z\/data=!3m1!4b1!4m5!3m4!1s0x12a450bb01255755:0x3a2359d053e98a2b!8m2!3d41.7611936!4d1.7404977\" target=\"_blank\" rel=\"noopener\">pl\u00e0nol d\u2019acc\u00e9s a Canet de Fals<\/a><\/p>\n<table>\n<tbody>\n<tr>\n<td width=\"290\"><strong>Entidad de poblaci\u00f3n<\/strong><\/td>\n<td width=\"290\"><strong>Habitantes<\/strong><\/td>\n<\/tr>\n<tr>\n<td width=\"290\">Camps<\/td>\n<td width=\"290\">91<\/td>\n<\/tr>\n<tr>\n<td width=\"290\">Canet de Fals<\/td>\n<td width=\"290\">749<\/td>\n<\/tr>\n<tr>\n<td width=\"290\">Fals<\/td>\n<td width=\"290\">325<\/td>\n<\/tr>\n<tr>\n<td width=\"290\">Fonollosa<\/td>\n<td width=\"290\">228<\/td>\n<\/tr>\n<tr>\n<td width=\"290\">Total<\/td>\n<td width=\"290\">1393<\/td>\n<\/tr>\n<tr>\n<td width=\"290\"><strong>Datos. 2016<\/strong><\/td>\n<td width=\"290\"><strong>Fuente: Idescat<\/strong><\/td>\n<\/tr>\n<\/tbody>\n<\/table>\n","protected":false},"excerpt":{"rendered":"<p>El municipio de Fonollosa est\u00e1 formado por cuatro entidades de poblaci\u00f3n diferenciadas: Fonollosa, Fals, Camps y Canet de Fals. La primera noticia de uno de los pueblos la encontramos en un documento del a\u00f1o 950, en el que el conde Borrell da a Santa Cec\u00edlia de Montserrat un alodio con las iglesias de Santa Maria&#8230;<\/p>\n","protected":false},"author":1,"featured_media":0,"parent":0,"menu_order":0,"comment_status":"closed","ping_status":"closed","template":"","meta":{"_acf_changed":false,"footnotes":""},"class_list":["post-8594","page","type-page","status-publish","hentry"],"acf":[],"_links":{"self":[{"href":"https:\/\/fonollosaturisme.cat\/es\/wp-json\/wp\/v2\/pages\/8594","targetHints":{"allow":["GET"]}}],"collection":[{"href":"https:\/\/fonollosaturisme.cat\/es\/wp-json\/wp\/v2\/pages"}],"about":[{"href":"https:\/\/fonollosaturisme.cat\/es\/wp-json\/wp\/v2\/types\/page"}],"author":[{"embeddable":true,"href":"https:\/\/fonollosaturisme.cat\/es\/wp-json\/wp\/v2\/users\/1"}],"replies":[{"embeddable":true,"href":"https:\/\/fonollosaturisme.cat\/es\/wp-json\/wp\/v2\/comments?post=8594"}],"version-history":[{"count":0,"href":"https:\/\/fonollosaturisme.cat\/es\/wp-json\/wp\/v2\/pages\/8594\/revisions"}],"wp:attachment":[{"href":"https:\/\/fonollosaturisme.cat\/es\/wp-json\/wp\/v2\/media?parent=8594"}],"curies":[{"name":"wp","href":"https:\/\/api.w.org\/{rel}","templated":true}]}}