{"id":8595,"date":"2019-03-27T16:40:16","date_gmt":"2019-03-27T16:40:16","guid":{"rendered":"https:\/\/fonollosaturisme.cat\/proteccion-de-datos\/"},"modified":"2019-03-27T16:40:16","modified_gmt":"2019-03-27T16:40:16","slug":"proteccion-de-datos","status":"publish","type":"page","link":"https:\/\/fonollosaturisme.cat\/es\/proteccion-de-datos\/","title":{"rendered":"Protecci\u00f3n de datos"},"content":{"rendered":"<h2 class=\"title\">Protecci\u00f3n de datos personales<\/h2>\n<div class=\"texts\">\n<div class=\"ddbbtext\">\n<p>En diversas p\u00e1ginas del web institucional del Ayuntamiento de Fonollosa, se solicita a los usuarios datos de car\u00e1cter personal: nombre, apellidos, direcci\u00f3n, etc\u00e9tera, para llevar a cabo la gesti\u00f3n o servicio que han solicitado,y con el cumplimiento de las condiciones de seguridad y confidencialidad que exige la legislaci\u00f3n vigente en cada caso.<\/p>\n<p>Estos datos se integran en los correspondientes\u00a0<strong><a href=\"http:\/\/www.apd.cat\/ca\/registre_resultats_public.php?registre%5Btipus_administracio%5D=3&amp;registre%5Bresponsable%5D=fonollosa&amp;registre%5Bnif%5D=&amp;registre%5Bnom%5D=&amp;registre%5Baddr%5D=&amp;registre%5Blocalitat%5D=&amp;registre%5Bcp%5D=&amp;registre%5Bprovincia%5D=-1&amp;registre%5Bnom_fitxer%5D=&amp;registre%5Bfinalitat%5D=&amp;registre%5Btipus_diari%5D=-1&amp;registre%5Bbutlleti%5D=&amp;registre%5Bdata_pub%5D=&amp;registre%5Blliure%5D=\" target=\"_blank\" rel=\"noopener\">fitxers de l\u2019Ajuntament de Fonollosa\u00a0<\/a><\/strong>, de acuerdo con la legislaci\u00f3n o la normativa vigente en cada caso.<\/p>\n<p>El Ayuntamiento de Fonollosa garantiza la confidencialidad en el tratamiento de los datos de car\u00e1cter personal que se recogen, y tambi\u00e9n la implantaci\u00f3n de las medidas, orden t\u00e9cnico y organizativo, que garantice la seguridad de estos datos.<\/p>\n<p>El Ayuntamiento de Fonollosa utilizar\u00e1 estos datos exclusivamente para la prestaci\u00f3n del servicio o gesti\u00f3n solicitada. En ning\u00fan caso se ceder\u00e1 o comunicar\u00e1 a terceros los datos recogidos sin consentimiento del usuario, excepto cuando sean necesarios para la prestaci\u00f3n del servicio solicitado o sean requeridos por las autoridades p\u00fablicas competentes, de conformidad con las disposiciones legales y reglamentarias aplicables a cada momento.<\/p>\n<p>De acuerdo con la normativa de protecci\u00f3n de datos, la persona interesada puede ejercer los derechos de acceso, cancelaci\u00f3n, rectificaci\u00f3n u oposici\u00f3n, previstos a la Ley org\u00e1nica de protecci\u00f3n de datos de car\u00e1cter personal.<\/p>\n<p>Respecto al ejercicio de estos derechos:<\/p>\n<p>\u2022 Derecho de acceso: Saber qu\u00e9 datos de la persona interesada tiene el Ayuntamiento de Fonollosa<\/p>\n<p>\u2022 Derecho de rectificaci\u00f3n: Rectificar unos datos err\u00f3neos de la persona interesada<\/p>\n<p>\u2022 Derecho de cancelaci\u00f3n: Eliminar unos datos de la persona interesada<\/p>\n<p>\u2022 Derecho de oposici\u00f3n: Pedir que se dejen de tratar unos datos de la persona interesada<\/p>\n<p>Indicaciones para el ejercicio de estos derechos:<\/p>\n<p>\u2022 Se requiere rellenar un modelo general de solicitud o instancia y entregarlo presencialmente a cualquier oficina de atenci\u00f3n ciudadana del ayuntamiento conjuntamente con una fotocopia del DNI.<\/p>\n<p>\u2022 El derecho de acceso solo se puede ejercer una vez cada a\u00f1o, salvo de motivaci\u00f3n espec\u00edfica<\/p>\n<p>\u2022 En caso de ejercer el derecho de rectificaci\u00f3n, cancelaci\u00f3n u oposici\u00f3n, a tal efecto de evitar cambios indeseables que puedan poner en peligro algun derecho de la misma persona interesada, hay que indicar claramente el\u00a0 dato afectado.<\/p>\n<p>\u2022 El Ayuntamiento de Fonollosa denegar\u00e1, motivadamente, peticiones de ejercicios de derechos de cancelaci\u00f3n u oposici\u00f3n, en alguno de los supuestos siguientes:<\/p>\n<p>\u2022 Una ley obliga a llevar a cabo el tratamiento de los datos<\/p>\n<p>\u2022 Los datos son necesarios para las actuaciones administrativas tendentes a asegurar el cumplimiento de obligaciones tributarias<\/p>\n<p>\u2022 La persona afectada es objeto de actuaciones inspectoras<\/p>\n<p>\u2022 A la hora de ejercer uno de estos derechos sobre fotograf\u00edas o im\u00e1genes captadas por c\u00e1maras hay que tener en cuenta lo siguiente:<\/p>\n<p>\u2022 Hay que a\u00f1adir la fotograf\u00eda de la persona que ejerce el derecho y\u00a0especificar el lugar, la fecha y el intervalo horario aproximado en franjas no superiores a dos horas<\/p>\n<p>\u2022 Para aclarar posibles dudas se recomienda indicar un tel\u00e9fono o correo electr\u00f3nico de contacto<\/p>\n<p>\u2022 En algunos casos puede ser imposible materialmente satisfacer el derecho de acceso. Por ejemplo, c\u00e1maras que visualicen im\u00e1genes, pero no las graben, im\u00e1genes ya eliminadas o planos donde la identificaci\u00f3n f\u00edsica no es posible.<\/p>\n<\/div>\n<\/div>\n","protected":false},"excerpt":{"rendered":"<p>Protecci\u00f3n de datos personales En diversas p\u00e1ginas del web institucional del Ayuntamiento de Fonollosa, se solicita a los usuarios datos de car\u00e1cter personal: nombre, apellidos, direcci\u00f3n, etc\u00e9tera, para llevar a cabo la gesti\u00f3n o servicio que han solicitado,y con el cumplimiento de las condiciones de seguridad y confidencialidad que exige la legislaci\u00f3n vigente en cada&#8230;<\/p>\n","protected":false},"author":1,"featured_media":0,"parent":0,"menu_order":0,"comment_status":"closed","ping_status":"closed","template":"","meta":{"_acf_changed":false,"footnotes":""},"class_list":["post-8595","page","type-page","status-publish","hentry"],"acf":[],"_links":{"self":[{"href":"https:\/\/fonollosaturisme.cat\/es\/wp-json\/wp\/v2\/pages\/8595","targetHints":{"allow":["GET"]}}],"collection":[{"href":"https:\/\/fonollosaturisme.cat\/es\/wp-json\/wp\/v2\/pages"}],"about":[{"href":"https:\/\/fonollosaturisme.cat\/es\/wp-json\/wp\/v2\/types\/page"}],"author":[{"embeddable":true,"href":"https:\/\/fonollosaturisme.cat\/es\/wp-json\/wp\/v2\/users\/1"}],"replies":[{"embeddable":true,"href":"https:\/\/fonollosaturisme.cat\/es\/wp-json\/wp\/v2\/comments?post=8595"}],"version-history":[{"count":0,"href":"https:\/\/fonollosaturisme.cat\/es\/wp-json\/wp\/v2\/pages\/8595\/revisions"}],"wp:attachment":[{"href":"https:\/\/fonollosaturisme.cat\/es\/wp-json\/wp\/v2\/media?parent=8595"}],"curies":[{"name":"wp","href":"https:\/\/api.w.org\/{rel}","templated":true}]}}