{"id":8598,"date":"2019-03-27T16:50:39","date_gmt":"2019-03-27T16:50:39","guid":{"rendered":"https:\/\/fonollosaturisme.cat\/visita-bodega-mes-que-paraules\/"},"modified":"2019-03-27T16:50:39","modified_gmt":"2019-03-27T16:50:39","slug":"visita-bodega-mes-que-paraules","status":"publish","type":"page","link":"https:\/\/fonollosaturisme.cat\/es\/visita-bodega-mes-que-paraules\/","title":{"rendered":"Visita Bodega M\u00e9s que paraules"},"content":{"rendered":"<p>Historia, cultura y negocio se entrecruzan en la <strong>Bodega M\u00e9s que Paraules<\/strong>.<\/p>\n<p>El cultivo de la vid y la producci\u00f3n de vino han sido la actividad principal de la familia Roqueta durante generaciones, y la Bodega y la familia propietaria siempre han estado \u00edntimamente ligadas a su territorio: el Bages. La actividad empresarial se inicia en 1898, a\u00f1o en que Ramon Roqueta Torrent\u00f3 se desplaza a Manresa, capital de la comarca, para comercializar en una tienda de la Carretera de Vic los productos de la mas\u00eda familiar, en especial el vino y las patatas, dos alimentos b\u00e1sicos de la \u00e9poca. A partir de este momento, se convierte en el primer impulsor de la empresa.<\/p>\n<p>Actualmente, Ramon Roqueta est\u00e1 ubicada en la Finca Jaumandreu, donde la bodega vuelve a establecer un v\u00ednculo con el territorio donde naci\u00f3 y aprovecha las peculiaridades y caracter\u00edsticas de sus vi\u00f1as, donde elabora los vinos bajo la Denominaci\u00f3n de Origen Catalunya.<\/p>\n<p><strong>Servicios<\/strong><\/p>\n<p>Elaboraci\u00f3n y crianza de vinos<\/p>\n<p>Venta de vinos on line \u00a0<a href=\"http:\/\/botiga.mesqueparaules.cat\" target=\"_blank\" rel=\"noopener\">aqu\u00ed<\/a><\/p>\n<p>Visitas concertadas a la mas\u00eda, la bodega y las vi\u00f1as. Catas y degustaciones comentadas a cargo del en\u00f3logo. Alquiler de espacios para reuniones y presentaciones. Venta de nuestros vinos.<\/p>\n<p><strong>Datos de contacto<\/strong><\/p>\n<p>Bodegas Finca Jaumandreu, 08259 Fonollosa (Barcelona)<\/p>\n<p>tlf.: 934283984<\/p>\n<p>Correo electr\u00f3nico: celler@mesqueparaules.cat<\/p>\n","protected":false},"excerpt":{"rendered":"<p>Historia, cultura y negocio se entrecruzan en la Bodega M\u00e9s que Paraules. El cultivo de la vid y la producci\u00f3n de vino han sido la actividad principal de la familia Roqueta durante generaciones, y la Bodega y la familia propietaria siempre han estado \u00edntimamente ligadas a su territorio: el Bages. La actividad empresarial se inicia&#8230;<\/p>\n","protected":false},"author":3,"featured_media":0,"parent":0,"menu_order":0,"comment_status":"closed","ping_status":"closed","template":"","meta":{"_acf_changed":false,"footnotes":""},"class_list":["post-8598","page","type-page","status-publish","hentry"],"acf":[],"_links":{"self":[{"href":"https:\/\/fonollosaturisme.cat\/es\/wp-json\/wp\/v2\/pages\/8598","targetHints":{"allow":["GET"]}}],"collection":[{"href":"https:\/\/fonollosaturisme.cat\/es\/wp-json\/wp\/v2\/pages"}],"about":[{"href":"https:\/\/fonollosaturisme.cat\/es\/wp-json\/wp\/v2\/types\/page"}],"author":[{"embeddable":true,"href":"https:\/\/fonollosaturisme.cat\/es\/wp-json\/wp\/v2\/users\/3"}],"replies":[{"embeddable":true,"href":"https:\/\/fonollosaturisme.cat\/es\/wp-json\/wp\/v2\/comments?post=8598"}],"version-history":[{"count":0,"href":"https:\/\/fonollosaturisme.cat\/es\/wp-json\/wp\/v2\/pages\/8598\/revisions"}],"wp:attachment":[{"href":"https:\/\/fonollosaturisme.cat\/es\/wp-json\/wp\/v2\/media?parent=8598"}],"curies":[{"name":"wp","href":"https:\/\/api.w.org\/{rel}","templated":true}]}}