{"id":8599,"date":"2019-03-27T16:51:35","date_gmt":"2019-03-27T16:51:35","guid":{"rendered":"https:\/\/fonollosaturisme.cat\/visita-al-horno-de-fonollosa\/"},"modified":"2020-05-17T09:26:31","modified_gmt":"2020-05-17T09:26:31","slug":"visita-al-horno-de-fonollosa","status":"publish","type":"page","link":"https:\/\/fonollosaturisme.cat\/es\/visita-al-horno-de-fonollosa\/","title":{"rendered":"Visita al Horno de Fonollosa"},"content":{"rendered":"<p>Pod\u00e9is concertar una visita al Horno de Fonollosa para conocer como trabajan. Elaboran todos sus productos con ingredientes ecol\u00f3gicos y de proximidad, y los cuecen al horno de le\u00f1a.<\/p>\n<p><strong>Datos de contacto<\/strong><\/p>\n<p>Direcci\u00f3n: Plaza Major, 2 \u2013 08259 Fonollosa.<\/p>\n<p>Tel\u00e9fono: 699000774 \/ 938366854<\/p>\n<p>Correo electr\u00f3nico: forndefonollosa@gmail.com<\/p>\n","protected":false},"excerpt":{"rendered":"<p>Pod\u00e9is concertar una visita al Horno de Fonollosa para conocer como trabajan. Elaboran todos sus productos con ingredientes ecol\u00f3gicos y de proximidad, y los cuecen al horno de le\u00f1a. Datos de contacto Direcci\u00f3n: Plaza Major, 2 \u2013 08259 Fonollosa. Tel\u00e9fono: 699000774 \/ 938366854 Correo electr\u00f3nico: forndefonollosa@gmail.com<\/p>\n","protected":false},"author":3,"featured_media":0,"parent":0,"menu_order":0,"comment_status":"closed","ping_status":"closed","template":"","meta":{"_acf_changed":false,"footnotes":""},"class_list":["post-8599","page","type-page","status-publish","hentry"],"acf":[],"_links":{"self":[{"href":"https:\/\/fonollosaturisme.cat\/es\/wp-json\/wp\/v2\/pages\/8599","targetHints":{"allow":["GET"]}}],"collection":[{"href":"https:\/\/fonollosaturisme.cat\/es\/wp-json\/wp\/v2\/pages"}],"about":[{"href":"https:\/\/fonollosaturisme.cat\/es\/wp-json\/wp\/v2\/types\/page"}],"author":[{"embeddable":true,"href":"https:\/\/fonollosaturisme.cat\/es\/wp-json\/wp\/v2\/users\/3"}],"replies":[{"embeddable":true,"href":"https:\/\/fonollosaturisme.cat\/es\/wp-json\/wp\/v2\/comments?post=8599"}],"version-history":[{"count":1,"href":"https:\/\/fonollosaturisme.cat\/es\/wp-json\/wp\/v2\/pages\/8599\/revisions"}],"predecessor-version":[{"id":8668,"href":"https:\/\/fonollosaturisme.cat\/es\/wp-json\/wp\/v2\/pages\/8599\/revisions\/8668"}],"wp:attachment":[{"href":"https:\/\/fonollosaturisme.cat\/es\/wp-json\/wp\/v2\/media?parent=8599"}],"curies":[{"name":"wp","href":"https:\/\/api.w.org\/{rel}","templated":true}]}}