{"id":8602,"date":"2019-03-27T16:59:24","date_gmt":"2019-03-27T16:59:24","guid":{"rendered":"https:\/\/fonollosaturisme.cat\/el-baile-de-la-almorratxa-y-el-aplec-del-grau\/"},"modified":"2019-03-27T16:59:24","modified_gmt":"2019-03-27T16:59:24","slug":"el-baile-de-la-almorratxa-y-el-aplec-del-grau","status":"publish","type":"page","link":"https:\/\/fonollosaturisme.cat\/es\/el-baile-de-la-almorratxa-y-el-aplec-del-grau\/","title":{"rendered":"El baile de la Almorratxa y el aplec del Grau"},"content":{"rendered":"<p>El tradicional Baile de la Almorratxa se baila juntamente con el Baile de Cascabeles y las Corrandas de Fals, en el aplec o romer\u00eda del Grau, en la explanada de las encinas del Grau, al son de una cobla, que acaba el baile con una audici\u00f3n de Sardanas para todos los asistentes.<\/p>\n<p>Es un baile muy antiguo. El s\u00edmbolo caracter\u00edstico del baile es la almarraja (almorratxa o morratxa en catal\u00e1n), un peque\u00f1o recipiente de vidrio, de cuerpo ventrudo como un c\u00e1ntaro, pero con un ca\u00f1o grande central en lugar de asa, y cuatro ca\u00f1os finos alrededor del grande. Se llena, en general, con agua de olor (agua de rosas o agua con esencias de rosas) y se adorna con flores y cintas de colores. Son un tipo de atributo de las Mayoralas del Roser y de otras cofrad\u00edas, y de los bastoneros de varios bailes, quienes las utilizan para rociar con su contenido a los espectadores; por este motivo llevar la almarraja, en un baile, tiene un sentido de superioridad y equivale a una distinci\u00f3n.<\/p>\n<p>En Fals, el Baile de la Almorratxa lo baila una pareja sola que, generalmente, y casi cada a\u00f1o, es la que se casar\u00e1 durante el pr\u00f3ximo a\u00f1o. Antiguamente, las dos casas encargadas de la fiesta eran las que llevaban a los bailadores, una llevaba el chico y la otra la chica. Si una de las casas no ten\u00eda la chica la buscaba en una parienta o prima. Tambi\u00e9n hab\u00eda sido bailado, antiguamente, por la hija de la Mayorala mayor y el administrador de la fiesta.<\/p>\n<p>La almarraja, que se guarda desde hace muchos a\u00f1os en la ermita del Grau, la lleva el chico que, en un momento dado del baile, la da a la\u00a0 chica. Al finalizar el baile, los bailadores hacen un recorrido rociando con la colonia de la almarraja los pa\u00f1uelos de los asistentes que lo desean. Seguidamente, la pareja que la bail\u00f3 el a\u00f1o anterior pone las cintas con los nombres de los bailadores en la almarraja.\u00a0Este gesto simboliza el traspaso de cargos t\u00edpico de las cofrad\u00edas.<\/p>\n<p>En Fals, este baile tambi\u00e9n tiene una expresi\u00f3n de anuncio de boda, cosa que no pasa en otros lugares donde se baila. Es una expresi\u00f3n de gozo para la pareja que lo baila y una manera de distinci\u00f3n hacia otras parejas del pueblo, puesto que los dos, o al menos uno, tienen que ser de Fals.<\/p>\n<p>Tradicionalmente, el vestuario que utilizaban los bailadores era el que ten\u00edan que \u201carreglar\u201d, y cada uno llevaba el suyo. Hace unos a\u00f1os se hizo un elegante vestuario de d\u00eda de fiesta que se pasa, cada a\u00f1o, a los bailadores.<\/p>\n<p>La Asociaci\u00f3n Cultural y Recreativa de Fals es la encargada de cuidarse de la fiesta.<\/p>\n<p>Para m\u00e1s informaci\u00f3n, clicad\u00a0<a href=\"https:\/\/fonollosaturisme.cat\/el-ball-de-lalmorratxa\/\">aqu\u00ed<\/a>.<\/p>\n<p><strong>El baile de cascabeles<\/strong><\/p>\n<p>Es un baile que se baila primitivamente por hombres que llevaban cascabeles en las piernas y que los hac\u00edan sonar en sus evoluciones. Est\u00e1 muy extendido en la Catalunya Central, donde se encuentra documentado desde el siglo XIV.\u00a0El baile de cascabeles de Fals queda realmente unido al pueblo con una fuerte personalidad. Tradicionalmente era bailado por hombres, pero desde los a\u00f1os sesenta se incorporaron mujeres. Se baila por Caramelles y en el Aplec del Grau.<\/p>\n<p><strong>Las corrandas de Fals<\/strong><\/p>\n<p>Con la misma melod\u00eda que el Baile de la Almorratxa, que est\u00e1 en comp\u00e1s ternario, pero pasada a comp\u00e1s binario, por lo tanto con ritmo m\u00e1s r\u00e1pido y con los acentos cambiados, se bailan las Corrandas de Fals. Se montaron a partir de las partituras que se guardaban en el \u201cGrauet\u201d, y se bailan como cierre del aplec desde 1977.<\/p>\n<p>Las pueden bailar un nombre variado de parejas, siempre que sean pares. En el \u00faltimo comp\u00e1s hacen un corro y, seguidamente, en grupos de dos parejas los chicos levantan a las chicas por los codos y ellas se agarran a los hombros de los chicos. La expectaci\u00f3n del p\u00fablico est\u00e1 en ver qu\u00e9 grupo aguanta m\u00e1s rato con las chicas arriba.<\/p>\n","protected":false},"excerpt":{"rendered":"<p>El tradicional Baile de la Almorratxa se baila juntamente con el Baile de Cascabeles y las Corrandas de Fals, en el aplec o romer\u00eda del Grau, en la explanada de las encinas del Grau, al son de una cobla, que acaba el baile con una audici\u00f3n de Sardanas para todos los asistentes. Es un baile&#8230;<\/p>\n","protected":false},"author":1,"featured_media":0,"parent":0,"menu_order":2,"comment_status":"closed","ping_status":"closed","template":"","meta":{"_acf_changed":false,"footnotes":""},"class_list":["post-8602","page","type-page","status-publish","hentry"],"acf":[],"_links":{"self":[{"href":"https:\/\/fonollosaturisme.cat\/es\/wp-json\/wp\/v2\/pages\/8602","targetHints":{"allow":["GET"]}}],"collection":[{"href":"https:\/\/fonollosaturisme.cat\/es\/wp-json\/wp\/v2\/pages"}],"about":[{"href":"https:\/\/fonollosaturisme.cat\/es\/wp-json\/wp\/v2\/types\/page"}],"author":[{"embeddable":true,"href":"https:\/\/fonollosaturisme.cat\/es\/wp-json\/wp\/v2\/users\/1"}],"replies":[{"embeddable":true,"href":"https:\/\/fonollosaturisme.cat\/es\/wp-json\/wp\/v2\/comments?post=8602"}],"version-history":[{"count":0,"href":"https:\/\/fonollosaturisme.cat\/es\/wp-json\/wp\/v2\/pages\/8602\/revisions"}],"wp:attachment":[{"href":"https:\/\/fonollosaturisme.cat\/es\/wp-json\/wp\/v2\/media?parent=8602"}],"curies":[{"name":"wp","href":"https:\/\/api.w.org\/{rel}","templated":true}]}}