{"id":8603,"date":"2019-03-27T17:00:53","date_gmt":"2019-03-27T17:00:53","guid":{"rendered":"https:\/\/fonollosaturisme.cat\/vesprades-sota-lalzina-atardeceres-bajo-la-encina\/"},"modified":"2019-03-27T17:00:53","modified_gmt":"2019-03-27T17:00:53","slug":"vesprades-sota-lalzina-atardeceres-bajo-la-encina","status":"publish","type":"page","link":"https:\/\/fonollosaturisme.cat\/es\/vesprades-sota-lalzina-atardeceres-bajo-la-encina\/","title":{"rendered":"Vesprades sota l&#8217;Alzina (Atardeceres bajo la Encina)"},"content":{"rendered":"<p><strong>Vesprades sota l\u2019Alzina de Fonollosa<\/strong> es una propuesta cultural de verano que se enmarca en el entorno natural de la incomparable <strong>Encina centenaria del Mas Querol de Fonollosa <\/strong>(ver foto superior), declarada \u00c1rbol Monumental de Catalunya.<\/p>\n<p>En ediciones pasadas, artistas como Els Catarres, Andreu Rif\u00e9, Gerard Quintana y Jordi Batiste, Els Amics de les Arts, Beth, Cesk Freixas, Anna Roig y l\u2019Ombre de Ton Chien o Carles Belda han actuado bajo la Encina. Una propuesta que pone en contacto m\u00fasica y naturaleza y que se ha hecho lugar en la oferta cultural de las noches de verano en el Bages.<\/p>\n<p>Desde la Comisi\u00f3n Vesprades de l\u2019ACR de Fonollosa os invitamos a participar en unos atardeceres inolvidables bajo la Encina, en medio de bosques y campos, envueltos de magia, tranquilidad y de la buena m\u00fasica que nos ofrecer\u00e1n.<\/p>\n<p>Pod\u00e9is encontrar m\u00e1s informaci\u00f3n sobre la programaci\u00f3n y los artistas invitados en\u00a0<a href=\"http:\/\/www.vesprades.cat\/\" target=\"_blank\" rel=\"noopener\">www.vesprades.cat<\/a><\/p>\n","protected":false},"excerpt":{"rendered":"<p>Vesprades sota l\u2019Alzina de Fonollosa es una propuesta cultural de verano que se enmarca en el entorno natural de la incomparable Encina centenaria del Mas Querol de Fonollosa (ver foto superior), declarada \u00c1rbol Monumental de Catalunya. En ediciones pasadas, artistas como Els Catarres, Andreu Rif\u00e9, Gerard Quintana y Jordi Batiste, Els Amics de les Arts,&#8230;<\/p>\n","protected":false},"author":3,"featured_media":0,"parent":0,"menu_order":3,"comment_status":"closed","ping_status":"closed","template":"","meta":{"_acf_changed":false,"footnotes":""},"class_list":["post-8603","page","type-page","status-publish","hentry"],"acf":[],"_links":{"self":[{"href":"https:\/\/fonollosaturisme.cat\/es\/wp-json\/wp\/v2\/pages\/8603","targetHints":{"allow":["GET"]}}],"collection":[{"href":"https:\/\/fonollosaturisme.cat\/es\/wp-json\/wp\/v2\/pages"}],"about":[{"href":"https:\/\/fonollosaturisme.cat\/es\/wp-json\/wp\/v2\/types\/page"}],"author":[{"embeddable":true,"href":"https:\/\/fonollosaturisme.cat\/es\/wp-json\/wp\/v2\/users\/3"}],"replies":[{"embeddable":true,"href":"https:\/\/fonollosaturisme.cat\/es\/wp-json\/wp\/v2\/comments?post=8603"}],"version-history":[{"count":0,"href":"https:\/\/fonollosaturisme.cat\/es\/wp-json\/wp\/v2\/pages\/8603\/revisions"}],"wp:attachment":[{"href":"https:\/\/fonollosaturisme.cat\/es\/wp-json\/wp\/v2\/media?parent=8603"}],"curies":[{"name":"wp","href":"https:\/\/api.w.org\/{rel}","templated":true}]}}