{"id":8604,"date":"2019-03-27T17:02:32","date_gmt":"2019-03-27T17:02:32","guid":{"rendered":"https:\/\/fonollosaturisme.cat\/el-pessebre-vivent-del-bages-belen-viviente-del-bages\/"},"modified":"2019-03-27T17:02:32","modified_gmt":"2019-03-27T17:02:32","slug":"el-pessebre-vivent-del-bages-belen-viviente-del-bages","status":"publish","type":"page","link":"https:\/\/fonollosaturisme.cat\/es\/el-pessebre-vivent-del-bages-belen-viviente-del-bages\/","title":{"rendered":"El Pessebre Vivent del Bages (Bel\u00e9n viviente del Bages)"},"content":{"rendered":"<p>El <a href=\"http:\/\/www.pessebre.cat\" target=\"_blank\" rel=\"noopener\">PESSEBRE VIVENT DEL BAGES<\/a>\u00a0es uno de los que hace m\u00e1s a\u00f1os que se organiza en nuestro pa\u00eds. Sus or\u00edgenes se remontan a la\u00a0Navidad de 1977. Inicialmente el nombre era Pessebre Vivent de Fals, y desde 1980 consigui\u00f3 trascender\u00a0el \u00e1mbito local cuando pas\u00f3 a llamarse \u201cPessebre Vivent del Bages\u201d.\u00a0El espect\u00e1culo est\u00e1 muy arraigado en el pueblo y disfruta de gran prestigio y difusi\u00f3n por toda Catalunya.<\/p>\n<p>Cada Navidad se hacen unas diecis\u00e9is representaciones y en ellas <strong>participan aproximadamente 260 personas<\/strong> de los pueblos de Fals, Rajadell y de otras poblaciones de los alrededores, pero el reconocimiento m\u00e1s importante son las <strong>personas de todo Catalunya que cada a\u00f1o lo visitan.<\/strong><\/p>\n<p>Cada a\u00f1o se invita a una persona vinculada a la cultura y tradiciones populares a escribir el pr\u00f3logo del programa de mano del Pessebre Vivent.<\/p>\n<p>En el a\u00f1o 1992, el Pessebre Vivent del Bages fue galardonado por parte del Departament de Cultura de la Generalitat de Catalunya con uno de los premios nacionales de cultura popular, con el <strong>Premi a la Millor Iniciativa Art\u00edstica Popular<\/strong>. El pessebre tambi\u00e9n ha sido merecedor de otros premios importantes como son: <strong>Premi el 7 de L\u2019Escena<\/strong> de Regi\u00f3 7 (a\u00f1o 1991); <strong>Premi Ateneus<\/strong> (1992) y el <strong>Premi Jove Cambra de Manresa<\/strong> (2001).<\/p>\n","protected":false},"excerpt":{"rendered":"<p>El PESSEBRE VIVENT DEL BAGES\u00a0es uno de los que hace m\u00e1s a\u00f1os que se organiza en nuestro pa\u00eds. Sus or\u00edgenes se remontan a la\u00a0Navidad de 1977. Inicialmente el nombre era Pessebre Vivent de Fals, y desde 1980 consigui\u00f3 trascender\u00a0el \u00e1mbito local cuando pas\u00f3 a llamarse \u201cPessebre Vivent del Bages\u201d.\u00a0El espect\u00e1culo est\u00e1 muy arraigado en el&#8230;<\/p>\n","protected":false},"author":1,"featured_media":8164,"parent":0,"menu_order":4,"comment_status":"closed","ping_status":"closed","template":"","meta":{"_acf_changed":false,"footnotes":""},"class_list":["post-8604","page","type-page","status-publish","has-post-thumbnail","hentry"],"acf":[],"_links":{"self":[{"href":"https:\/\/fonollosaturisme.cat\/es\/wp-json\/wp\/v2\/pages\/8604","targetHints":{"allow":["GET"]}}],"collection":[{"href":"https:\/\/fonollosaturisme.cat\/es\/wp-json\/wp\/v2\/pages"}],"about":[{"href":"https:\/\/fonollosaturisme.cat\/es\/wp-json\/wp\/v2\/types\/page"}],"author":[{"embeddable":true,"href":"https:\/\/fonollosaturisme.cat\/es\/wp-json\/wp\/v2\/users\/1"}],"replies":[{"embeddable":true,"href":"https:\/\/fonollosaturisme.cat\/es\/wp-json\/wp\/v2\/comments?post=8604"}],"version-history":[{"count":0,"href":"https:\/\/fonollosaturisme.cat\/es\/wp-json\/wp\/v2\/pages\/8604\/revisions"}],"wp:featuredmedia":[{"embeddable":true,"href":"https:\/\/fonollosaturisme.cat\/es\/wp-json\/wp\/v2\/media\/8164"}],"wp:attachment":[{"href":"https:\/\/fonollosaturisme.cat\/es\/wp-json\/wp\/v2\/media?parent=8604"}],"curies":[{"name":"wp","href":"https:\/\/api.w.org\/{rel}","templated":true}]}}