{"id":8605,"date":"2019-03-27T17:04:12","date_gmt":"2019-03-27T17:04:12","guid":{"rendered":"https:\/\/fonollosaturisme.cat\/la-nit-viva-de-fonollosa\/"},"modified":"2019-03-27T17:04:12","modified_gmt":"2019-03-27T17:04:12","slug":"la-nit-viva-de-fonollosa","status":"publish","type":"page","link":"https:\/\/fonollosaturisme.cat\/es\/la-nit-viva-de-fonollosa\/","title":{"rendered":"La nit viva de Fonollosa"},"content":{"rendered":"<p>La <a href=\"http:\/\/www.nitviva.cat\" target=\"_blank\" rel=\"noopener\"><strong>NIT VIVA<\/strong><\/a> es un espect\u00e1culo que recrea la vida de campo en Catalunya de hace m\u00e1s de un siglo y que combina cuadros de oficios antiguos y bel\u00e9n.<\/p>\n<p>La representaci\u00f3n transcurre por las calles e interior de casas centenarias del Raval del Sastre del pueblo de Fonollosa (Bages) y participan m\u00e1s de 190 personas de los pueblos de Fonollosa, Camps, Aguilar de Segarra y cercan\u00edas.<\/p>\n<p>La <strong>NIT VIVA<\/strong>, es una mirada a nuestros or\u00edgenes rurales y catalanes; es la recuperaci\u00f3n de unas costumbres ya olvidadas; es el amor por la tierra; es la representaci\u00f3n del esfuerzo, el fruto de un trabajo, la ilusi\u00f3n,\u2026<\/p>\n<p>En medio de una noche quieta y fr\u00eda una estrella nos ilumina, y el calor de unos payeses\u00a0 nos anuncia que tenemos que abrir las puertas a la imaginaci\u00f3n\u2026<\/p>\n<p>\u00a1Os invitamos a acompa\u00f1arnos!<\/p>\n<p><strong>C\u00f3mo llegar:<\/strong><\/p>\n<p>\u2013 Por el <u>Eix Transversal<\/u> (C-25):<\/p>\n<p>Viniendo de direcci\u00f3n Calaf, <u>salida 114<\/u> \u2013 Viniendo de direcci\u00f3n Manresa, <u>salida 123<\/u>.<\/p>\n<p>\u2013 Por la carretera <u>BV-3008<\/u>, desde Sant Joan de Vilatorrada.<\/p>\n<p>Para saber como llegar a Fonollosa desde un lugar concreto, clicad <a href=\"https:\/\/maps.google.com\/maps?f=d&amp;source=s_d&amp;saddr=&amp;daddr=Plaza+Mayor,+1,+08259+Fonollosa,+Spain+%28Associaci%C3%B3+Cultural+i+Recreativa+Fonollosa%29&amp;hl=ca&amp;geocode=FTVCfQIdUXcZACGtXLk5cN7mYCmlBEzL5U-kEjGDpvPHPo9C_w&amp;mra=ltm&amp;sll=41.76355,1.669058&amp;sspn=0.000942,0.002642&amp;ie=UTF8&amp;z=15\" target=\"_blank\" rel=\"noopener\">aqu\u00ed <\/a>(enlace Google Maps).<\/p>\n","protected":false},"excerpt":{"rendered":"<p>La NIT VIVA es un espect\u00e1culo que recrea la vida de campo en Catalunya de hace m\u00e1s de un siglo y que combina cuadros de oficios antiguos y bel\u00e9n. La representaci\u00f3n transcurre por las calles e interior de casas centenarias del Raval del Sastre del pueblo de Fonollosa (Bages) y participan m\u00e1s de 190 personas&#8230;<\/p>\n","protected":false},"author":1,"featured_media":0,"parent":0,"menu_order":5,"comment_status":"closed","ping_status":"closed","template":"","meta":{"_acf_changed":false,"footnotes":""},"class_list":["post-8605","page","type-page","status-publish","hentry"],"acf":[],"_links":{"self":[{"href":"https:\/\/fonollosaturisme.cat\/es\/wp-json\/wp\/v2\/pages\/8605","targetHints":{"allow":["GET"]}}],"collection":[{"href":"https:\/\/fonollosaturisme.cat\/es\/wp-json\/wp\/v2\/pages"}],"about":[{"href":"https:\/\/fonollosaturisme.cat\/es\/wp-json\/wp\/v2\/types\/page"}],"author":[{"embeddable":true,"href":"https:\/\/fonollosaturisme.cat\/es\/wp-json\/wp\/v2\/users\/1"}],"replies":[{"embeddable":true,"href":"https:\/\/fonollosaturisme.cat\/es\/wp-json\/wp\/v2\/comments?post=8605"}],"version-history":[{"count":0,"href":"https:\/\/fonollosaturisme.cat\/es\/wp-json\/wp\/v2\/pages\/8605\/revisions"}],"wp:attachment":[{"href":"https:\/\/fonollosaturisme.cat\/es\/wp-json\/wp\/v2\/media?parent=8605"}],"curies":[{"name":"wp","href":"https:\/\/api.w.org\/{rel}","templated":true}]}}