{"id":8606,"date":"2019-03-27T17:05:50","date_gmt":"2019-03-27T17:05:50","guid":{"rendered":"https:\/\/fonollosaturisme.cat\/cantadas-de-gozos\/"},"modified":"2019-03-27T17:05:50","modified_gmt":"2019-03-27T17:05:50","slug":"cantadas-de-gozos","status":"publish","type":"page","link":"https:\/\/fonollosaturisme.cat\/es\/cantadas-de-gozos\/","title":{"rendered":"Cantadas de Gozos"},"content":{"rendered":"<p>Los Gozos son composiciones po\u00e9ticas para ser cantadas, generalmente, en alabanza a la Virgen o a un santo. En Fals, se cantan al final de la Misa solemne en la celebraci\u00f3n del Aplec en la ermita de la Virgen del Grau. Y en Fonollosa se cantan por la fiesta Mayor del pueblo.<\/p>\n<p>En el Aplec del Grau, despu\u00e9s de la bendici\u00f3n del pan o panecillo y del canto de los gozos se organizaba, antiguamente, una procesi\u00f3n alrededor de la ermita. Las se\u00f1oras administradoras (mayoralas), acompa\u00f1adas de j\u00f3venes del pueblo, daban un ramillete de flores, y los administradores repart\u00edan vino a los pobres. Actualmente, un vez acabada la misa tambi\u00e9n se reparte un ramillete de hierbas arom\u00e1ticas, que est\u00e1n engalanadas con cintas de colores, a todos los asistentes. Hoy en d\u00eda, los panecillos ya no los aportan los antiguos administradores de la fiesta (priores, mayorales o pavordes), sino que todo el mundo puede colaborar en el gasto que supone el pan y toda la fiesta.<\/p>\n<p>En Camps, en el mes de mayo, despu\u00e9s de la misa de Fiesta Mayor, se cantan los Gozos en alabanza del Santo Cristo de Camps.<\/p>\n<p>El rico patrimonio local por lo que respecta a esta tipolog\u00eda de composiciones po\u00e9ticas se completa en el municipio con otros gozos, como los de Santa Justa y Santa Rufina de Fonollosa, y los de Sant Pere de Torreblanca (de la mas\u00eda Can Oms de Fals), si bien en todos estos casos se ha perdido la tradici\u00f3n del canto.<\/p>\n","protected":false},"excerpt":{"rendered":"<p>Los Gozos son composiciones po\u00e9ticas para ser cantadas, generalmente, en alabanza a la Virgen o a un santo. En Fals, se cantan al final de la Misa solemne en la celebraci\u00f3n del Aplec en la ermita de la Virgen del Grau. Y en Fonollosa se cantan por la fiesta Mayor del pueblo. En el Aplec&#8230;<\/p>\n","protected":false},"author":3,"featured_media":0,"parent":0,"menu_order":7,"comment_status":"closed","ping_status":"closed","template":"","meta":{"_acf_changed":false,"footnotes":""},"class_list":["post-8606","page","type-page","status-publish","hentry"],"acf":[],"_links":{"self":[{"href":"https:\/\/fonollosaturisme.cat\/es\/wp-json\/wp\/v2\/pages\/8606","targetHints":{"allow":["GET"]}}],"collection":[{"href":"https:\/\/fonollosaturisme.cat\/es\/wp-json\/wp\/v2\/pages"}],"about":[{"href":"https:\/\/fonollosaturisme.cat\/es\/wp-json\/wp\/v2\/types\/page"}],"author":[{"embeddable":true,"href":"https:\/\/fonollosaturisme.cat\/es\/wp-json\/wp\/v2\/users\/3"}],"replies":[{"embeddable":true,"href":"https:\/\/fonollosaturisme.cat\/es\/wp-json\/wp\/v2\/comments?post=8606"}],"version-history":[{"count":0,"href":"https:\/\/fonollosaturisme.cat\/es\/wp-json\/wp\/v2\/pages\/8606\/revisions"}],"wp:attachment":[{"href":"https:\/\/fonollosaturisme.cat\/es\/wp-json\/wp\/v2\/media?parent=8606"}],"curies":[{"name":"wp","href":"https:\/\/api.w.org\/{rel}","templated":true}]}}